{"id":2859,"date":"2024-08-20T13:57:00","date_gmt":"2024-08-20T11:57:00","guid":{"rendered":"https:\/\/ntbxray.com\/pci-card-scanner\/"},"modified":"2025-02-04T12:05:38","modified_gmt":"2025-02-04T11:05:38","slug":"pci-card-scanner","status":"publish","type":"page","link":"https:\/\/ntbxray.com\/en\/products\/digital-x-ray-scanner\/pci-card-scanner\/","title":{"rendered":"PCI Card Scanner"},"content":{"rendered":"<div class=\"wpb-content-wrapper\"><p>[vc_row css=&#8221;.vc_custom_1724154911780{padding-bottom: 55px !important;}&#8221;][vc_column]<div id=\"ultimate-heading-459269e1fd77634df\" class=\"uvc-heading ult-adjust-bottom-margin ultimate-heading-459269e1fd77634df uvc-2730  uvc-heading-default-font-sizes\" data-hspacer=\"no_spacer\"  data-halign=\"center\" style=\"text-align:center\"><div class=\"uvc-heading-spacer no_spacer\" style=\"top\"><\/div><div class=\"uvc-main-heading ult-responsive\"  data-ultimate-target='.uvc-heading.ultimate-heading-459269e1fd77634df h1'  data-responsive-json-new='{\"font-size\":\"\",\"line-height\":\"\"}' ><h1 style=\"--font-weight:theme;\">PCI Card of the Scanner<\/h1><\/div><div class=\"uvc-sub-heading ult-responsive\"  data-ultimate-target='.uvc-heading.ultimate-heading-459269e1fd77634df .uvc-sub-heading '  data-responsive-json-new='{\"font-size\":\"\",\"line-height\":\"\"}'  style=\"font-weight:normal;margin-top:15px;\">Technical Data<\/div><\/div>[\/vc_column][\/vc_row][vc_row css_animation=&#8221;zoomIn&#8221;][vc_column][vc_separator border_width=&#8221;2&#8243; css=&#8221;.vc_custom_1724154976617{padding-bottom: 10px !important;}&#8221;][vc_column_text css=&#8221;&#8221;]\n<table id=\"tablepress-7\" class=\"tablepress tablepress-id-7 tbody-has-connected-cells\">\n<tbody class=\"row-striping row-hover\">\n<tr class=\"row-1\">\n\t<td class=\"column-1\"><strong>Max. Verarbeitungsgeschwindigkeit<\/strong><\/td><td colspan=\"2\" class=\"column-2\"><center>1000 Zeilen \/ Sekunde<\/center><\/td>\n<\/tr>\n<tr class=\"row-2\">\n\t<td class=\"column-1\"><strong> Hardware-<br \/>\n  pixelbinning<\/strong><\/td><td colspan=\"2\" class=\"column-2\"><center>Ja<\/center><\/td>\n<\/tr>\n<tr class=\"row-3\">\n\t<td class=\"column-1\"><strong>Max. Aufnahmegeschwindigkeit<\/strong><\/td><td class=\"column-2\"> <center>ohne Pixelbinning<br \/>\n(Aufl\u00f6sung = 0.08 mm)<\/center><br><center>80 mm\/s = 4.8 m\/min<\/center><\/td><td class=\"column-3\"><center> mit h\u00f6chstem Pixelbinning<br \/>\n(Aufl\u00f6sung = 1.3 mm) <\/center><br><center>1333 mm\/s = 80 m\/min <\/center><\/td>\n<\/tr>\n<tr class=\"row-4\">\n\t<td class=\"column-1\"><strong>A\/D Wandler<\/strong><\/td><td colspan=\"2\" class=\"column-2\"><center>12 Bit = 4096 Graustufen <\/center><\/td>\n<\/tr>\n<tr class=\"row-5\">\n\t<td class=\"column-1\"><strong>Anzahl der Kameras pro PC<\/strong><\/td><td colspan=\"2\" class=\"column-2\"><center>1-3<\/center><\/td>\n<\/tr>\n<\/tbody>\n<\/table>\n<!-- #tablepress-7 from cache -->[\/vc_column_text][vc_separator border_width=&#8221;2&#8243; css=&#8221;.vc_custom_1724154995568{padding-top: 10px !important;}&#8221;][\/vc_column][\/vc_row]<\/p>\n<\/div>","protected":false},"excerpt":{"rendered":"<p>[vc_row css=&#8221;.vc_custom_1724154911780{padding-bottom: 55px !important;}&#8221;][vc_column][\/vc_column][\/vc_row][vc_row css_animation=&#8221;zoomIn&#8221;][vc_column][vc_separator border_width=&#8221;2&#8243; css=&#8221;.vc_custom_1724154976617{padding-bottom: 10px !important;}&#8221;][vc_column_text css=&#8221;&#8221;][\/vc_column_text][vc_separator border_width=&#8221;2&#8243; css=&#8221;.vc_custom_1724154995568{padding-top: 10px !important;}&#8221;][\/vc_column][\/vc_row]<\/p>\n","protected":false},"author":1,"featured_media":0,"parent":3021,"menu_order":0,"comment_status":"closed","ping_status":"closed","template":"","meta":{"footnotes":""},"class_list":["post-2859","page","type-page","status-publish","hentry","description-off"],"yoast_head":"<!-- This site is optimized with the Yoast SEO plugin v27.2 - https:\/\/yoast.com\/product\/yoast-seo-wordpress\/ -->\n<title>PCI Card Scanner - NTB XRAY, Digitale R\u00f6ntgenkameras und R\u00f6ntgen-Systeme f\u00fcr R\u00f6ntgenuntersuchungen, digitale R\u00f6ntgenbilder<\/title>\n<meta name=\"robots\" content=\"index, follow, max-snippet:-1, max-image-preview:large, max-video-preview:-1\" \/>\n<link rel=\"canonical\" href=\"https:\/\/ntbxray.com\/en\/products\/digital-x-ray-scanner\/pci-card-scanner\/\" \/>\n<meta property=\"og:locale\" content=\"en_US\" \/>\n<meta property=\"og:type\" content=\"article\" \/>\n<meta property=\"og:title\" content=\"PCI Card Scanner - NTB XRAY, Digitale R\u00f6ntgenkameras und R\u00f6ntgen-Systeme f\u00fcr R\u00f6ntgenuntersuchungen, digitale R\u00f6ntgenbilder\" \/>\n<meta property=\"og:description\" content=\"[vc_row css=&#8221;.vc_custom_1724154911780{padding-bottom: 55px !important;}&#8221;][vc_column][\/vc_column][\/vc_row][vc_row css_animation=&#8221;zoomIn&#8221;][vc_column][vc_separator border_width=&#8221;2&#8243; css=&#8221;.vc_custom_1724154976617{padding-bottom: 10px !important;}&#8221;][vc_column_text css=&#8221;&#8221;][\/vc_column_text][vc_separator border_width=&#8221;2&#8243; css=&#8221;.vc_custom_1724154995568{padding-top: 10px !important;}&#8221;][\/vc_column][\/vc_row]\" \/>\n<meta property=\"og:url\" content=\"https:\/\/ntbxray.com\/en\/products\/digital-x-ray-scanner\/pci-card-scanner\/\" \/>\n<meta property=\"og:site_name\" content=\"NTB XRAY, Digitale R\u00f6ntgenkameras und R\u00f6ntgen-Systeme f\u00fcr R\u00f6ntgenuntersuchungen, digitale R\u00f6ntgenbilder\" \/>\n<meta property=\"article:modified_time\" content=\"2025-02-04T11:05:38+00:00\" \/>\n<meta name=\"twitter:card\" content=\"summary_large_image\" \/>\n<script type=\"application\/ld+json\" class=\"yoast-schema-graph\">{\"@context\":\"https:\/\/schema.org\",\"@graph\":[{\"@type\":\"WebPage\",\"@id\":\"https:\/\/ntbxray.com\/en\/products\/digital-x-ray-scanner\/pci-card-scanner\/\",\"url\":\"https:\/\/ntbxray.com\/en\/products\/digital-x-ray-scanner\/pci-card-scanner\/\",\"name\":\"PCI Card Scanner - NTB XRAY, Digitale R\u00f6ntgenkameras und R\u00f6ntgen-Systeme f\u00fcr R\u00f6ntgenuntersuchungen, digitale R\u00f6ntgenbilder\",\"isPartOf\":{\"@id\":\"https:\/\/ntbxray.com\/en\/#website\"},\"datePublished\":\"2024-08-20T11:57:00+00:00\",\"dateModified\":\"2025-02-04T11:05:38+00:00\",\"breadcrumb\":{\"@id\":\"https:\/\/ntbxray.com\/en\/products\/digital-x-ray-scanner\/pci-card-scanner\/#breadcrumb\"},\"inLanguage\":\"en-US\",\"potentialAction\":[{\"@type\":\"ReadAction\",\"target\":[\"https:\/\/ntbxray.com\/en\/products\/digital-x-ray-scanner\/pci-card-scanner\/\"]}]},{\"@type\":\"BreadcrumbList\",\"@id\":\"https:\/\/ntbxray.com\/en\/products\/digital-x-ray-scanner\/pci-card-scanner\/#breadcrumb\",\"itemListElement\":[{\"@type\":\"ListItem\",\"position\":1,\"name\":\"Startseite\",\"item\":\"https:\/\/ntbxray.com\/en\/\"},{\"@type\":\"ListItem\",\"position\":2,\"name\":\"Products\",\"item\":\"https:\/\/ntbxray.com\/en\/products\/\"},{\"@type\":\"ListItem\",\"position\":3,\"name\":\"Digital X-ray scanner\",\"item\":\"https:\/\/ntbxray.com\/en\/products\/digital-x-ray-scanner\/\"},{\"@type\":\"ListItem\",\"position\":4,\"name\":\"PCI Card Scanner\"}]},{\"@type\":\"WebSite\",\"@id\":\"https:\/\/ntbxray.com\/en\/#website\",\"url\":\"https:\/\/ntbxray.com\/en\/\",\"name\":\"NTB XRAY, Digitale R\u00f6ntgenkameras und R\u00f6ntgen-Systeme f\u00fcr R\u00f6ntgenuntersuchungen, digitale R\u00f6ntgenbilder\",\"description\":\"\",\"publisher\":{\"@id\":\"https:\/\/ntbxray.com\/en\/#organization\"},\"potentialAction\":[{\"@type\":\"SearchAction\",\"target\":{\"@type\":\"EntryPoint\",\"urlTemplate\":\"https:\/\/ntbxray.com\/en\/?s={search_term_string}\"},\"query-input\":{\"@type\":\"PropertyValueSpecification\",\"valueRequired\":true,\"valueName\":\"search_term_string\"}}],\"inLanguage\":\"en-US\"},{\"@type\":\"Organization\",\"@id\":\"https:\/\/ntbxray.com\/en\/#organization\",\"name\":\"NTB XRAY, Digitale R\u00f6ntgenkameras und R\u00f6ntgen-Systeme f\u00fcr R\u00f6ntgenuntersuchungen, digitale R\u00f6ntgenbilder\",\"url\":\"https:\/\/ntbxray.com\/en\/\",\"logo\":{\"@type\":\"ImageObject\",\"inLanguage\":\"en-US\",\"@id\":\"https:\/\/ntbxray.com\/en\/#\/schema\/logo\/image\/\",\"url\":\"https:\/\/ntbxray.com\/com_ntbxray\/wp-content\/uploads\/2024\/07\/Logo_NTB_200.png\",\"contentUrl\":\"https:\/\/ntbxray.com\/com_ntbxray\/wp-content\/uploads\/2024\/07\/Logo_NTB_200.png\",\"width\":200,\"height\":86,\"caption\":\"NTB XRAY, Digitale R\u00f6ntgenkameras und R\u00f6ntgen-Systeme f\u00fcr R\u00f6ntgenuntersuchungen, digitale R\u00f6ntgenbilder\"},\"image\":{\"@id\":\"https:\/\/ntbxray.com\/en\/#\/schema\/logo\/image\/\"},\"sameAs\":[\"https:\/\/www.instagram.com\/ntbxray\",\"https:\/\/www.youtube.com\/channel\/UCf6OaEnyndr_l6nSHcn91TA\"]}]}<\/script>\n<!-- \/ Yoast SEO plugin. -->","yoast_head_json":{"title":"PCI Card Scanner - NTB XRAY, Digitale R\u00f6ntgenkameras und R\u00f6ntgen-Systeme f\u00fcr R\u00f6ntgenuntersuchungen, digitale R\u00f6ntgenbilder","robots":{"index":"index","follow":"follow","max-snippet":"max-snippet:-1","max-image-preview":"max-image-preview:large","max-video-preview":"max-video-preview:-1"},"canonical":"https:\/\/ntbxray.com\/en\/products\/digital-x-ray-scanner\/pci-card-scanner\/","og_locale":"en_US","og_type":"article","og_title":"PCI Card Scanner - NTB XRAY, Digitale R\u00f6ntgenkameras und R\u00f6ntgen-Systeme f\u00fcr R\u00f6ntgenuntersuchungen, digitale R\u00f6ntgenbilder","og_description":"[vc_row css=&#8221;.vc_custom_1724154911780{padding-bottom: 55px !important;}&#8221;][vc_column][\/vc_column][\/vc_row][vc_row css_animation=&#8221;zoomIn&#8221;][vc_column][vc_separator border_width=&#8221;2&#8243; css=&#8221;.vc_custom_1724154976617{padding-bottom: 10px !important;}&#8221;][vc_column_text css=&#8221;&#8221;][\/vc_column_text][vc_separator border_width=&#8221;2&#8243; css=&#8221;.vc_custom_1724154995568{padding-top: 10px !important;}&#8221;][\/vc_column][\/vc_row]","og_url":"https:\/\/ntbxray.com\/en\/products\/digital-x-ray-scanner\/pci-card-scanner\/","og_site_name":"NTB XRAY, Digitale R\u00f6ntgenkameras und R\u00f6ntgen-Systeme f\u00fcr R\u00f6ntgenuntersuchungen, digitale R\u00f6ntgenbilder","article_modified_time":"2025-02-04T11:05:38+00:00","twitter_card":"summary_large_image","schema":{"@context":"https:\/\/schema.org","@graph":[{"@type":"WebPage","@id":"https:\/\/ntbxray.com\/en\/products\/digital-x-ray-scanner\/pci-card-scanner\/","url":"https:\/\/ntbxray.com\/en\/products\/digital-x-ray-scanner\/pci-card-scanner\/","name":"PCI Card Scanner - NTB XRAY, Digitale R\u00f6ntgenkameras und R\u00f6ntgen-Systeme f\u00fcr R\u00f6ntgenuntersuchungen, digitale R\u00f6ntgenbilder","isPartOf":{"@id":"https:\/\/ntbxray.com\/en\/#website"},"datePublished":"2024-08-20T11:57:00+00:00","dateModified":"2025-02-04T11:05:38+00:00","breadcrumb":{"@id":"https:\/\/ntbxray.com\/en\/products\/digital-x-ray-scanner\/pci-card-scanner\/#breadcrumb"},"inLanguage":"en-US","potentialAction":[{"@type":"ReadAction","target":["https:\/\/ntbxray.com\/en\/products\/digital-x-ray-scanner\/pci-card-scanner\/"]}]},{"@type":"BreadcrumbList","@id":"https:\/\/ntbxray.com\/en\/products\/digital-x-ray-scanner\/pci-card-scanner\/#breadcrumb","itemListElement":[{"@type":"ListItem","position":1,"name":"Startseite","item":"https:\/\/ntbxray.com\/en\/"},{"@type":"ListItem","position":2,"name":"Products","item":"https:\/\/ntbxray.com\/en\/products\/"},{"@type":"ListItem","position":3,"name":"Digital X-ray scanner","item":"https:\/\/ntbxray.com\/en\/products\/digital-x-ray-scanner\/"},{"@type":"ListItem","position":4,"name":"PCI Card Scanner"}]},{"@type":"WebSite","@id":"https:\/\/ntbxray.com\/en\/#website","url":"https:\/\/ntbxray.com\/en\/","name":"NTB XRAY, Digitale R\u00f6ntgenkameras und R\u00f6ntgen-Systeme f\u00fcr R\u00f6ntgenuntersuchungen, digitale R\u00f6ntgenbilder","description":"","publisher":{"@id":"https:\/\/ntbxray.com\/en\/#organization"},"potentialAction":[{"@type":"SearchAction","target":{"@type":"EntryPoint","urlTemplate":"https:\/\/ntbxray.com\/en\/?s={search_term_string}"},"query-input":{"@type":"PropertyValueSpecification","valueRequired":true,"valueName":"search_term_string"}}],"inLanguage":"en-US"},{"@type":"Organization","@id":"https:\/\/ntbxray.com\/en\/#organization","name":"NTB XRAY, Digitale R\u00f6ntgenkameras und R\u00f6ntgen-Systeme f\u00fcr R\u00f6ntgenuntersuchungen, digitale R\u00f6ntgenbilder","url":"https:\/\/ntbxray.com\/en\/","logo":{"@type":"ImageObject","inLanguage":"en-US","@id":"https:\/\/ntbxray.com\/en\/#\/schema\/logo\/image\/","url":"https:\/\/ntbxray.com\/com_ntbxray\/wp-content\/uploads\/2024\/07\/Logo_NTB_200.png","contentUrl":"https:\/\/ntbxray.com\/com_ntbxray\/wp-content\/uploads\/2024\/07\/Logo_NTB_200.png","width":200,"height":86,"caption":"NTB XRAY, Digitale R\u00f6ntgenkameras und R\u00f6ntgen-Systeme f\u00fcr R\u00f6ntgenuntersuchungen, digitale R\u00f6ntgenbilder"},"image":{"@id":"https:\/\/ntbxray.com\/en\/#\/schema\/logo\/image\/"},"sameAs":["https:\/\/www.instagram.com\/ntbxray","https:\/\/www.youtube.com\/channel\/UCf6OaEnyndr_l6nSHcn91TA"]}]}},"_links":{"self":[{"href":"https:\/\/ntbxray.com\/en\/wp-json\/wp\/v2\/pages\/2859","targetHints":{"allow":["GET"]}}],"collection":[{"href":"https:\/\/ntbxray.com\/en\/wp-json\/wp\/v2\/pages"}],"about":[{"href":"https:\/\/ntbxray.com\/en\/wp-json\/wp\/v2\/types\/page"}],"author":[{"embeddable":true,"href":"https:\/\/ntbxray.com\/en\/wp-json\/wp\/v2\/users\/1"}],"replies":[{"embeddable":true,"href":"https:\/\/ntbxray.com\/en\/wp-json\/wp\/v2\/comments?post=2859"}],"version-history":[{"count":11,"href":"https:\/\/ntbxray.com\/en\/wp-json\/wp\/v2\/pages\/2859\/revisions"}],"predecessor-version":[{"id":2891,"href":"https:\/\/ntbxray.com\/en\/wp-json\/wp\/v2\/pages\/2859\/revisions\/2891"}],"up":[{"embeddable":true,"href":"https:\/\/ntbxray.com\/en\/wp-json\/wp\/v2\/pages\/3021"}],"wp:attachment":[{"href":"https:\/\/ntbxray.com\/en\/wp-json\/wp\/v2\/media?parent=2859"}],"curies":[{"name":"wp","href":"https:\/\/api.w.org\/{rel}","templated":true}]}}