{"id":2874,"date":"2024-08-21T16:27:11","date_gmt":"2024-08-21T14:27:11","guid":{"rendered":"https:\/\/ntbxray.com\/scope-of-delivery-u-arm\/"},"modified":"2025-02-10T11:29:21","modified_gmt":"2025-02-10T10:29:21","slug":"scope-of-delivery-u-arm","status":"publish","type":"page","link":"https:\/\/ntbxray.com\/en\/products\/digital-u-bend-camera\/scope-of-delivery-u-arm\/","title":{"rendered":"Scope of delivery U-shape camera"},"content":{"rendered":"<div class=\"wpb-content-wrapper\"><p>[vc_row css=&#8221;.vc_custom_1724250207055{padding-bottom: 60px !important;}&#8221;][vc_column]<div id=\"ultimate-heading-517669e45cbde93b7\" class=\"uvc-heading ult-adjust-bottom-margin ultimate-heading-517669e45cbde93b7 uvc-1715  uvc-heading-default-font-sizes\" data-hspacer=\"no_spacer\"  data-halign=\"center\" style=\"text-align:center\"><div class=\"uvc-heading-spacer no_spacer\" style=\"top\"><\/div><div class=\"uvc-main-heading ult-responsive\"  data-ultimate-target='.uvc-heading.ultimate-heading-517669e45cbde93b7 h1'  data-responsive-json-new='{\"font-size\":\"\",\"line-height\":\"\"}' ><h1 style=\"--font-weight:theme;\">Scope of delivery<\/h1><\/div><div class=\"uvc-sub-heading ult-responsive\"  data-ultimate-target='.uvc-heading.ultimate-heading-517669e45cbde93b7 .uvc-sub-heading '  data-responsive-json-new='{\"font-size\":\"\",\"line-height\":\"\"}'  style=\"font-weight:normal;margin-top:15px;\">All components for the U-shape X-ray system from NTB<\/div><\/div>[\/vc_column][\/vc_row][vc_row css=&#8221;.vc_custom_1729415750946{padding-bottom: 15px !important;}&#8221;][vc_column][vc_column_text css=&#8221;&#8221;]\n<table id=\"tablepress-27\" class=\"tablepress tablepress-id-27\">\n<tbody class=\"row-striping row-hover\">\n<tr class=\"row-1\">\n\t<td class=\"column-1\"><strong>X-ray-scanner<strong\/><\/td><td class=\"column-2\">- Various sizes available<br \/>\n<\/td>\n<\/tr>\n<tr class=\"row-2\">\n\t<td class=\"column-1\"><strong>PCI-Card<strong\/><\/td><td class=\"column-2\">- Number of cameras per PC: 1-3 cameras<br \/>\n- Hardware pixel binning possible<br \/>\n- Max. Processing speed: 1000 lines \/ second <br \/>\n- 12 bit = 4096 gray levels<\/td>\n<\/tr>\n<tr class=\"row-3\">\n\t<td class=\"column-1\"><strong>Three camera cables<strong\/><\/td><td class=\"column-2\">- Power supply, control signals and data transmission<br \/>\n- Standard lengths: 5 m, 7.5 m, 10 m and 20 m<\/td>\n<\/tr>\n<tr class=\"row-4\">\n\t<td class=\"column-1\"><strong>Software (iX-Pect) and or software library (DLL)<strong\/><\/td><td class=\"column-2\">- Special X-ray software<br \/>\n- Supports real-time images with infinite scrolling (e.g. for assembly line applications or tire inspections)<br \/>\n- For Windows<br \/>\n- Software library (DLL) for third-party applications<br \/>\n- User manual<\/td>\n<\/tr>\n<tr class=\"row-5\">\n\t<td class=\"column-1\"><strong>Computer (optional)<strong\/><\/td><td class=\"column-2\">- PC, fully configured<br \/>\n- 19\u2033 industrial housing<\/td>\n<\/tr>\n<\/tbody>\n<\/table>\n<!-- #tablepress-27 from cache -->[\/vc_column_text][\/vc_column][\/vc_row][vc_row][vc_column][vc_single_image image=&#8221;3169&#8243; img_size=&#8221;full&#8221; alignment=&#8221;center&#8221; onclick=&#8221;custom_link&#8221; css_animation=&#8221;fadeInUp&#8221; css=&#8221;&#8221; link=&#8221;https:\/\/ntbxray.com\/en\/?page_id=2957&#8243;][\/vc_column][\/vc_row]<\/p>\n<\/div>","protected":false},"excerpt":{"rendered":"<p>[vc_row css=&#8221;.vc_custom_1724250207055{padding-bottom: 60px !important;}&#8221;][vc_column][\/vc_column][\/vc_row][vc_row css=&#8221;.vc_custom_1729415750946{padding-bottom: 15px !important;}&#8221;][vc_column][vc_column_text css=&#8221;&#8221;][\/vc_column_text][\/vc_column][\/vc_row][vc_row][vc_column][vc_single_image image=&#8221;3169&#8243; img_size=&#8221;full&#8221; alignment=&#8221;center&#8221; onclick=&#8221;custom_link&#8221; css_animation=&#8221;fadeInUp&#8221; css=&#8221;&#8221; link=&#8221;https:\/\/ntbxray.com\/en\/?page_id=2957&#8243;][\/vc_column][\/vc_row]<\/p>\n","protected":false},"author":1,"featured_media":0,"parent":2919,"menu_order":0,"comment_status":"closed","ping_status":"closed","template":"","meta":{"footnotes":""},"class_list":["post-2874","page","type-page","status-publish","hentry","description-off"],"yoast_head":"<!-- This site is optimized with the Yoast SEO plugin v27.2 - https:\/\/yoast.com\/product\/yoast-seo-wordpress\/ -->\n<title>Scope of delivery U-shape camera - NTB XRAY, Digitale R\u00f6ntgenkameras und R\u00f6ntgen-Systeme f\u00fcr R\u00f6ntgenuntersuchungen, digitale R\u00f6ntgenbilder<\/title>\n<meta name=\"robots\" content=\"index, follow, max-snippet:-1, max-image-preview:large, max-video-preview:-1\" \/>\n<link rel=\"canonical\" href=\"https:\/\/ntbxray.com\/en\/products\/digital-u-bend-camera\/scope-of-delivery-u-arm\/\" \/>\n<meta property=\"og:locale\" content=\"en_US\" \/>\n<meta property=\"og:type\" content=\"article\" \/>\n<meta property=\"og:title\" content=\"Scope of delivery U-shape camera - NTB XRAY, Digitale R\u00f6ntgenkameras und R\u00f6ntgen-Systeme f\u00fcr R\u00f6ntgenuntersuchungen, digitale R\u00f6ntgenbilder\" \/>\n<meta property=\"og:description\" content=\"[vc_row css=&#8221;.vc_custom_1724250207055{padding-bottom: 60px !important;}&#8221;][vc_column][\/vc_column][\/vc_row][vc_row css=&#8221;.vc_custom_1729415750946{padding-bottom: 15px !important;}&#8221;][vc_column][vc_column_text css=&#8221;&#8221;][\/vc_column_text][\/vc_column][\/vc_row][vc_row][vc_column][vc_single_image image=&#8221;3169&#8243; img_size=&#8221;full&#8221; alignment=&#8221;center&#8221; onclick=&#8221;custom_link&#8221; css_animation=&#8221;fadeInUp&#8221; css=&#8221;&#8221; link=&#8221;https:\/\/ntbxray.com\/en\/?page_id=2957&#8243;][\/vc_column][\/vc_row]\" \/>\n<meta property=\"og:url\" content=\"https:\/\/ntbxray.com\/en\/products\/digital-u-bend-camera\/scope-of-delivery-u-arm\/\" \/>\n<meta property=\"og:site_name\" content=\"NTB XRAY, Digitale R\u00f6ntgenkameras und R\u00f6ntgen-Systeme f\u00fcr R\u00f6ntgenuntersuchungen, digitale R\u00f6ntgenbilder\" \/>\n<meta property=\"article:modified_time\" content=\"2025-02-10T10:29:21+00:00\" \/>\n<meta name=\"twitter:card\" content=\"summary_large_image\" \/>\n<meta name=\"twitter:label1\" content=\"Est. reading time\" \/>\n\t<meta name=\"twitter:data1\" content=\"1 minute\" \/>\n<script type=\"application\/ld+json\" class=\"yoast-schema-graph\">{\"@context\":\"https:\/\/schema.org\",\"@graph\":[{\"@type\":\"WebPage\",\"@id\":\"https:\/\/ntbxray.com\/en\/products\/digital-u-bend-camera\/scope-of-delivery-u-arm\/\",\"url\":\"https:\/\/ntbxray.com\/en\/products\/digital-u-bend-camera\/scope-of-delivery-u-arm\/\",\"name\":\"Scope of delivery U-shape camera - NTB XRAY, Digitale R\u00f6ntgenkameras und R\u00f6ntgen-Systeme f\u00fcr R\u00f6ntgenuntersuchungen, digitale R\u00f6ntgenbilder\",\"isPartOf\":{\"@id\":\"https:\/\/ntbxray.com\/en\/#website\"},\"datePublished\":\"2024-08-21T14:27:11+00:00\",\"dateModified\":\"2025-02-10T10:29:21+00:00\",\"breadcrumb\":{\"@id\":\"https:\/\/ntbxray.com\/en\/products\/digital-u-bend-camera\/scope-of-delivery-u-arm\/#breadcrumb\"},\"inLanguage\":\"en-US\",\"potentialAction\":[{\"@type\":\"ReadAction\",\"target\":[\"https:\/\/ntbxray.com\/en\/products\/digital-u-bend-camera\/scope-of-delivery-u-arm\/\"]}]},{\"@type\":\"BreadcrumbList\",\"@id\":\"https:\/\/ntbxray.com\/en\/products\/digital-u-bend-camera\/scope-of-delivery-u-arm\/#breadcrumb\",\"itemListElement\":[{\"@type\":\"ListItem\",\"position\":1,\"name\":\"Startseite\",\"item\":\"https:\/\/ntbxray.com\/en\/\"},{\"@type\":\"ListItem\",\"position\":2,\"name\":\"Products\",\"item\":\"https:\/\/ntbxray.com\/en\/products\/\"},{\"@type\":\"ListItem\",\"position\":3,\"name\":\"Digital U-shape camera\",\"item\":\"https:\/\/ntbxray.com\/en\/products\/digital-u-bend-camera\/\"},{\"@type\":\"ListItem\",\"position\":4,\"name\":\"Scope of delivery U-shape camera\"}]},{\"@type\":\"WebSite\",\"@id\":\"https:\/\/ntbxray.com\/en\/#website\",\"url\":\"https:\/\/ntbxray.com\/en\/\",\"name\":\"NTB XRAY, Digitale R\u00f6ntgenkameras und R\u00f6ntgen-Systeme f\u00fcr R\u00f6ntgenuntersuchungen, digitale R\u00f6ntgenbilder\",\"description\":\"\",\"publisher\":{\"@id\":\"https:\/\/ntbxray.com\/en\/#organization\"},\"potentialAction\":[{\"@type\":\"SearchAction\",\"target\":{\"@type\":\"EntryPoint\",\"urlTemplate\":\"https:\/\/ntbxray.com\/en\/?s={search_term_string}\"},\"query-input\":{\"@type\":\"PropertyValueSpecification\",\"valueRequired\":true,\"valueName\":\"search_term_string\"}}],\"inLanguage\":\"en-US\"},{\"@type\":\"Organization\",\"@id\":\"https:\/\/ntbxray.com\/en\/#organization\",\"name\":\"NTB XRAY, Digitale R\u00f6ntgenkameras und R\u00f6ntgen-Systeme f\u00fcr R\u00f6ntgenuntersuchungen, digitale R\u00f6ntgenbilder\",\"url\":\"https:\/\/ntbxray.com\/en\/\",\"logo\":{\"@type\":\"ImageObject\",\"inLanguage\":\"en-US\",\"@id\":\"https:\/\/ntbxray.com\/en\/#\/schema\/logo\/image\/\",\"url\":\"https:\/\/ntbxray.com\/com_ntbxray\/wp-content\/uploads\/2024\/07\/Logo_NTB_200.png\",\"contentUrl\":\"https:\/\/ntbxray.com\/com_ntbxray\/wp-content\/uploads\/2024\/07\/Logo_NTB_200.png\",\"width\":200,\"height\":86,\"caption\":\"NTB XRAY, Digitale R\u00f6ntgenkameras und R\u00f6ntgen-Systeme f\u00fcr R\u00f6ntgenuntersuchungen, digitale R\u00f6ntgenbilder\"},\"image\":{\"@id\":\"https:\/\/ntbxray.com\/en\/#\/schema\/logo\/image\/\"},\"sameAs\":[\"https:\/\/www.instagram.com\/ntbxray\",\"https:\/\/www.youtube.com\/channel\/UCf6OaEnyndr_l6nSHcn91TA\"]}]}<\/script>\n<!-- \/ Yoast SEO plugin. -->","yoast_head_json":{"title":"Scope of delivery U-shape camera - NTB XRAY, Digitale R\u00f6ntgenkameras und R\u00f6ntgen-Systeme f\u00fcr R\u00f6ntgenuntersuchungen, digitale R\u00f6ntgenbilder","robots":{"index":"index","follow":"follow","max-snippet":"max-snippet:-1","max-image-preview":"max-image-preview:large","max-video-preview":"max-video-preview:-1"},"canonical":"https:\/\/ntbxray.com\/en\/products\/digital-u-bend-camera\/scope-of-delivery-u-arm\/","og_locale":"en_US","og_type":"article","og_title":"Scope of delivery U-shape camera - NTB XRAY, Digitale R\u00f6ntgenkameras und R\u00f6ntgen-Systeme f\u00fcr R\u00f6ntgenuntersuchungen, digitale R\u00f6ntgenbilder","og_description":"[vc_row css=&#8221;.vc_custom_1724250207055{padding-bottom: 60px !important;}&#8221;][vc_column][\/vc_column][\/vc_row][vc_row css=&#8221;.vc_custom_1729415750946{padding-bottom: 15px !important;}&#8221;][vc_column][vc_column_text css=&#8221;&#8221;][\/vc_column_text][\/vc_column][\/vc_row][vc_row][vc_column][vc_single_image image=&#8221;3169&#8243; img_size=&#8221;full&#8221; alignment=&#8221;center&#8221; onclick=&#8221;custom_link&#8221; css_animation=&#8221;fadeInUp&#8221; css=&#8221;&#8221; link=&#8221;https:\/\/ntbxray.com\/en\/?page_id=2957&#8243;][\/vc_column][\/vc_row]","og_url":"https:\/\/ntbxray.com\/en\/products\/digital-u-bend-camera\/scope-of-delivery-u-arm\/","og_site_name":"NTB XRAY, Digitale R\u00f6ntgenkameras und R\u00f6ntgen-Systeme f\u00fcr R\u00f6ntgenuntersuchungen, digitale R\u00f6ntgenbilder","article_modified_time":"2025-02-10T10:29:21+00:00","twitter_card":"summary_large_image","twitter_misc":{"Est. reading time":"1 minute"},"schema":{"@context":"https:\/\/schema.org","@graph":[{"@type":"WebPage","@id":"https:\/\/ntbxray.com\/en\/products\/digital-u-bend-camera\/scope-of-delivery-u-arm\/","url":"https:\/\/ntbxray.com\/en\/products\/digital-u-bend-camera\/scope-of-delivery-u-arm\/","name":"Scope of delivery U-shape camera - NTB XRAY, Digitale R\u00f6ntgenkameras und R\u00f6ntgen-Systeme f\u00fcr R\u00f6ntgenuntersuchungen, digitale R\u00f6ntgenbilder","isPartOf":{"@id":"https:\/\/ntbxray.com\/en\/#website"},"datePublished":"2024-08-21T14:27:11+00:00","dateModified":"2025-02-10T10:29:21+00:00","breadcrumb":{"@id":"https:\/\/ntbxray.com\/en\/products\/digital-u-bend-camera\/scope-of-delivery-u-arm\/#breadcrumb"},"inLanguage":"en-US","potentialAction":[{"@type":"ReadAction","target":["https:\/\/ntbxray.com\/en\/products\/digital-u-bend-camera\/scope-of-delivery-u-arm\/"]}]},{"@type":"BreadcrumbList","@id":"https:\/\/ntbxray.com\/en\/products\/digital-u-bend-camera\/scope-of-delivery-u-arm\/#breadcrumb","itemListElement":[{"@type":"ListItem","position":1,"name":"Startseite","item":"https:\/\/ntbxray.com\/en\/"},{"@type":"ListItem","position":2,"name":"Products","item":"https:\/\/ntbxray.com\/en\/products\/"},{"@type":"ListItem","position":3,"name":"Digital U-shape camera","item":"https:\/\/ntbxray.com\/en\/products\/digital-u-bend-camera\/"},{"@type":"ListItem","position":4,"name":"Scope of delivery U-shape camera"}]},{"@type":"WebSite","@id":"https:\/\/ntbxray.com\/en\/#website","url":"https:\/\/ntbxray.com\/en\/","name":"NTB XRAY, Digitale R\u00f6ntgenkameras und R\u00f6ntgen-Systeme f\u00fcr R\u00f6ntgenuntersuchungen, digitale R\u00f6ntgenbilder","description":"","publisher":{"@id":"https:\/\/ntbxray.com\/en\/#organization"},"potentialAction":[{"@type":"SearchAction","target":{"@type":"EntryPoint","urlTemplate":"https:\/\/ntbxray.com\/en\/?s={search_term_string}"},"query-input":{"@type":"PropertyValueSpecification","valueRequired":true,"valueName":"search_term_string"}}],"inLanguage":"en-US"},{"@type":"Organization","@id":"https:\/\/ntbxray.com\/en\/#organization","name":"NTB XRAY, Digitale R\u00f6ntgenkameras und R\u00f6ntgen-Systeme f\u00fcr R\u00f6ntgenuntersuchungen, digitale R\u00f6ntgenbilder","url":"https:\/\/ntbxray.com\/en\/","logo":{"@type":"ImageObject","inLanguage":"en-US","@id":"https:\/\/ntbxray.com\/en\/#\/schema\/logo\/image\/","url":"https:\/\/ntbxray.com\/com_ntbxray\/wp-content\/uploads\/2024\/07\/Logo_NTB_200.png","contentUrl":"https:\/\/ntbxray.com\/com_ntbxray\/wp-content\/uploads\/2024\/07\/Logo_NTB_200.png","width":200,"height":86,"caption":"NTB XRAY, Digitale R\u00f6ntgenkameras und R\u00f6ntgen-Systeme f\u00fcr R\u00f6ntgenuntersuchungen, digitale R\u00f6ntgenbilder"},"image":{"@id":"https:\/\/ntbxray.com\/en\/#\/schema\/logo\/image\/"},"sameAs":["https:\/\/www.instagram.com\/ntbxray","https:\/\/www.youtube.com\/channel\/UCf6OaEnyndr_l6nSHcn91TA"]}]}},"_links":{"self":[{"href":"https:\/\/ntbxray.com\/en\/wp-json\/wp\/v2\/pages\/2874","targetHints":{"allow":["GET"]}}],"collection":[{"href":"https:\/\/ntbxray.com\/en\/wp-json\/wp\/v2\/pages"}],"about":[{"href":"https:\/\/ntbxray.com\/en\/wp-json\/wp\/v2\/types\/page"}],"author":[{"embeddable":true,"href":"https:\/\/ntbxray.com\/en\/wp-json\/wp\/v2\/users\/1"}],"replies":[{"embeddable":true,"href":"https:\/\/ntbxray.com\/en\/wp-json\/wp\/v2\/comments?post=2874"}],"version-history":[{"count":10,"href":"https:\/\/ntbxray.com\/en\/wp-json\/wp\/v2\/pages\/2874\/revisions"}],"predecessor-version":[{"id":3171,"href":"https:\/\/ntbxray.com\/en\/wp-json\/wp\/v2\/pages\/2874\/revisions\/3171"}],"up":[{"embeddable":true,"href":"https:\/\/ntbxray.com\/en\/wp-json\/wp\/v2\/pages\/2919"}],"wp:attachment":[{"href":"https:\/\/ntbxray.com\/en\/wp-json\/wp\/v2\/media?parent=2874"}],"curies":[{"name":"wp","href":"https:\/\/api.w.org\/{rel}","templated":true}]}}