{"id":2888,"date":"2024-10-13T12:28:06","date_gmt":"2024-10-13T10:28:06","guid":{"rendered":"https:\/\/ntbxray.com\/x-ray-images\/"},"modified":"2025-02-11T10:24:01","modified_gmt":"2025-02-11T09:24:01","slug":"x-ray-images","status":"publish","type":"page","link":"https:\/\/ntbxray.com\/en\/x-ray-images\/","title":{"rendered":"X-ray images"},"content":{"rendered":"<div class=\"wpb-content-wrapper\"><p>[vc_row css=&#8221;.vc_custom_1728817272486{padding-bottom: 60px !important;}&#8221;][vc_column]<div id=\"ultimate-heading-108269e198265c75e\" class=\"uvc-heading ult-adjust-bottom-margin ultimate-heading-108269e198265c75e uvc-3440  uvc-heading-default-font-sizes\" data-hspacer=\"no_spacer\"  data-halign=\"center\" style=\"text-align:center\"><div class=\"uvc-heading-spacer no_spacer\" style=\"top\"><\/div><div class=\"uvc-main-heading ult-responsive\"  data-ultimate-target='.uvc-heading.ultimate-heading-108269e198265c75e h1'  data-responsive-json-new='{\"font-size\":\"\",\"line-height\":\"\"}' ><h1 style=\"--font-weight:theme;\">Overview<\/h1><\/div><div class=\"uvc-sub-heading ult-responsive\"  data-ultimate-target='.uvc-heading.ultimate-heading-108269e198265c75e .uvc-sub-heading '  data-responsive-json-new='{\"font-size\":\"\",\"line-height\":\"\"}'  style=\"font-weight:normal;margin-top:15px;\">Application Examples for NTB X-ray Technology<\/div><\/div>[\/vc_column][\/vc_row][vc_row gap=&#8221;30&#8243; css_animation=&#8221;fadeIn&#8221;][vc_column css_animation=&#8221;none&#8221; width=&#8221;1\/2&#8243; css=&#8221;.vc_custom_1728900251383{background-color: rgba(0,0,0,0.04) !important;*background-color: rgb(0,0,0) !important;border-color: #919191 !important;}&#8221;][vc_row_inner el_class=&#8221;border&#8221;][vc_column_inner]<div id=\"ultimate-heading-923869e198265c88e\" class=\"uvc-heading ult-adjust-bottom-margin ultimate-heading-923869e198265c88e uvc-7311  uvc-heading-default-font-sizes\" data-hspacer=\"no_spacer\"  data-halign=\"center\" style=\"text-align:center\"><div class=\"uvc-heading-spacer no_spacer\" style=\"top\"><\/div><div class=\"uvc-main-heading ult-responsive\"  data-ultimate-target='.uvc-heading.ultimate-heading-923869e198265c88e h2'  data-responsive-json-new='{\"font-size\":\"\",\"line-height\":\"\"}' ><h2 style=\"--font-weight:theme;margin-top:30px;margin-bottom:30px;\">Material Testing<\/h2><\/div><\/div>[vc_single_image image=&#8221;2675&#8243; img_size=&#8221;full&#8221; alignment=&#8221;center&#8221; onclick=&#8221;custom_link&#8221; css=&#8221;.vc_custom_1739265521213{padding-bottom: 40px !important;}&#8221; link=&#8221;https:\/\/ntbxray.com\/en\/x-ray-images\/material-testing\/&#8221;][\/vc_column_inner][\/vc_row_inner][\/vc_column][vc_column css_animation=&#8221;none&#8221; width=&#8221;1\/2&#8243; css=&#8221;.vc_custom_1728900264369{background-color: rgba(0,0,0,0.04) !important;*background-color: rgb(0,0,0) !important;}&#8221;][vc_row_inner el_class=&#8221;border&#8221;][vc_column_inner]<div id=\"ultimate-heading-374769e198265c944\" class=\"uvc-heading ult-adjust-bottom-margin ultimate-heading-374769e198265c944 uvc-2561  uvc-heading-default-font-sizes\" data-hspacer=\"no_spacer\"  data-halign=\"center\" style=\"text-align:center\"><div class=\"uvc-heading-spacer no_spacer\" style=\"top\"><\/div><div class=\"uvc-main-heading ult-responsive\"  data-ultimate-target='.uvc-heading.ultimate-heading-374769e198265c944 h2'  data-responsive-json-new='{\"font-size\":\"\",\"line-height\":\"\"}' ><h2 style=\"--font-weight:theme;margin-top:30px;margin-bottom:30px;\">Food<\/h2><\/div><\/div>[vc_single_image image=&#8221;2676&#8243; img_size=&#8221;full&#8221; alignment=&#8221;center&#8221; onclick=&#8221;custom_link&#8221; css=&#8221;.vc_custom_1739265585637{padding-bottom: 40px !important;}&#8221; link=&#8221;https:\/\/ntbxray.com\/en\/x-ray-images\/food\/&#8221;][\/vc_column_inner][\/vc_row_inner][\/vc_column][\/vc_row][vc_row gap=&#8221;30&#8243; css_animation=&#8221;fadeIn&#8221;][vc_column width=&#8221;1\/2&#8243; css=&#8221;.vc_custom_1728899028631{background-color: rgba(0,0,0,0.04) !important;*background-color: rgb(0,0,0) !important;border-color: #919191 !important;}&#8221;][vc_row_inner el_class=&#8221;border&#8221;][vc_column_inner]<div id=\"ultimate-heading-946469e198265ca13\" class=\"uvc-heading ult-adjust-bottom-margin ultimate-heading-946469e198265ca13 uvc-6879  uvc-heading-default-font-sizes\" data-hspacer=\"no_spacer\"  data-halign=\"center\" style=\"text-align:center\"><div class=\"uvc-heading-spacer no_spacer\" style=\"top\"><\/div><div class=\"uvc-main-heading ult-responsive\"  data-ultimate-target='.uvc-heading.ultimate-heading-946469e198265ca13 h2'  data-responsive-json-new='{\"font-size\":\"\",\"line-height\":\"\"}' ><h2 style=\"--font-weight:theme;margin-top:30px;margin-bottom:30px;\">Electrical<\/h2><\/div><\/div>[vc_single_image image=&#8221;2677&#8243; img_size=&#8221;full&#8221; alignment=&#8221;center&#8221; onclick=&#8221;custom_link&#8221; css_animation=&#8221;none&#8221; css=&#8221;.vc_custom_1739265636464{padding-bottom: 40px !important;}&#8221; link=&#8221;https:\/\/ntbxray.com\/en\/x-ray-images\/electrical\/&#8221;][\/vc_column_inner][\/vc_row_inner][\/vc_column][vc_column width=&#8221;1\/2&#8243; css=&#8221;.vc_custom_1728899061124{background-color: rgba(0,0,0,0.04) !important;*background-color: rgb(0,0,0) !important;}&#8221;][vc_row_inner el_class=&#8221;border&#8221;][vc_column_inner]<div id=\"ultimate-heading-873869e198265caac\" class=\"uvc-heading ult-adjust-bottom-margin ultimate-heading-873869e198265caac uvc-9631  uvc-heading-default-font-sizes\" data-hspacer=\"no_spacer\"  data-halign=\"center\" style=\"text-align:center\"><div class=\"uvc-heading-spacer no_spacer\" style=\"top\"><\/div><div class=\"uvc-main-heading ult-responsive\"  data-ultimate-target='.uvc-heading.ultimate-heading-873869e198265caac h2'  data-responsive-json-new='{\"font-size\":\"\",\"line-height\":\"\"}' ><h2 style=\"--font-weight:theme;margin-top:30px;margin-bottom:30px;\">Electronics<\/h2><\/div><\/div>[vc_single_image image=&#8221;2678&#8243; img_size=&#8221;full&#8221; alignment=&#8221;center&#8221; onclick=&#8221;custom_link&#8221; css_animation=&#8221;none&#8221; css=&#8221;.vc_custom_1739265695779{padding-bottom: 40px !important;}&#8221; link=&#8221;https:\/\/ntbxray.com\/en\/x-ray-images\/electronics\/&#8221;][\/vc_column_inner][\/vc_row_inner][\/vc_column][\/vc_row][vc_row gap=&#8221;30&#8243; css_animation=&#8221;fadeIn&#8221;][vc_column width=&#8221;1\/2&#8243; css=&#8221;.vc_custom_1728899028631{background-color: rgba(0,0,0,0.04) !important;*background-color: rgb(0,0,0) !important;border-color: #919191 !important;}&#8221;][vc_row_inner el_class=&#8221;border&#8221;][vc_column_inner]<div id=\"ultimate-heading-41869e198265cb3e\" class=\"uvc-heading ult-adjust-bottom-margin ultimate-heading-41869e198265cb3e uvc-2254  uvc-heading-default-font-sizes\" data-hspacer=\"no_spacer\"  data-halign=\"center\" style=\"text-align:center\"><div class=\"uvc-heading-spacer no_spacer\" style=\"top\"><\/div><div class=\"uvc-main-heading ult-responsive\"  data-ultimate-target='.uvc-heading.ultimate-heading-41869e198265cb3e h2'  data-responsive-json-new='{\"font-size\":\"\",\"line-height\":\"\"}' ><h2 style=\"--font-weight:theme;margin-top:30px;margin-bottom:30px;\">Medicine and Biology<\/h2><\/div><\/div>[vc_single_image image=&#8221;2679&#8243; img_size=&#8221;full&#8221; alignment=&#8221;center&#8221; onclick=&#8221;custom_link&#8221; css_animation=&#8221;none&#8221; css=&#8221;.vc_custom_1739265746428{padding-bottom: 40px !important;}&#8221; link=&#8221;https:\/\/ntbxray.com\/en\/x-ray-images\/medicine-biology\/&#8221;][\/vc_column_inner][\/vc_row_inner][\/vc_column][vc_column width=&#8221;1\/2&#8243; css=&#8221;.vc_custom_1728899061124{background-color: rgba(0,0,0,0.04) !important;*background-color: rgb(0,0,0) !important;}&#8221;][vc_row_inner el_class=&#8221;border&#8221;][vc_column_inner]<div id=\"ultimate-heading-897069e198265cbee\" class=\"uvc-heading ult-adjust-bottom-margin ultimate-heading-897069e198265cbee uvc-7472  uvc-heading-default-font-sizes\" data-hspacer=\"no_spacer\"  data-halign=\"center\" style=\"text-align:center\"><div class=\"uvc-heading-spacer no_spacer\" style=\"top\"><\/div><div class=\"uvc-main-heading ult-responsive\"  data-ultimate-target='.uvc-heading.ultimate-heading-897069e198265cbee h2'  data-responsive-json-new='{\"font-size\":\"\",\"line-height\":\"\"}' ><h2 style=\"--font-weight:theme;margin-top:30px;margin-bottom:30px;\">Seeds<\/h2><\/div><\/div>[vc_single_image image=&#8221;2680&#8243; img_size=&#8221;full&#8221; alignment=&#8221;center&#8221; onclick=&#8221;custom_link&#8221; css_animation=&#8221;none&#8221; css=&#8221;.vc_custom_1739265785740{padding-bottom: 40px !important;}&#8221; link=&#8221;https:\/\/ntbxray.com\/en\/x-ray-images\/seeds\/&#8221;][\/vc_column_inner][\/vc_row_inner][\/vc_column][\/vc_row][vc_row gap=&#8221;30&#8243; css_animation=&#8221;fadeIn&#8221;][vc_column width=&#8221;1\/2&#8243; css=&#8221;.vc_custom_1728899028631{background-color: rgba(0,0,0,0.04) !important;*background-color: rgb(0,0,0) !important;border-color: #919191 !important;}&#8221;][vc_row_inner el_class=&#8221;border&#8221;][vc_column_inner]<div id=\"ultimate-heading-214169e198265cc84\" class=\"uvc-heading ult-adjust-bottom-margin ultimate-heading-214169e198265cc84 uvc-6582  uvc-heading-default-font-sizes\" data-hspacer=\"no_spacer\"  data-halign=\"center\" style=\"text-align:center\"><div class=\"uvc-heading-spacer no_spacer\" style=\"top\"><\/div><div class=\"uvc-main-heading ult-responsive\"  data-ultimate-target='.uvc-heading.ultimate-heading-214169e198265cc84 h2'  data-responsive-json-new='{\"font-size\":\"\",\"line-height\":\"\"}' ><h2 style=\"--font-weight:theme;margin-top:30px;margin-bottom:30px;\">Miscellaneous<\/h2><\/div><\/div>[vc_single_image image=&#8221;2681&#8243; img_size=&#8221;full&#8221; alignment=&#8221;center&#8221; onclick=&#8221;custom_link&#8221; css_animation=&#8221;none&#8221; css=&#8221;.vc_custom_1739265834158{padding-bottom: 40px !important;}&#8221; link=&#8221;https:\/\/ntbxray.com\/en\/x-ray-images\/miscellaneous\/&#8221;][\/vc_column_inner][\/vc_row_inner][\/vc_column][vc_column width=&#8221;1\/2&#8243;][vc_row_inner][vc_column_inner][\/vc_column_inner][\/vc_row_inner][\/vc_column][\/vc_row]<\/p>\n<\/div>","protected":false},"excerpt":{"rendered":"<p>[vc_row css=&#8221;.vc_custom_1728817272486{padding-bottom: 60px !important;}&#8221;][vc_column][\/vc_column][\/vc_row][vc_row gap=&#8221;30&#8243; css_animation=&#8221;fadeIn&#8221;][vc_column css_animation=&#8221;none&#8221; width=&#8221;1\/2&#8243; css=&#8221;.vc_custom_1728900251383{background-color: rgba(0,0,0,0.04) !important;*background-color: rgb(0,0,0) !important;border-color: #919191 !important;}&#8221;][vc_row_inner el_class=&#8221;border&#8221;][vc_column_inner][vc_single_image image=&#8221;2675&#8243; img_size=&#8221;full&#8221; alignment=&#8221;center&#8221; onclick=&#8221;custom_link&#8221; css=&#8221;.vc_custom_1739265521213{padding-bottom: 40px !important;}&#8221; link=&#8221;https:\/\/ntbxray.com\/en\/x-ray-images\/material-testing\/&#8221;][\/vc_column_inner][\/vc_row_inner][\/vc_column][vc_column css_animation=&#8221;none&#8221; width=&#8221;1\/2&#8243; css=&#8221;.vc_custom_1728900264369{background-color: rgba(0,0,0,0.04) !important;*background-color: rgb(0,0,0) !important;}&#8221;][vc_row_inner el_class=&#8221;border&#8221;][vc_column_inner][vc_single_image image=&#8221;2676&#8243; img_size=&#8221;full&#8221; alignment=&#8221;center&#8221; onclick=&#8221;custom_link&#8221; css=&#8221;.vc_custom_1739265585637{padding-bottom: 40px !important;}&#8221; link=&#8221;https:\/\/ntbxray.com\/en\/x-ray-images\/food\/&#8221;][\/vc_column_inner][\/vc_row_inner][\/vc_column][\/vc_row][vc_row gap=&#8221;30&#8243; css_animation=&#8221;fadeIn&#8221;][vc_column width=&#8221;1\/2&#8243; css=&#8221;.vc_custom_1728899028631{background-color: rgba(0,0,0,0.04) !important;*background-color: rgb(0,0,0) !important;border-color: #919191 !important;}&#8221;][vc_row_inner el_class=&#8221;border&#8221;][vc_column_inner][vc_single_image image=&#8221;2677&#8243; img_size=&#8221;full&#8221; alignment=&#8221;center&#8221; onclick=&#8221;custom_link&#8221;&hellip;<\/p>\n","protected":false},"author":1,"featured_media":0,"parent":0,"menu_order":0,"comment_status":"closed","ping_status":"closed","template":"","meta":{"footnotes":""},"class_list":["post-2888","page","type-page","status-publish","hentry","description-off"],"yoast_head":"<!-- This site is optimized with the Yoast SEO plugin v27.2 - https:\/\/yoast.com\/product\/yoast-seo-wordpress\/ -->\n<title>X-ray images - NTB XRAY, Digitale R\u00f6ntgenkameras und R\u00f6ntgen-Systeme f\u00fcr R\u00f6ntgenuntersuchungen, digitale R\u00f6ntgenbilder<\/title>\n<meta name=\"description\" content=\"X-ray Images - Examples of Application Areas for Digital X-ray Systems from NTB XRAY - Overview. Info: +49 5445 98 48 0\" \/>\n<meta name=\"robots\" content=\"index, follow, max-snippet:-1, max-image-preview:large, max-video-preview:-1\" \/>\n<link rel=\"canonical\" href=\"https:\/\/ntbxray.com\/en\/x-ray-images\/\" \/>\n<meta property=\"og:locale\" content=\"en_US\" \/>\n<meta property=\"og:type\" content=\"article\" \/>\n<meta property=\"og:title\" content=\"X-ray images - NTB XRAY, Digitale R\u00f6ntgenkameras und R\u00f6ntgen-Systeme f\u00fcr R\u00f6ntgenuntersuchungen, digitale R\u00f6ntgenbilder\" \/>\n<meta property=\"og:description\" content=\"X-ray Images - Examples of Application Areas for Digital X-ray Systems from NTB XRAY - Overview. Info: +49 5445 98 48 0\" \/>\n<meta property=\"og:url\" content=\"https:\/\/ntbxray.com\/en\/x-ray-images\/\" \/>\n<meta property=\"og:site_name\" content=\"NTB XRAY, Digitale R\u00f6ntgenkameras und R\u00f6ntgen-Systeme f\u00fcr R\u00f6ntgenuntersuchungen, digitale R\u00f6ntgenbilder\" \/>\n<meta property=\"article:modified_time\" content=\"2025-02-11T09:24:01+00:00\" \/>\n<meta name=\"twitter:card\" content=\"summary_large_image\" \/>\n<meta name=\"twitter:label1\" content=\"Est. reading time\" \/>\n\t<meta name=\"twitter:data1\" content=\"1 minute\" \/>\n<script type=\"application\/ld+json\" class=\"yoast-schema-graph\">{\"@context\":\"https:\/\/schema.org\",\"@graph\":[{\"@type\":\"WebPage\",\"@id\":\"https:\/\/ntbxray.com\/en\/x-ray-images\/\",\"url\":\"https:\/\/ntbxray.com\/en\/x-ray-images\/\",\"name\":\"X-ray images - NTB XRAY, Digitale R\u00f6ntgenkameras und R\u00f6ntgen-Systeme f\u00fcr R\u00f6ntgenuntersuchungen, digitale R\u00f6ntgenbilder\",\"isPartOf\":{\"@id\":\"https:\/\/ntbxray.com\/en\/#website\"},\"datePublished\":\"2024-10-13T10:28:06+00:00\",\"dateModified\":\"2025-02-11T09:24:01+00:00\",\"description\":\"X-ray Images - Examples of Application Areas for Digital X-ray Systems from NTB XRAY - Overview. Info: +49 5445 98 48 0\",\"breadcrumb\":{\"@id\":\"https:\/\/ntbxray.com\/en\/x-ray-images\/#breadcrumb\"},\"inLanguage\":\"en-US\",\"potentialAction\":[{\"@type\":\"ReadAction\",\"target\":[\"https:\/\/ntbxray.com\/en\/x-ray-images\/\"]}]},{\"@type\":\"BreadcrumbList\",\"@id\":\"https:\/\/ntbxray.com\/en\/x-ray-images\/#breadcrumb\",\"itemListElement\":[{\"@type\":\"ListItem\",\"position\":1,\"name\":\"Startseite\",\"item\":\"https:\/\/ntbxray.com\/en\/\"},{\"@type\":\"ListItem\",\"position\":2,\"name\":\"X-ray images\"}]},{\"@type\":\"WebSite\",\"@id\":\"https:\/\/ntbxray.com\/en\/#website\",\"url\":\"https:\/\/ntbxray.com\/en\/\",\"name\":\"NTB XRAY, Digitale R\u00f6ntgenkameras und R\u00f6ntgen-Systeme f\u00fcr R\u00f6ntgenuntersuchungen, digitale R\u00f6ntgenbilder\",\"description\":\"\",\"publisher\":{\"@id\":\"https:\/\/ntbxray.com\/en\/#organization\"},\"potentialAction\":[{\"@type\":\"SearchAction\",\"target\":{\"@type\":\"EntryPoint\",\"urlTemplate\":\"https:\/\/ntbxray.com\/en\/?s={search_term_string}\"},\"query-input\":{\"@type\":\"PropertyValueSpecification\",\"valueRequired\":true,\"valueName\":\"search_term_string\"}}],\"inLanguage\":\"en-US\"},{\"@type\":\"Organization\",\"@id\":\"https:\/\/ntbxray.com\/en\/#organization\",\"name\":\"NTB XRAY, Digitale R\u00f6ntgenkameras und R\u00f6ntgen-Systeme f\u00fcr R\u00f6ntgenuntersuchungen, digitale R\u00f6ntgenbilder\",\"url\":\"https:\/\/ntbxray.com\/en\/\",\"logo\":{\"@type\":\"ImageObject\",\"inLanguage\":\"en-US\",\"@id\":\"https:\/\/ntbxray.com\/en\/#\/schema\/logo\/image\/\",\"url\":\"https:\/\/ntbxray.com\/com_ntbxray\/wp-content\/uploads\/2024\/07\/Logo_NTB_200.png\",\"contentUrl\":\"https:\/\/ntbxray.com\/com_ntbxray\/wp-content\/uploads\/2024\/07\/Logo_NTB_200.png\",\"width\":200,\"height\":86,\"caption\":\"NTB XRAY, Digitale R\u00f6ntgenkameras und R\u00f6ntgen-Systeme f\u00fcr R\u00f6ntgenuntersuchungen, digitale R\u00f6ntgenbilder\"},\"image\":{\"@id\":\"https:\/\/ntbxray.com\/en\/#\/schema\/logo\/image\/\"},\"sameAs\":[\"https:\/\/www.instagram.com\/ntbxray\",\"https:\/\/www.youtube.com\/channel\/UCf6OaEnyndr_l6nSHcn91TA\"]}]}<\/script>\n<!-- \/ Yoast SEO plugin. -->","yoast_head_json":{"title":"X-ray images - NTB XRAY, Digitale R\u00f6ntgenkameras und R\u00f6ntgen-Systeme f\u00fcr R\u00f6ntgenuntersuchungen, digitale R\u00f6ntgenbilder","description":"X-ray Images - Examples of Application Areas for Digital X-ray Systems from NTB XRAY - Overview. Info: +49 5445 98 48 0","robots":{"index":"index","follow":"follow","max-snippet":"max-snippet:-1","max-image-preview":"max-image-preview:large","max-video-preview":"max-video-preview:-1"},"canonical":"https:\/\/ntbxray.com\/en\/x-ray-images\/","og_locale":"en_US","og_type":"article","og_title":"X-ray images - NTB XRAY, Digitale R\u00f6ntgenkameras und R\u00f6ntgen-Systeme f\u00fcr R\u00f6ntgenuntersuchungen, digitale R\u00f6ntgenbilder","og_description":"X-ray Images - Examples of Application Areas for Digital X-ray Systems from NTB XRAY - Overview. Info: +49 5445 98 48 0","og_url":"https:\/\/ntbxray.com\/en\/x-ray-images\/","og_site_name":"NTB XRAY, Digitale R\u00f6ntgenkameras und R\u00f6ntgen-Systeme f\u00fcr R\u00f6ntgenuntersuchungen, digitale R\u00f6ntgenbilder","article_modified_time":"2025-02-11T09:24:01+00:00","twitter_card":"summary_large_image","twitter_misc":{"Est. reading time":"1 minute"},"schema":{"@context":"https:\/\/schema.org","@graph":[{"@type":"WebPage","@id":"https:\/\/ntbxray.com\/en\/x-ray-images\/","url":"https:\/\/ntbxray.com\/en\/x-ray-images\/","name":"X-ray images - NTB XRAY, Digitale R\u00f6ntgenkameras und R\u00f6ntgen-Systeme f\u00fcr R\u00f6ntgenuntersuchungen, digitale R\u00f6ntgenbilder","isPartOf":{"@id":"https:\/\/ntbxray.com\/en\/#website"},"datePublished":"2024-10-13T10:28:06+00:00","dateModified":"2025-02-11T09:24:01+00:00","description":"X-ray Images - Examples of Application Areas for Digital X-ray Systems from NTB XRAY - Overview. Info: +49 5445 98 48 0","breadcrumb":{"@id":"https:\/\/ntbxray.com\/en\/x-ray-images\/#breadcrumb"},"inLanguage":"en-US","potentialAction":[{"@type":"ReadAction","target":["https:\/\/ntbxray.com\/en\/x-ray-images\/"]}]},{"@type":"BreadcrumbList","@id":"https:\/\/ntbxray.com\/en\/x-ray-images\/#breadcrumb","itemListElement":[{"@type":"ListItem","position":1,"name":"Startseite","item":"https:\/\/ntbxray.com\/en\/"},{"@type":"ListItem","position":2,"name":"X-ray images"}]},{"@type":"WebSite","@id":"https:\/\/ntbxray.com\/en\/#website","url":"https:\/\/ntbxray.com\/en\/","name":"NTB XRAY, Digitale R\u00f6ntgenkameras und R\u00f6ntgen-Systeme f\u00fcr R\u00f6ntgenuntersuchungen, digitale R\u00f6ntgenbilder","description":"","publisher":{"@id":"https:\/\/ntbxray.com\/en\/#organization"},"potentialAction":[{"@type":"SearchAction","target":{"@type":"EntryPoint","urlTemplate":"https:\/\/ntbxray.com\/en\/?s={search_term_string}"},"query-input":{"@type":"PropertyValueSpecification","valueRequired":true,"valueName":"search_term_string"}}],"inLanguage":"en-US"},{"@type":"Organization","@id":"https:\/\/ntbxray.com\/en\/#organization","name":"NTB XRAY, Digitale R\u00f6ntgenkameras und R\u00f6ntgen-Systeme f\u00fcr R\u00f6ntgenuntersuchungen, digitale R\u00f6ntgenbilder","url":"https:\/\/ntbxray.com\/en\/","logo":{"@type":"ImageObject","inLanguage":"en-US","@id":"https:\/\/ntbxray.com\/en\/#\/schema\/logo\/image\/","url":"https:\/\/ntbxray.com\/com_ntbxray\/wp-content\/uploads\/2024\/07\/Logo_NTB_200.png","contentUrl":"https:\/\/ntbxray.com\/com_ntbxray\/wp-content\/uploads\/2024\/07\/Logo_NTB_200.png","width":200,"height":86,"caption":"NTB XRAY, Digitale R\u00f6ntgenkameras und R\u00f6ntgen-Systeme f\u00fcr R\u00f6ntgenuntersuchungen, digitale R\u00f6ntgenbilder"},"image":{"@id":"https:\/\/ntbxray.com\/en\/#\/schema\/logo\/image\/"},"sameAs":["https:\/\/www.instagram.com\/ntbxray","https:\/\/www.youtube.com\/channel\/UCf6OaEnyndr_l6nSHcn91TA"]}]}},"_links":{"self":[{"href":"https:\/\/ntbxray.com\/en\/wp-json\/wp\/v2\/pages\/2888","targetHints":{"allow":["GET"]}}],"collection":[{"href":"https:\/\/ntbxray.com\/en\/wp-json\/wp\/v2\/pages"}],"about":[{"href":"https:\/\/ntbxray.com\/en\/wp-json\/wp\/v2\/types\/page"}],"author":[{"embeddable":true,"href":"https:\/\/ntbxray.com\/en\/wp-json\/wp\/v2\/users\/1"}],"replies":[{"embeddable":true,"href":"https:\/\/ntbxray.com\/en\/wp-json\/wp\/v2\/comments?post=2888"}],"version-history":[{"count":5,"href":"https:\/\/ntbxray.com\/en\/wp-json\/wp\/v2\/pages\/2888\/revisions"}],"predecessor-version":[{"id":3205,"href":"https:\/\/ntbxray.com\/en\/wp-json\/wp\/v2\/pages\/2888\/revisions\/3205"}],"wp:attachment":[{"href":"https:\/\/ntbxray.com\/en\/wp-json\/wp\/v2\/media?parent=2888"}],"curies":[{"name":"wp","href":"https:\/\/api.w.org\/{rel}","templated":true}]}}