{"id":2895,"date":"2024-09-23T08:37:00","date_gmt":"2024-09-23T06:37:00","guid":{"rendered":"https:\/\/ntbxray.com\/mcu-manipulator\/"},"modified":"2025-02-10T10:04:34","modified_gmt":"2025-02-10T09:04:34","slug":"mcu-manipulator","status":"publish","type":"page","link":"https:\/\/ntbxray.com\/en\/products\/mcu-manipulator\/","title":{"rendered":"MCU Manipulator"},"content":{"rendered":"<div class=\"wpb-content-wrapper\"><p>[vc_row css=&#8221;.vc_custom_1734526701737{padding-bottom: 30px !important;}&#8221;][vc_column]<div id=\"ultimate-heading-176069e1a82ac4e9c\" class=\"uvc-heading ult-adjust-bottom-margin ultimate-heading-176069e1a82ac4e9c uvc-9858  uvc-heading-default-font-sizes\" data-hspacer=\"no_spacer\"  data-halign=\"center\" style=\"text-align:center\"><div class=\"uvc-heading-spacer no_spacer\" style=\"top\"><\/div><div class=\"uvc-main-heading ult-responsive\"  data-ultimate-target='.uvc-heading.ultimate-heading-176069e1a82ac4e9c h1'  data-responsive-json-new='{\"font-size\":\"\",\"line-height\":\"\"}' ><h1 style=\"--font-weight:theme;\">MCU Manipulator<\/h1><\/div><div class=\"uvc-sub-heading ult-responsive\"  data-ultimate-target='.uvc-heading.ultimate-heading-176069e1a82ac4e9c .uvc-sub-heading '  data-responsive-json-new='{\"font-size\":\"\",\"line-height\":\"\"}'  style=\"font-weight:normal;margin-top:15px;\">AN EFFECTIVE MANIPULATOR CONTROL<\/div><\/div>[\/vc_column][\/vc_row][vc_row][vc_column][vc_single_image image=&#8221;2846&#8243; img_size=&#8221;full&#8221; css_animation=&#8221;none&#8221; css=&#8221;&#8221;][\/vc_column][\/vc_row][vc_row gap=&#8221;35&#8243; css=&#8221;.vc_custom_1727077188093{padding-bottom: 70px !important;}&#8221;][vc_column css_animation=&#8221;zoomInLeft&#8221; width=&#8221;1\/2&#8243; css=&#8221;.vc_custom_1727075060153{padding-top: 30px !important;padding-right: 20px !important;padding-bottom: 5px !important;padding-left: 30px !important;background-color: #eaf2ff !important;}&#8221;]<div class=\"standard-arrow list-divider bullet-top\"><ul>\n<li>Extends the SEZ camera system with a high-performance stepper motor control<\/li>\n<li>High smoothness: (5000 steps per revolution)<\/li>\n<li>Fully integrated into the iX-Pect software<\/li>\n<\/ul>\n<\/div>[\/vc_column][vc_column css_animation=&#8221;zoomInRight&#8221; width=&#8221;1\/2&#8243; css=&#8221;.vc_custom_1727075843600{padding-top: 30px !important;padding-right: 20px !important;padding-bottom: 5px !important;padding-left: 30px !important;background-color: #eaf2ff !important;}&#8221;]<div class=\"standard-arrow list-divider bullet-top\"><ul>\n<li>Reduces development costs for scanning devices<\/li>\n<li>Compatible with all cameras of the SEZ series<\/li>\n<li>With or without manipulator (linear translation stage)<\/li>\n<\/ul>\n<\/div>[\/vc_column][\/vc_row][vc_row css=&#8221;.vc_custom_1727076875678{padding-bottom: 40px !important;}&#8221;][vc_column]<div id=\"ultimate-heading-256469e1a82ac5072\" class=\"uvc-heading ult-adjust-bottom-margin ultimate-heading-256469e1a82ac5072 uvc-9854  uvc-heading-default-font-sizes\" data-hspacer=\"no_spacer\"  data-halign=\"left\" style=\"text-align:left\"><div class=\"uvc-heading-spacer no_spacer\" style=\"top\"><\/div><div class=\"uvc-main-heading ult-responsive\"  data-ultimate-target='.uvc-heading.ultimate-heading-256469e1a82ac5072 h2'  data-responsive-json-new='{\"font-size\":\"\",\"line-height\":\"\"}' ><h2 style=\"--font-weight:theme;\">General description<\/h2><\/div><\/div>[\/vc_column][\/vc_row][vc_row][vc_column][vc_column_text css=&#8221;&#8221;]The MCU extends NTB X-ray line camera systems with a powerful control unit for high-resolution stepper motors. It controls the movement for the scanning process and acts as an interface between PC and X-ray line camera, thereby minimizing the development effort for customer-specific scanning devices. <\/p>\n<p>A linear translation stage with stepper motor provides the movement during the scan. The MCU connects PC, X-ray line camera, and stepper motor. The PC sends control signals to the MCU, which independently generates all signals for the stepper motor and monitors the movement while reading out the image data from the camera and transmitting it to the PC.  <\/p>\n<p>The stepper motor operates in substep mode with 5000 steps per revolution (0.072\u00b0\/step), allowing smooth, uniform movement even at slow speeds. The MCU is available as a complete system with linear stage and stepper motor or as a system component without linear stage. The control of the MCU is fully integrated into our iX-Pect software for capturing X-ray images.[\/vc_column_text][\/vc_column][\/vc_row]<\/p>\n<\/div>","protected":false},"excerpt":{"rendered":"<p>[vc_row css=&#8221;.vc_custom_1734526701737{padding-bottom: 30px !important;}&#8221;][vc_column][\/vc_column][\/vc_row][vc_row][vc_column][vc_single_image image=&#8221;2846&#8243; img_size=&#8221;full&#8221; css_animation=&#8221;none&#8221; css=&#8221;&#8221;][\/vc_column][\/vc_row][vc_row gap=&#8221;35&#8243; css=&#8221;.vc_custom_1727077188093{padding-bottom: 70px !important;}&#8221;][vc_column css_animation=&#8221;zoomInLeft&#8221; width=&#8221;1\/2&#8243; css=&#8221;.vc_custom_1727075060153{padding-top: 30px !important;padding-right: 20px !important;padding-bottom: 5px !important;padding-left: 30px !important;background-color: #eaf2ff !important;}&#8221;][\/vc_column][vc_column css_animation=&#8221;zoomInRight&#8221; width=&#8221;1\/2&#8243; css=&#8221;.vc_custom_1727075843600{padding-top: 30px !important;padding-right: 20px !important;padding-bottom: 5px !important;padding-left: 30px !important;background-color: #eaf2ff !important;}&#8221;][\/vc_column][\/vc_row][vc_row css=&#8221;.vc_custom_1727076875678{padding-bottom: 40px !important;}&#8221;][vc_column][\/vc_column][\/vc_row][vc_row][vc_column][vc_column_text css=&#8221;&#8221;]The MCU extends NTB X-ray line camera systems with a powerful control unit for&hellip;<\/p>\n","protected":false},"author":1,"featured_media":0,"parent":2974,"menu_order":0,"comment_status":"closed","ping_status":"closed","template":"","meta":{"footnotes":""},"class_list":["post-2895","page","type-page","status-publish","hentry","description-off"],"yoast_head":"<!-- This site is optimized with the Yoast SEO plugin v27.2 - https:\/\/yoast.com\/product\/yoast-seo-wordpress\/ -->\n<title>MCU Manipulator - NTB XRAY, Digitale R\u00f6ntgenkameras und R\u00f6ntgen-Systeme f\u00fcr R\u00f6ntgenuntersuchungen, digitale R\u00f6ntgenbilder<\/title>\n<meta name=\"description\" content=\"The MCU extends NTB X-ray linescan camera systems with a powerful control unit for high-resolution stepper motors. Info: +49 5445 98 48 0\" \/>\n<meta name=\"robots\" content=\"index, follow, max-snippet:-1, max-image-preview:large, max-video-preview:-1\" \/>\n<link rel=\"canonical\" href=\"https:\/\/ntbxray.com\/en\/products\/mcu-manipulator\/\" \/>\n<meta property=\"og:locale\" content=\"en_US\" \/>\n<meta property=\"og:type\" content=\"article\" \/>\n<meta property=\"og:title\" content=\"MCU Manipulator - NTB XRAY, Digitale R\u00f6ntgenkameras und R\u00f6ntgen-Systeme f\u00fcr R\u00f6ntgenuntersuchungen, digitale R\u00f6ntgenbilder\" \/>\n<meta property=\"og:description\" content=\"The MCU extends NTB X-ray linescan camera systems with a powerful control unit for high-resolution stepper motors. Info: +49 5445 98 48 0\" \/>\n<meta property=\"og:url\" content=\"https:\/\/ntbxray.com\/en\/products\/mcu-manipulator\/\" \/>\n<meta property=\"og:site_name\" content=\"NTB XRAY, Digitale R\u00f6ntgenkameras und R\u00f6ntgen-Systeme f\u00fcr R\u00f6ntgenuntersuchungen, digitale R\u00f6ntgenbilder\" \/>\n<meta property=\"article:modified_time\" content=\"2025-02-10T09:04:34+00:00\" \/>\n<meta name=\"twitter:card\" content=\"summary_large_image\" \/>\n<meta name=\"twitter:label1\" content=\"Est. reading time\" \/>\n\t<meta name=\"twitter:data1\" content=\"2 minutes\" \/>\n<script type=\"application\/ld+json\" class=\"yoast-schema-graph\">{\"@context\":\"https:\/\/schema.org\",\"@graph\":[{\"@type\":\"WebPage\",\"@id\":\"https:\/\/ntbxray.com\/en\/products\/mcu-manipulator\/\",\"url\":\"https:\/\/ntbxray.com\/en\/products\/mcu-manipulator\/\",\"name\":\"MCU Manipulator - NTB XRAY, Digitale R\u00f6ntgenkameras und R\u00f6ntgen-Systeme f\u00fcr R\u00f6ntgenuntersuchungen, digitale R\u00f6ntgenbilder\",\"isPartOf\":{\"@id\":\"https:\/\/ntbxray.com\/en\/#website\"},\"datePublished\":\"2024-09-23T06:37:00+00:00\",\"dateModified\":\"2025-02-10T09:04:34+00:00\",\"description\":\"The MCU extends NTB X-ray linescan camera systems with a powerful control unit for high-resolution stepper motors. Info: +49 5445 98 48 0\",\"breadcrumb\":{\"@id\":\"https:\/\/ntbxray.com\/en\/products\/mcu-manipulator\/#breadcrumb\"},\"inLanguage\":\"en-US\",\"potentialAction\":[{\"@type\":\"ReadAction\",\"target\":[\"https:\/\/ntbxray.com\/en\/products\/mcu-manipulator\/\"]}]},{\"@type\":\"BreadcrumbList\",\"@id\":\"https:\/\/ntbxray.com\/en\/products\/mcu-manipulator\/#breadcrumb\",\"itemListElement\":[{\"@type\":\"ListItem\",\"position\":1,\"name\":\"Startseite\",\"item\":\"https:\/\/ntbxray.com\/en\/\"},{\"@type\":\"ListItem\",\"position\":2,\"name\":\"Products\",\"item\":\"https:\/\/ntbxray.com\/en\/products\/\"},{\"@type\":\"ListItem\",\"position\":3,\"name\":\"MCU Manipulator\"}]},{\"@type\":\"WebSite\",\"@id\":\"https:\/\/ntbxray.com\/en\/#website\",\"url\":\"https:\/\/ntbxray.com\/en\/\",\"name\":\"NTB XRAY, Digitale R\u00f6ntgenkameras und R\u00f6ntgen-Systeme f\u00fcr R\u00f6ntgenuntersuchungen, digitale R\u00f6ntgenbilder\",\"description\":\"\",\"publisher\":{\"@id\":\"https:\/\/ntbxray.com\/en\/#organization\"},\"potentialAction\":[{\"@type\":\"SearchAction\",\"target\":{\"@type\":\"EntryPoint\",\"urlTemplate\":\"https:\/\/ntbxray.com\/en\/?s={search_term_string}\"},\"query-input\":{\"@type\":\"PropertyValueSpecification\",\"valueRequired\":true,\"valueName\":\"search_term_string\"}}],\"inLanguage\":\"en-US\"},{\"@type\":\"Organization\",\"@id\":\"https:\/\/ntbxray.com\/en\/#organization\",\"name\":\"NTB XRAY, Digitale R\u00f6ntgenkameras und R\u00f6ntgen-Systeme f\u00fcr R\u00f6ntgenuntersuchungen, digitale R\u00f6ntgenbilder\",\"url\":\"https:\/\/ntbxray.com\/en\/\",\"logo\":{\"@type\":\"ImageObject\",\"inLanguage\":\"en-US\",\"@id\":\"https:\/\/ntbxray.com\/en\/#\/schema\/logo\/image\/\",\"url\":\"https:\/\/ntbxray.com\/com_ntbxray\/wp-content\/uploads\/2024\/07\/Logo_NTB_200.png\",\"contentUrl\":\"https:\/\/ntbxray.com\/com_ntbxray\/wp-content\/uploads\/2024\/07\/Logo_NTB_200.png\",\"width\":200,\"height\":86,\"caption\":\"NTB XRAY, Digitale R\u00f6ntgenkameras und R\u00f6ntgen-Systeme f\u00fcr R\u00f6ntgenuntersuchungen, digitale R\u00f6ntgenbilder\"},\"image\":{\"@id\":\"https:\/\/ntbxray.com\/en\/#\/schema\/logo\/image\/\"},\"sameAs\":[\"https:\/\/www.instagram.com\/ntbxray\",\"https:\/\/www.youtube.com\/channel\/UCf6OaEnyndr_l6nSHcn91TA\"]}]}<\/script>\n<!-- \/ Yoast SEO plugin. -->","yoast_head_json":{"title":"MCU Manipulator - NTB XRAY, Digitale R\u00f6ntgenkameras und R\u00f6ntgen-Systeme f\u00fcr R\u00f6ntgenuntersuchungen, digitale R\u00f6ntgenbilder","description":"The MCU extends NTB X-ray linescan camera systems with a powerful control unit for high-resolution stepper motors. Info: +49 5445 98 48 0","robots":{"index":"index","follow":"follow","max-snippet":"max-snippet:-1","max-image-preview":"max-image-preview:large","max-video-preview":"max-video-preview:-1"},"canonical":"https:\/\/ntbxray.com\/en\/products\/mcu-manipulator\/","og_locale":"en_US","og_type":"article","og_title":"MCU Manipulator - NTB XRAY, Digitale R\u00f6ntgenkameras und R\u00f6ntgen-Systeme f\u00fcr R\u00f6ntgenuntersuchungen, digitale R\u00f6ntgenbilder","og_description":"The MCU extends NTB X-ray linescan camera systems with a powerful control unit for high-resolution stepper motors. Info: +49 5445 98 48 0","og_url":"https:\/\/ntbxray.com\/en\/products\/mcu-manipulator\/","og_site_name":"NTB XRAY, Digitale R\u00f6ntgenkameras und R\u00f6ntgen-Systeme f\u00fcr R\u00f6ntgenuntersuchungen, digitale R\u00f6ntgenbilder","article_modified_time":"2025-02-10T09:04:34+00:00","twitter_card":"summary_large_image","twitter_misc":{"Est. reading time":"2 minutes"},"schema":{"@context":"https:\/\/schema.org","@graph":[{"@type":"WebPage","@id":"https:\/\/ntbxray.com\/en\/products\/mcu-manipulator\/","url":"https:\/\/ntbxray.com\/en\/products\/mcu-manipulator\/","name":"MCU Manipulator - NTB XRAY, Digitale R\u00f6ntgenkameras und R\u00f6ntgen-Systeme f\u00fcr R\u00f6ntgenuntersuchungen, digitale R\u00f6ntgenbilder","isPartOf":{"@id":"https:\/\/ntbxray.com\/en\/#website"},"datePublished":"2024-09-23T06:37:00+00:00","dateModified":"2025-02-10T09:04:34+00:00","description":"The MCU extends NTB X-ray linescan camera systems with a powerful control unit for high-resolution stepper motors. Info: +49 5445 98 48 0","breadcrumb":{"@id":"https:\/\/ntbxray.com\/en\/products\/mcu-manipulator\/#breadcrumb"},"inLanguage":"en-US","potentialAction":[{"@type":"ReadAction","target":["https:\/\/ntbxray.com\/en\/products\/mcu-manipulator\/"]}]},{"@type":"BreadcrumbList","@id":"https:\/\/ntbxray.com\/en\/products\/mcu-manipulator\/#breadcrumb","itemListElement":[{"@type":"ListItem","position":1,"name":"Startseite","item":"https:\/\/ntbxray.com\/en\/"},{"@type":"ListItem","position":2,"name":"Products","item":"https:\/\/ntbxray.com\/en\/products\/"},{"@type":"ListItem","position":3,"name":"MCU Manipulator"}]},{"@type":"WebSite","@id":"https:\/\/ntbxray.com\/en\/#website","url":"https:\/\/ntbxray.com\/en\/","name":"NTB XRAY, Digitale R\u00f6ntgenkameras und R\u00f6ntgen-Systeme f\u00fcr R\u00f6ntgenuntersuchungen, digitale R\u00f6ntgenbilder","description":"","publisher":{"@id":"https:\/\/ntbxray.com\/en\/#organization"},"potentialAction":[{"@type":"SearchAction","target":{"@type":"EntryPoint","urlTemplate":"https:\/\/ntbxray.com\/en\/?s={search_term_string}"},"query-input":{"@type":"PropertyValueSpecification","valueRequired":true,"valueName":"search_term_string"}}],"inLanguage":"en-US"},{"@type":"Organization","@id":"https:\/\/ntbxray.com\/en\/#organization","name":"NTB XRAY, Digitale R\u00f6ntgenkameras und R\u00f6ntgen-Systeme f\u00fcr R\u00f6ntgenuntersuchungen, digitale R\u00f6ntgenbilder","url":"https:\/\/ntbxray.com\/en\/","logo":{"@type":"ImageObject","inLanguage":"en-US","@id":"https:\/\/ntbxray.com\/en\/#\/schema\/logo\/image\/","url":"https:\/\/ntbxray.com\/com_ntbxray\/wp-content\/uploads\/2024\/07\/Logo_NTB_200.png","contentUrl":"https:\/\/ntbxray.com\/com_ntbxray\/wp-content\/uploads\/2024\/07\/Logo_NTB_200.png","width":200,"height":86,"caption":"NTB XRAY, Digitale R\u00f6ntgenkameras und R\u00f6ntgen-Systeme f\u00fcr R\u00f6ntgenuntersuchungen, digitale R\u00f6ntgenbilder"},"image":{"@id":"https:\/\/ntbxray.com\/en\/#\/schema\/logo\/image\/"},"sameAs":["https:\/\/www.instagram.com\/ntbxray","https:\/\/www.youtube.com\/channel\/UCf6OaEnyndr_l6nSHcn91TA"]}]}},"_links":{"self":[{"href":"https:\/\/ntbxray.com\/en\/wp-json\/wp\/v2\/pages\/2895","targetHints":{"allow":["GET"]}}],"collection":[{"href":"https:\/\/ntbxray.com\/en\/wp-json\/wp\/v2\/pages"}],"about":[{"href":"https:\/\/ntbxray.com\/en\/wp-json\/wp\/v2\/types\/page"}],"author":[{"embeddable":true,"href":"https:\/\/ntbxray.com\/en\/wp-json\/wp\/v2\/users\/1"}],"replies":[{"embeddable":true,"href":"https:\/\/ntbxray.com\/en\/wp-json\/wp\/v2\/comments?post=2895"}],"version-history":[{"count":16,"href":"https:\/\/ntbxray.com\/en\/wp-json\/wp\/v2\/pages\/2895\/revisions"}],"predecessor-version":[{"id":3108,"href":"https:\/\/ntbxray.com\/en\/wp-json\/wp\/v2\/pages\/2895\/revisions\/3108"}],"up":[{"embeddable":true,"href":"https:\/\/ntbxray.com\/en\/wp-json\/wp\/v2\/pages\/2974"}],"wp:attachment":[{"href":"https:\/\/ntbxray.com\/en\/wp-json\/wp\/v2\/media?parent=2895"}],"curies":[{"name":"wp","href":"https:\/\/api.w.org\/{rel}","templated":true}]}}