{"id":2896,"date":"2024-08-20T13:32:52","date_gmt":"2024-08-20T11:32:52","guid":{"rendered":"https:\/\/ntbxray.com\/technical-data-scanner\/"},"modified":"2025-02-10T11:48:00","modified_gmt":"2025-02-10T10:48:00","slug":"technical-data-scanner","status":"publish","type":"page","link":"https:\/\/ntbxray.com\/en\/products\/digital-x-ray-scanner\/technical-data-scanner\/","title":{"rendered":"Technical data scanner"},"content":{"rendered":"<div class=\"wpb-content-wrapper\"><p>[vc_row css=&#8221;.vc_custom_1724153552634{padding-bottom: 55px !important;}&#8221;][vc_column]<div id=\"ultimate-heading-172469e198200972e\" class=\"uvc-heading ult-adjust-bottom-margin ultimate-heading-172469e198200972e uvc-5722  uvc-heading-default-font-sizes\" data-hspacer=\"no_spacer\"  data-halign=\"center\" style=\"text-align:center\"><div class=\"uvc-heading-spacer no_spacer\" style=\"top\"><\/div><div class=\"uvc-main-heading ult-responsive\"  data-ultimate-target='.uvc-heading.ultimate-heading-172469e198200972e h1'  data-responsive-json-new='{\"font-size\":\"\",\"line-height\":\"\"}' ><h1 style=\"--font-weight:theme;\">Technical data<\/h1><\/div><div class=\"uvc-sub-heading ult-responsive\"  data-ultimate-target='.uvc-heading.ultimate-heading-172469e198200972e .uvc-sub-heading '  data-responsive-json-new='{\"font-size\":\"\",\"line-height\":\"\"}'  style=\"font-weight:normal;margin-top:15px;\">The X-Ray scanner from NTB available in four sizes<\/div><\/div>[\/vc_column][\/vc_row][vc_row css_animation=&#8221;zoomIn&#8221;][vc_column][vc_column_text css=&#8221;&#8221;]\n<table id=\"tablepress-20\" class=\"tablepress tablepress-id-20 tbody-has-connected-cells\">\n<thead>\n<tr class=\"row-1\">\n\t<th class=\"column-1\"><strong>Scanner type<\/strong><\/th><th class=\"column-2\"><strong>EZ 240<\/strong><\/th><th class=\"column-3\"><strong>EZ 320<\/strong><\/th><th class=\"column-4\"><strong>EZ 400<\/strong><\/th><th class=\"column-5\"><\/strong>EZ 480<\/strong><\/th>\n<\/tr>\n<\/thead>\n<tbody class=\"row-striping row-hover\">\n<tr class=\"row-2\">\n\t<td class=\"column-1\"><strong>Image size in mm<\/strong><\/td><td class=\"column-2\">236 x 236<\/td><td class=\"column-3\">314 x 314<\/td><td class=\"column-4\">393 x 393<\/td><td class=\"column-5\">471 x 471<\/td>\n<\/tr>\n<tr class=\"row-3\">\n\t<td class=\"column-1\"><strong>Image resolution in pixel<\/strong><\/td><td class=\"column-2\">2782 x 2782<\/td><td class=\"column-3\">3710 x 3710<\/td><td class=\"column-4\">4638 x 4638<\/td><td class=\"column-5\">5566 x 5566<\/td>\n<\/tr>\n<tr class=\"row-4\">\n\t<td class=\"column-1\"><strong>Dimensions in mm<\/strong><\/td><td class=\"column-2\">320 x 360 x 71<\/td><td class=\"column-3\">400 x 440 x 71<\/td><td class=\"column-4\">478 x 520 x 71<\/td><td class=\"column-5\">556 x 600 x 71<\/td>\n<\/tr>\n<tr class=\"row-5\">\n\t<td class=\"column-1\"><strong>Resolution<\/strong><\/td><td colspan=\"4\" class=\"column-2\"><center>12 Pixel\/mm = 83 \u00b5m<\/center><\/td>\n<\/tr>\n<tr class=\"row-6\">\n\t<td class=\"column-1\"><strong>Dynamic range<\/strong><\/td><td colspan=\"4\" class=\"column-2\"><center>12 Bit = 4096 Grayscale<\/center><\/td>\n<\/tr>\n<tr class=\"row-7\">\n\t<td class=\"column-1\"><strong>Exposure time per line<\/strong><\/td><td colspan=\"2\" class=\"column-2\"><center>1 ms - 1100 ms<\/center><\/td><td colspan=\"2\" class=\"column-4\"><center>2 ms - 1100 ms<\/center><\/td>\n<\/tr>\n<tr class=\"row-8\">\n\t<td class=\"column-1\"><strong>Max. Image capture speed<\/strong><\/td><td colspan=\"4\" class=\"column-2\"><center>83 mm\/s<\/center><\/td>\n<\/tr>\n<tr class=\"row-9\">\n\t<td class=\"column-1\"><strong>Energy range<\/strong><\/td><td colspan=\"4\" class=\"column-2\"><center>10 kV - 160 (higher energy on request)<\/center><\/td>\n<\/tr>\n<tr class=\"row-10\">\n\t<td class=\"column-1\"><strong>Power supply<\/strong><\/td><td colspan=\"4\" class=\"column-2\"><center>110 V \/ 230 V<\/center><\/td>\n<\/tr>\n<tr class=\"row-11\">\n\t<td class=\"column-1\"><strong>Operating system<\/strong><\/td><td colspan=\"4\" class=\"column-2\"><center>Windows<\/center><\/td>\n<\/tr>\n<\/tbody>\n<\/table>\n<!-- #tablepress-20 from cache -->[\/vc_column_text][\/vc_column][\/vc_row]<\/p>\n<\/div>","protected":false},"excerpt":{"rendered":"<p>[vc_row css=&#8221;.vc_custom_1724153552634{padding-bottom: 55px !important;}&#8221;][vc_column][\/vc_column][\/vc_row][vc_row css_animation=&#8221;zoomIn&#8221;][vc_column][vc_column_text css=&#8221;&#8221;][\/vc_column_text][\/vc_column][\/vc_row]<\/p>\n","protected":false},"author":1,"featured_media":0,"parent":3021,"menu_order":0,"comment_status":"closed","ping_status":"closed","template":"","meta":{"footnotes":""},"class_list":["post-2896","page","type-page","status-publish","hentry","description-off"],"yoast_head":"<!-- This site is optimized with the Yoast SEO plugin v27.2 - https:\/\/yoast.com\/product\/yoast-seo-wordpress\/ -->\n<title>Technical data scanner - NTB XRAY, Digitale R\u00f6ntgenkameras und R\u00f6ntgen-Systeme f\u00fcr R\u00f6ntgenuntersuchungen, digitale R\u00f6ntgenbilder<\/title>\n<meta name=\"description\" content=\"Technical data - the Digital X-Ray scanner from NTB is available in four different sizes - Info: +49 5445 98 48 0\" \/>\n<meta name=\"robots\" content=\"index, follow, max-snippet:-1, max-image-preview:large, max-video-preview:-1\" \/>\n<link rel=\"canonical\" href=\"https:\/\/ntbxray.com\/en\/products\/digital-x-ray-scanner\/technical-data-scanner\/\" \/>\n<meta property=\"og:locale\" content=\"en_US\" \/>\n<meta property=\"og:type\" content=\"article\" \/>\n<meta property=\"og:title\" content=\"Technical data scanner - NTB XRAY, Digitale R\u00f6ntgenkameras und R\u00f6ntgen-Systeme f\u00fcr R\u00f6ntgenuntersuchungen, digitale R\u00f6ntgenbilder\" \/>\n<meta property=\"og:description\" content=\"Technical data - the Digital X-Ray scanner from NTB is available in four different sizes - Info: +49 5445 98 48 0\" \/>\n<meta property=\"og:url\" content=\"https:\/\/ntbxray.com\/en\/products\/digital-x-ray-scanner\/technical-data-scanner\/\" \/>\n<meta property=\"og:site_name\" content=\"NTB XRAY, Digitale R\u00f6ntgenkameras und R\u00f6ntgen-Systeme f\u00fcr R\u00f6ntgenuntersuchungen, digitale R\u00f6ntgenbilder\" \/>\n<meta property=\"article:modified_time\" content=\"2025-02-10T10:48:00+00:00\" \/>\n<meta name=\"twitter:card\" content=\"summary_large_image\" \/>\n<meta name=\"twitter:label1\" content=\"Est. reading time\" \/>\n\t<meta name=\"twitter:data1\" content=\"1 minute\" \/>\n<script type=\"application\/ld+json\" class=\"yoast-schema-graph\">{\"@context\":\"https:\/\/schema.org\",\"@graph\":[{\"@type\":\"WebPage\",\"@id\":\"https:\/\/ntbxray.com\/en\/products\/digital-x-ray-scanner\/technical-data-scanner\/\",\"url\":\"https:\/\/ntbxray.com\/en\/products\/digital-x-ray-scanner\/technical-data-scanner\/\",\"name\":\"Technical data scanner - NTB XRAY, Digitale R\u00f6ntgenkameras und R\u00f6ntgen-Systeme f\u00fcr R\u00f6ntgenuntersuchungen, digitale R\u00f6ntgenbilder\",\"isPartOf\":{\"@id\":\"https:\/\/ntbxray.com\/en\/#website\"},\"datePublished\":\"2024-08-20T11:32:52+00:00\",\"dateModified\":\"2025-02-10T10:48:00+00:00\",\"description\":\"Technical data - the Digital X-Ray scanner from NTB is available in four different sizes - Info: +49 5445 98 48 0\",\"breadcrumb\":{\"@id\":\"https:\/\/ntbxray.com\/en\/products\/digital-x-ray-scanner\/technical-data-scanner\/#breadcrumb\"},\"inLanguage\":\"en-US\",\"potentialAction\":[{\"@type\":\"ReadAction\",\"target\":[\"https:\/\/ntbxray.com\/en\/products\/digital-x-ray-scanner\/technical-data-scanner\/\"]}]},{\"@type\":\"BreadcrumbList\",\"@id\":\"https:\/\/ntbxray.com\/en\/products\/digital-x-ray-scanner\/technical-data-scanner\/#breadcrumb\",\"itemListElement\":[{\"@type\":\"ListItem\",\"position\":1,\"name\":\"Startseite\",\"item\":\"https:\/\/ntbxray.com\/en\/\"},{\"@type\":\"ListItem\",\"position\":2,\"name\":\"Products\",\"item\":\"https:\/\/ntbxray.com\/en\/products\/\"},{\"@type\":\"ListItem\",\"position\":3,\"name\":\"Digital X-ray scanner\",\"item\":\"https:\/\/ntbxray.com\/en\/products\/digital-x-ray-scanner\/\"},{\"@type\":\"ListItem\",\"position\":4,\"name\":\"Technical data scanner\"}]},{\"@type\":\"WebSite\",\"@id\":\"https:\/\/ntbxray.com\/en\/#website\",\"url\":\"https:\/\/ntbxray.com\/en\/\",\"name\":\"NTB XRAY, Digitale R\u00f6ntgenkameras und R\u00f6ntgen-Systeme f\u00fcr R\u00f6ntgenuntersuchungen, digitale R\u00f6ntgenbilder\",\"description\":\"\",\"publisher\":{\"@id\":\"https:\/\/ntbxray.com\/en\/#organization\"},\"potentialAction\":[{\"@type\":\"SearchAction\",\"target\":{\"@type\":\"EntryPoint\",\"urlTemplate\":\"https:\/\/ntbxray.com\/en\/?s={search_term_string}\"},\"query-input\":{\"@type\":\"PropertyValueSpecification\",\"valueRequired\":true,\"valueName\":\"search_term_string\"}}],\"inLanguage\":\"en-US\"},{\"@type\":\"Organization\",\"@id\":\"https:\/\/ntbxray.com\/en\/#organization\",\"name\":\"NTB XRAY, Digitale R\u00f6ntgenkameras und R\u00f6ntgen-Systeme f\u00fcr R\u00f6ntgenuntersuchungen, digitale R\u00f6ntgenbilder\",\"url\":\"https:\/\/ntbxray.com\/en\/\",\"logo\":{\"@type\":\"ImageObject\",\"inLanguage\":\"en-US\",\"@id\":\"https:\/\/ntbxray.com\/en\/#\/schema\/logo\/image\/\",\"url\":\"https:\/\/ntbxray.com\/com_ntbxray\/wp-content\/uploads\/2024\/07\/Logo_NTB_200.png\",\"contentUrl\":\"https:\/\/ntbxray.com\/com_ntbxray\/wp-content\/uploads\/2024\/07\/Logo_NTB_200.png\",\"width\":200,\"height\":86,\"caption\":\"NTB XRAY, Digitale R\u00f6ntgenkameras und R\u00f6ntgen-Systeme f\u00fcr R\u00f6ntgenuntersuchungen, digitale R\u00f6ntgenbilder\"},\"image\":{\"@id\":\"https:\/\/ntbxray.com\/en\/#\/schema\/logo\/image\/\"},\"sameAs\":[\"https:\/\/www.instagram.com\/ntbxray\",\"https:\/\/www.youtube.com\/channel\/UCf6OaEnyndr_l6nSHcn91TA\"]}]}<\/script>\n<!-- \/ Yoast SEO plugin. -->","yoast_head_json":{"title":"Technical data scanner - NTB XRAY, Digitale R\u00f6ntgenkameras und R\u00f6ntgen-Systeme f\u00fcr R\u00f6ntgenuntersuchungen, digitale R\u00f6ntgenbilder","description":"Technical data - the Digital X-Ray scanner from NTB is available in four different sizes - Info: +49 5445 98 48 0","robots":{"index":"index","follow":"follow","max-snippet":"max-snippet:-1","max-image-preview":"max-image-preview:large","max-video-preview":"max-video-preview:-1"},"canonical":"https:\/\/ntbxray.com\/en\/products\/digital-x-ray-scanner\/technical-data-scanner\/","og_locale":"en_US","og_type":"article","og_title":"Technical data scanner - NTB XRAY, Digitale R\u00f6ntgenkameras und R\u00f6ntgen-Systeme f\u00fcr R\u00f6ntgenuntersuchungen, digitale R\u00f6ntgenbilder","og_description":"Technical data - the Digital X-Ray scanner from NTB is available in four different sizes - Info: +49 5445 98 48 0","og_url":"https:\/\/ntbxray.com\/en\/products\/digital-x-ray-scanner\/technical-data-scanner\/","og_site_name":"NTB XRAY, Digitale R\u00f6ntgenkameras und R\u00f6ntgen-Systeme f\u00fcr R\u00f6ntgenuntersuchungen, digitale R\u00f6ntgenbilder","article_modified_time":"2025-02-10T10:48:00+00:00","twitter_card":"summary_large_image","twitter_misc":{"Est. reading time":"1 minute"},"schema":{"@context":"https:\/\/schema.org","@graph":[{"@type":"WebPage","@id":"https:\/\/ntbxray.com\/en\/products\/digital-x-ray-scanner\/technical-data-scanner\/","url":"https:\/\/ntbxray.com\/en\/products\/digital-x-ray-scanner\/technical-data-scanner\/","name":"Technical data scanner - NTB XRAY, Digitale R\u00f6ntgenkameras und R\u00f6ntgen-Systeme f\u00fcr R\u00f6ntgenuntersuchungen, digitale R\u00f6ntgenbilder","isPartOf":{"@id":"https:\/\/ntbxray.com\/en\/#website"},"datePublished":"2024-08-20T11:32:52+00:00","dateModified":"2025-02-10T10:48:00+00:00","description":"Technical data - the Digital X-Ray scanner from NTB is available in four different sizes - Info: +49 5445 98 48 0","breadcrumb":{"@id":"https:\/\/ntbxray.com\/en\/products\/digital-x-ray-scanner\/technical-data-scanner\/#breadcrumb"},"inLanguage":"en-US","potentialAction":[{"@type":"ReadAction","target":["https:\/\/ntbxray.com\/en\/products\/digital-x-ray-scanner\/technical-data-scanner\/"]}]},{"@type":"BreadcrumbList","@id":"https:\/\/ntbxray.com\/en\/products\/digital-x-ray-scanner\/technical-data-scanner\/#breadcrumb","itemListElement":[{"@type":"ListItem","position":1,"name":"Startseite","item":"https:\/\/ntbxray.com\/en\/"},{"@type":"ListItem","position":2,"name":"Products","item":"https:\/\/ntbxray.com\/en\/products\/"},{"@type":"ListItem","position":3,"name":"Digital X-ray scanner","item":"https:\/\/ntbxray.com\/en\/products\/digital-x-ray-scanner\/"},{"@type":"ListItem","position":4,"name":"Technical data scanner"}]},{"@type":"WebSite","@id":"https:\/\/ntbxray.com\/en\/#website","url":"https:\/\/ntbxray.com\/en\/","name":"NTB XRAY, Digitale R\u00f6ntgenkameras und R\u00f6ntgen-Systeme f\u00fcr R\u00f6ntgenuntersuchungen, digitale R\u00f6ntgenbilder","description":"","publisher":{"@id":"https:\/\/ntbxray.com\/en\/#organization"},"potentialAction":[{"@type":"SearchAction","target":{"@type":"EntryPoint","urlTemplate":"https:\/\/ntbxray.com\/en\/?s={search_term_string}"},"query-input":{"@type":"PropertyValueSpecification","valueRequired":true,"valueName":"search_term_string"}}],"inLanguage":"en-US"},{"@type":"Organization","@id":"https:\/\/ntbxray.com\/en\/#organization","name":"NTB XRAY, Digitale R\u00f6ntgenkameras und R\u00f6ntgen-Systeme f\u00fcr R\u00f6ntgenuntersuchungen, digitale R\u00f6ntgenbilder","url":"https:\/\/ntbxray.com\/en\/","logo":{"@type":"ImageObject","inLanguage":"en-US","@id":"https:\/\/ntbxray.com\/en\/#\/schema\/logo\/image\/","url":"https:\/\/ntbxray.com\/com_ntbxray\/wp-content\/uploads\/2024\/07\/Logo_NTB_200.png","contentUrl":"https:\/\/ntbxray.com\/com_ntbxray\/wp-content\/uploads\/2024\/07\/Logo_NTB_200.png","width":200,"height":86,"caption":"NTB XRAY, Digitale R\u00f6ntgenkameras und R\u00f6ntgen-Systeme f\u00fcr R\u00f6ntgenuntersuchungen, digitale R\u00f6ntgenbilder"},"image":{"@id":"https:\/\/ntbxray.com\/en\/#\/schema\/logo\/image\/"},"sameAs":["https:\/\/www.instagram.com\/ntbxray","https:\/\/www.youtube.com\/channel\/UCf6OaEnyndr_l6nSHcn91TA"]}]}},"_links":{"self":[{"href":"https:\/\/ntbxray.com\/en\/wp-json\/wp\/v2\/pages\/2896","targetHints":{"allow":["GET"]}}],"collection":[{"href":"https:\/\/ntbxray.com\/en\/wp-json\/wp\/v2\/pages"}],"about":[{"href":"https:\/\/ntbxray.com\/en\/wp-json\/wp\/v2\/types\/page"}],"author":[{"embeddable":true,"href":"https:\/\/ntbxray.com\/en\/wp-json\/wp\/v2\/users\/1"}],"replies":[{"embeddable":true,"href":"https:\/\/ntbxray.com\/en\/wp-json\/wp\/v2\/comments?post=2896"}],"version-history":[{"count":17,"href":"https:\/\/ntbxray.com\/en\/wp-json\/wp\/v2\/pages\/2896\/revisions"}],"predecessor-version":[{"id":3181,"href":"https:\/\/ntbxray.com\/en\/wp-json\/wp\/v2\/pages\/2896\/revisions\/3181"}],"up":[{"embeddable":true,"href":"https:\/\/ntbxray.com\/en\/wp-json\/wp\/v2\/pages\/3021"}],"wp:attachment":[{"href":"https:\/\/ntbxray.com\/en\/wp-json\/wp\/v2\/media?parent=2896"}],"curies":[{"name":"wp","href":"https:\/\/api.w.org\/{rel}","templated":true}]}}