{"id":2903,"date":"2024-08-20T13:44:09","date_gmt":"2024-08-20T11:44:09","guid":{"rendered":"https:\/\/ntbxray.com\/scanner-operating-principle\/"},"modified":"2025-02-10T10:30:32","modified_gmt":"2025-02-10T09:30:32","slug":"scanner-operating-principle","status":"publish","type":"page","link":"https:\/\/ntbxray.com\/en\/products\/digital-x-ray-scanner\/scanner-operating-principle\/","title":{"rendered":"Scanner operating principle"},"content":{"rendered":"<div class=\"wpb-content-wrapper\"><p>[vc_row css=&#8221;.vc_custom_1724154175331{padding-bottom: 60px !important;}&#8221;][vc_column]<div id=\"ultimate-heading-29769e471d653b62\" class=\"uvc-heading ult-adjust-bottom-margin ultimate-heading-29769e471d653b62 uvc-5427  uvc-heading-default-font-sizes\" data-hspacer=\"no_spacer\"  data-halign=\"center\" style=\"text-align:center\"><div class=\"uvc-heading-spacer no_spacer\" style=\"top\"><\/div><div class=\"uvc-main-heading ult-responsive\"  data-ultimate-target='.uvc-heading.ultimate-heading-29769e471d653b62 h1'  data-responsive-json-new='{\"font-size\":\"\",\"line-height\":\"\"}' ><h1 style=\"--font-weight:theme;\">Operating principle<\/h1><\/div><div class=\"uvc-sub-heading ult-responsive\"  data-ultimate-target='.uvc-heading.ultimate-heading-29769e471d653b62 .uvc-sub-heading '  data-responsive-json-new='{\"font-size\":\"\",\"line-height\":\"\"}'  style=\"font-weight:normal;margin-top:15px;\">How X-ray works with the NTB X-ray scanner<\/div><\/div>[\/vc_column][\/vc_row][vc_row css=&#8221;.vc_custom_1724154221960{padding-bottom: 70px !important;}&#8221;][vc_column][vc_column_text css=&#8221;&#8221;]The operating principle of an X-ray scanner is based on the interaction of precise mechanics and digital image processing. The placed object is scanned <b>line by line<\/b>. The scanner works with a specially developed X-ray detector that offers exceptionally high performance. The object to be examined is positioned on a stable carbon fiber plate, which serves as the base for the X-ray image.   <\/p>\n<p>After the scan is initiated, the scanner mechanically moves across the object, with the X-ray detector continuously capturing the X-ray signal passing through the test object. This signal is directly digitized by high-precision A\/D converters with a resolution of 12 bits, corresponding to <b>4096 grayscales<\/b>. By scanning line by line, a digital X-ray image of the object&#8217;s internal structure is created.  <\/p>\n<p>The generated X-ray image is displayed in real-time on a monitor, allowing for immediate, detailed analysis and precise measurements. The digital images can then be further processed, archived, and easily integrated into reports. Additionally, there is the option to electronically transmit the data to share it with other systems or experts.  <\/p>\n<p>(Video Coming Soon)[\/vc_column_text][\/vc_column][\/vc_row][vc_row][vc_column][\/vc_column][\/vc_row]<\/p>\n<\/div>","protected":false},"excerpt":{"rendered":"<p>[vc_row css=&#8221;.vc_custom_1724154175331{padding-bottom: 60px !important;}&#8221;][vc_column][\/vc_column][\/vc_row][vc_row css=&#8221;.vc_custom_1724154221960{padding-bottom: 70px !important;}&#8221;][vc_column][vc_column_text css=&#8221;&#8221;]The operating principle of an X-ray scanner is based on the interaction of precise mechanics and digital image processing. The placed object is scanned line by line. The scanner works with a specially developed X-ray detector that offers exceptionally high performance. The object to be examined is positioned&hellip;<\/p>\n","protected":false},"author":1,"featured_media":0,"parent":3021,"menu_order":0,"comment_status":"closed","ping_status":"closed","template":"","meta":{"footnotes":""},"class_list":["post-2903","page","type-page","status-publish","hentry","description-off"],"yoast_head":"<!-- This site is optimized with the Yoast SEO plugin v27.2 - https:\/\/yoast.com\/product\/yoast-seo-wordpress\/ -->\n<title>Scanner operating principle - NTB XRAY, Digitale R\u00f6ntgenkameras und R\u00f6ntgen-Systeme f\u00fcr R\u00f6ntgenuntersuchungen, digitale R\u00f6ntgenbilder<\/title>\n<meta name=\"description\" content=\"The operating principle of an X-ray scanner from NTB is based on the interaction of precise mechanics and digital image processing Info: +49 5445 98 48 0\" \/>\n<meta name=\"robots\" content=\"index, follow, max-snippet:-1, max-image-preview:large, max-video-preview:-1\" \/>\n<link rel=\"canonical\" href=\"https:\/\/ntbxray.com\/en\/products\/digital-x-ray-scanner\/scanner-operating-principle\/\" \/>\n<meta property=\"og:locale\" content=\"en_US\" \/>\n<meta property=\"og:type\" content=\"article\" \/>\n<meta property=\"og:title\" content=\"Scanner operating principle - NTB XRAY, Digitale R\u00f6ntgenkameras und R\u00f6ntgen-Systeme f\u00fcr R\u00f6ntgenuntersuchungen, digitale R\u00f6ntgenbilder\" \/>\n<meta property=\"og:description\" content=\"The operating principle of an X-ray scanner from NTB is based on the interaction of precise mechanics and digital image processing Info: +49 5445 98 48 0\" \/>\n<meta property=\"og:url\" content=\"https:\/\/ntbxray.com\/en\/products\/digital-x-ray-scanner\/scanner-operating-principle\/\" \/>\n<meta property=\"og:site_name\" content=\"NTB XRAY, Digitale R\u00f6ntgenkameras und R\u00f6ntgen-Systeme f\u00fcr R\u00f6ntgenuntersuchungen, digitale R\u00f6ntgenbilder\" \/>\n<meta property=\"article:modified_time\" content=\"2025-02-10T09:30:32+00:00\" \/>\n<meta name=\"twitter:card\" content=\"summary_large_image\" \/>\n<meta name=\"twitter:label1\" content=\"Est. reading time\" \/>\n\t<meta name=\"twitter:data1\" content=\"1 minute\" \/>\n<script type=\"application\/ld+json\" class=\"yoast-schema-graph\">{\"@context\":\"https:\/\/schema.org\",\"@graph\":[{\"@type\":\"WebPage\",\"@id\":\"https:\/\/ntbxray.com\/en\/products\/digital-x-ray-scanner\/scanner-operating-principle\/\",\"url\":\"https:\/\/ntbxray.com\/en\/products\/digital-x-ray-scanner\/scanner-operating-principle\/\",\"name\":\"Scanner operating principle - NTB XRAY, Digitale R\u00f6ntgenkameras und R\u00f6ntgen-Systeme f\u00fcr R\u00f6ntgenuntersuchungen, digitale R\u00f6ntgenbilder\",\"isPartOf\":{\"@id\":\"https:\/\/ntbxray.com\/en\/#website\"},\"datePublished\":\"2024-08-20T11:44:09+00:00\",\"dateModified\":\"2025-02-10T09:30:32+00:00\",\"description\":\"The operating principle of an X-ray scanner from NTB is based on the interaction of precise mechanics and digital image processing Info: +49 5445 98 48 0\",\"breadcrumb\":{\"@id\":\"https:\/\/ntbxray.com\/en\/products\/digital-x-ray-scanner\/scanner-operating-principle\/#breadcrumb\"},\"inLanguage\":\"en-US\",\"potentialAction\":[{\"@type\":\"ReadAction\",\"target\":[\"https:\/\/ntbxray.com\/en\/products\/digital-x-ray-scanner\/scanner-operating-principle\/\"]}]},{\"@type\":\"BreadcrumbList\",\"@id\":\"https:\/\/ntbxray.com\/en\/products\/digital-x-ray-scanner\/scanner-operating-principle\/#breadcrumb\",\"itemListElement\":[{\"@type\":\"ListItem\",\"position\":1,\"name\":\"Startseite\",\"item\":\"https:\/\/ntbxray.com\/en\/\"},{\"@type\":\"ListItem\",\"position\":2,\"name\":\"Products\",\"item\":\"https:\/\/ntbxray.com\/en\/products\/\"},{\"@type\":\"ListItem\",\"position\":3,\"name\":\"Digital X-ray scanner\",\"item\":\"https:\/\/ntbxray.com\/en\/products\/digital-x-ray-scanner\/\"},{\"@type\":\"ListItem\",\"position\":4,\"name\":\"Scanner operating principle\"}]},{\"@type\":\"WebSite\",\"@id\":\"https:\/\/ntbxray.com\/en\/#website\",\"url\":\"https:\/\/ntbxray.com\/en\/\",\"name\":\"NTB XRAY, Digitale R\u00f6ntgenkameras und R\u00f6ntgen-Systeme f\u00fcr R\u00f6ntgenuntersuchungen, digitale R\u00f6ntgenbilder\",\"description\":\"\",\"publisher\":{\"@id\":\"https:\/\/ntbxray.com\/en\/#organization\"},\"potentialAction\":[{\"@type\":\"SearchAction\",\"target\":{\"@type\":\"EntryPoint\",\"urlTemplate\":\"https:\/\/ntbxray.com\/en\/?s={search_term_string}\"},\"query-input\":{\"@type\":\"PropertyValueSpecification\",\"valueRequired\":true,\"valueName\":\"search_term_string\"}}],\"inLanguage\":\"en-US\"},{\"@type\":\"Organization\",\"@id\":\"https:\/\/ntbxray.com\/en\/#organization\",\"name\":\"NTB XRAY, Digitale R\u00f6ntgenkameras und R\u00f6ntgen-Systeme f\u00fcr R\u00f6ntgenuntersuchungen, digitale R\u00f6ntgenbilder\",\"url\":\"https:\/\/ntbxray.com\/en\/\",\"logo\":{\"@type\":\"ImageObject\",\"inLanguage\":\"en-US\",\"@id\":\"https:\/\/ntbxray.com\/en\/#\/schema\/logo\/image\/\",\"url\":\"https:\/\/ntbxray.com\/com_ntbxray\/wp-content\/uploads\/2024\/07\/Logo_NTB_200.png\",\"contentUrl\":\"https:\/\/ntbxray.com\/com_ntbxray\/wp-content\/uploads\/2024\/07\/Logo_NTB_200.png\",\"width\":200,\"height\":86,\"caption\":\"NTB XRAY, Digitale R\u00f6ntgenkameras und R\u00f6ntgen-Systeme f\u00fcr R\u00f6ntgenuntersuchungen, digitale R\u00f6ntgenbilder\"},\"image\":{\"@id\":\"https:\/\/ntbxray.com\/en\/#\/schema\/logo\/image\/\"},\"sameAs\":[\"https:\/\/www.instagram.com\/ntbxray\",\"https:\/\/www.youtube.com\/channel\/UCf6OaEnyndr_l6nSHcn91TA\"]}]}<\/script>\n<!-- \/ Yoast SEO plugin. -->","yoast_head_json":{"title":"Scanner operating principle - NTB XRAY, Digitale R\u00f6ntgenkameras und R\u00f6ntgen-Systeme f\u00fcr R\u00f6ntgenuntersuchungen, digitale R\u00f6ntgenbilder","description":"The operating principle of an X-ray scanner from NTB is based on the interaction of precise mechanics and digital image processing Info: +49 5445 98 48 0","robots":{"index":"index","follow":"follow","max-snippet":"max-snippet:-1","max-image-preview":"max-image-preview:large","max-video-preview":"max-video-preview:-1"},"canonical":"https:\/\/ntbxray.com\/en\/products\/digital-x-ray-scanner\/scanner-operating-principle\/","og_locale":"en_US","og_type":"article","og_title":"Scanner operating principle - NTB XRAY, Digitale R\u00f6ntgenkameras und R\u00f6ntgen-Systeme f\u00fcr R\u00f6ntgenuntersuchungen, digitale R\u00f6ntgenbilder","og_description":"The operating principle of an X-ray scanner from NTB is based on the interaction of precise mechanics and digital image processing Info: +49 5445 98 48 0","og_url":"https:\/\/ntbxray.com\/en\/products\/digital-x-ray-scanner\/scanner-operating-principle\/","og_site_name":"NTB XRAY, Digitale R\u00f6ntgenkameras und R\u00f6ntgen-Systeme f\u00fcr R\u00f6ntgenuntersuchungen, digitale R\u00f6ntgenbilder","article_modified_time":"2025-02-10T09:30:32+00:00","twitter_card":"summary_large_image","twitter_misc":{"Est. reading time":"1 minute"},"schema":{"@context":"https:\/\/schema.org","@graph":[{"@type":"WebPage","@id":"https:\/\/ntbxray.com\/en\/products\/digital-x-ray-scanner\/scanner-operating-principle\/","url":"https:\/\/ntbxray.com\/en\/products\/digital-x-ray-scanner\/scanner-operating-principle\/","name":"Scanner operating principle - NTB XRAY, Digitale R\u00f6ntgenkameras und R\u00f6ntgen-Systeme f\u00fcr R\u00f6ntgenuntersuchungen, digitale R\u00f6ntgenbilder","isPartOf":{"@id":"https:\/\/ntbxray.com\/en\/#website"},"datePublished":"2024-08-20T11:44:09+00:00","dateModified":"2025-02-10T09:30:32+00:00","description":"The operating principle of an X-ray scanner from NTB is based on the interaction of precise mechanics and digital image processing Info: +49 5445 98 48 0","breadcrumb":{"@id":"https:\/\/ntbxray.com\/en\/products\/digital-x-ray-scanner\/scanner-operating-principle\/#breadcrumb"},"inLanguage":"en-US","potentialAction":[{"@type":"ReadAction","target":["https:\/\/ntbxray.com\/en\/products\/digital-x-ray-scanner\/scanner-operating-principle\/"]}]},{"@type":"BreadcrumbList","@id":"https:\/\/ntbxray.com\/en\/products\/digital-x-ray-scanner\/scanner-operating-principle\/#breadcrumb","itemListElement":[{"@type":"ListItem","position":1,"name":"Startseite","item":"https:\/\/ntbxray.com\/en\/"},{"@type":"ListItem","position":2,"name":"Products","item":"https:\/\/ntbxray.com\/en\/products\/"},{"@type":"ListItem","position":3,"name":"Digital X-ray scanner","item":"https:\/\/ntbxray.com\/en\/products\/digital-x-ray-scanner\/"},{"@type":"ListItem","position":4,"name":"Scanner operating principle"}]},{"@type":"WebSite","@id":"https:\/\/ntbxray.com\/en\/#website","url":"https:\/\/ntbxray.com\/en\/","name":"NTB XRAY, Digitale R\u00f6ntgenkameras und R\u00f6ntgen-Systeme f\u00fcr R\u00f6ntgenuntersuchungen, digitale R\u00f6ntgenbilder","description":"","publisher":{"@id":"https:\/\/ntbxray.com\/en\/#organization"},"potentialAction":[{"@type":"SearchAction","target":{"@type":"EntryPoint","urlTemplate":"https:\/\/ntbxray.com\/en\/?s={search_term_string}"},"query-input":{"@type":"PropertyValueSpecification","valueRequired":true,"valueName":"search_term_string"}}],"inLanguage":"en-US"},{"@type":"Organization","@id":"https:\/\/ntbxray.com\/en\/#organization","name":"NTB XRAY, Digitale R\u00f6ntgenkameras und R\u00f6ntgen-Systeme f\u00fcr R\u00f6ntgenuntersuchungen, digitale R\u00f6ntgenbilder","url":"https:\/\/ntbxray.com\/en\/","logo":{"@type":"ImageObject","inLanguage":"en-US","@id":"https:\/\/ntbxray.com\/en\/#\/schema\/logo\/image\/","url":"https:\/\/ntbxray.com\/com_ntbxray\/wp-content\/uploads\/2024\/07\/Logo_NTB_200.png","contentUrl":"https:\/\/ntbxray.com\/com_ntbxray\/wp-content\/uploads\/2024\/07\/Logo_NTB_200.png","width":200,"height":86,"caption":"NTB XRAY, Digitale R\u00f6ntgenkameras und R\u00f6ntgen-Systeme f\u00fcr R\u00f6ntgenuntersuchungen, digitale R\u00f6ntgenbilder"},"image":{"@id":"https:\/\/ntbxray.com\/en\/#\/schema\/logo\/image\/"},"sameAs":["https:\/\/www.instagram.com\/ntbxray","https:\/\/www.youtube.com\/channel\/UCf6OaEnyndr_l6nSHcn91TA"]}]}},"_links":{"self":[{"href":"https:\/\/ntbxray.com\/en\/wp-json\/wp\/v2\/pages\/2903","targetHints":{"allow":["GET"]}}],"collection":[{"href":"https:\/\/ntbxray.com\/en\/wp-json\/wp\/v2\/pages"}],"about":[{"href":"https:\/\/ntbxray.com\/en\/wp-json\/wp\/v2\/types\/page"}],"author":[{"embeddable":true,"href":"https:\/\/ntbxray.com\/en\/wp-json\/wp\/v2\/users\/1"}],"replies":[{"embeddable":true,"href":"https:\/\/ntbxray.com\/en\/wp-json\/wp\/v2\/comments?post=2903"}],"version-history":[{"count":5,"href":"https:\/\/ntbxray.com\/en\/wp-json\/wp\/v2\/pages\/2903\/revisions"}],"predecessor-version":[{"id":3126,"href":"https:\/\/ntbxray.com\/en\/wp-json\/wp\/v2\/pages\/2903\/revisions\/3126"}],"up":[{"embeddable":true,"href":"https:\/\/ntbxray.com\/en\/wp-json\/wp\/v2\/pages\/3021"}],"wp:attachment":[{"href":"https:\/\/ntbxray.com\/en\/wp-json\/wp\/v2\/media?parent=2903"}],"curies":[{"name":"wp","href":"https:\/\/api.w.org\/{rel}","templated":true}]}}