{"id":2965,"date":"2024-08-12T11:33:11","date_gmt":"2024-08-12T09:33:11","guid":{"rendered":"https:\/\/ntbxray.com\/about-us\/"},"modified":"2025-02-10T10:55:30","modified_gmt":"2025-02-10T09:55:30","slug":"about-us","status":"publish","type":"page","link":"https:\/\/ntbxray.com\/en\/about-us\/","title":{"rendered":"About us"},"content":{"rendered":"<div class=\"wpb-content-wrapper\"><p>[vc_row css=&#8221;.vc_custom_1723452995866{padding-bottom: 70px !important;}&#8221;][vc_column]<div id=\"ultimate-heading-948769e1a8f90692b\" class=\"uvc-heading ult-adjust-bottom-margin ultimate-heading-948769e1a8f90692b uvc-5604  uvc-heading-default-font-sizes\" data-hspacer=\"no_spacer\"  data-halign=\"center\" style=\"text-align:center\"><div class=\"uvc-heading-spacer no_spacer\" style=\"top\"><\/div><div class=\"uvc-main-heading ult-responsive\"  data-ultimate-target='.uvc-heading.ultimate-heading-948769e1a8f90692b h1'  data-responsive-json-new='{\"font-size\":\"\",\"line-height\":\"\"}' ><h1 style=\"--font-weight:theme;\">About us<\/h1><\/div><div class=\"uvc-sub-heading ult-responsive\"  data-ultimate-target='.uvc-heading.ultimate-heading-948769e1a8f90692b .uvc-sub-heading '  data-responsive-json-new='{\"font-size\":\"\",\"line-height\":\"\"}'  style=\"font-weight:normal;margin-top:15px;\">NTB DIGITAL X-RAY &#8211; DIGITAL X-RAY SINCE 1995<\/div><\/div>[\/vc_column][\/vc_row][vc_row gap=&#8221;35&#8243; css=&#8221;.vc_custom_1723838652587{padding-bottom: 70px !important;}&#8221;][vc_column width=&#8221;3\/5&#8243;][vc_column_text css=&#8221;&#8221;]<span style=\"color: #000000;\">Since its foundation in 1995, NTB has relied on a team of dedicated developers and technicians specializing in digital and imaging X-ray technology. The digital X-ray line camera SEZ and the digital X-ray scanner EZ set new standards early on in terms of image quality, flexibility, longevity, and design.<br \/>\nNTB offers both complete solutions for fully automated X-ray inspection and the conversion of existing X-ray systems to digital image acquisition. Comprehensive support and reliable technology are equally important. Our specialists are available to advise you right from the project planning stage.<br \/>\nThrough continuous development, the NTB product range is constantly being expanded. This includes, among others, the U-arm camera for tire inspection and manipulator systems for individual X-ray scanning devices.    <\/span>[\/vc_column_text][\/vc_column][vc_column css_animation=&#8221;fadeInRight&#8221; width=&#8221;2\/5&#8243; css=&#8221;.vc_custom_1723838691312{padding-top: 30px !important;padding-right: 20px !important;padding-bottom: 5px !important;padding-left: 30px !important;background-color: #eaf2ff !important;}&#8221;]<div class=\"standard-arrow list-divider bullet-top\"><ul>\n<li>Highest image quality and long service life<\/li>\n<li>Complete solutions for fully automated X-ray inspection<\/li>\n<li>Conversion of existing X-ray systems to digital X-ray inspection<\/li>\n<li>Comprehensive customer support<\/li>\n<\/ul>\n<\/div>[\/vc_column][\/vc_row][vc_row bg_type=&#8221;bg_color&#8221; bg_override=&#8221;full&#8221; bg_color_value=&#8221;rgba(0,0,0,0.04)&#8221;][vc_column]<div id=\"ultimate-heading-859869e1a8f906b73\" class=\"uvc-heading ult-adjust-bottom-margin ultimate-heading-859869e1a8f906b73 uvc-6018  uvc-heading-default-font-sizes\" data-hspacer=\"no_spacer\"  data-halign=\"center\" style=\"text-align:center\"><div class=\"uvc-heading-spacer no_spacer\" style=\"top\"><\/div><div class=\"uvc-main-heading ult-responsive\"  data-ultimate-target='.uvc-heading.ultimate-heading-859869e1a8f906b73 h2'  data-responsive-json-new='{\"font-size\":\"\",\"line-height\":\"\"}' ><h2 style=\"--font-weight:theme;margin-top:70px;margin-bottom:70px;\">Contact persons<\/h2><\/div><\/div>[vc_row_inner css=&#8221;.vc_custom_1723458957787{padding-bottom: 70px !important;}&#8221;][vc_column_inner width=&#8221;1\/4&#8243; css=&#8221;.vc_custom_1723838720903{padding: 30px !important;}&#8221;]<style type=\"text\/css\" data-type=\"the7_shortcodes-inline-css\">.shortcode-single-image-wrap.shortcode-single-image-c833af9605a789643337a30cc5730e5d.enable-bg-rollover .rollover i,\n.shortcode-single-image-wrap.shortcode-single-image-c833af9605a789643337a30cc5730e5d.enable-bg-rollover .rollover-video i {\n  background: -webkit-linear-gradient();\n  background: linear-gradient();\n}\n.shortcode-single-image-wrap.shortcode-single-image-c833af9605a789643337a30cc5730e5d .rollover-icon {\n  font-size: 32px;\n  color: #ffffff;\n  min-width: 44px;\n  min-height: 44px;\n  line-height: 44px;\n  border-radius: 100px;\n  border-style: solid;\n  border-width: 0px;\n}\n.dt-icon-bg-on.shortcode-single-image-wrap.shortcode-single-image-c833af9605a789643337a30cc5730e5d .rollover-icon {\n  background: rgba(255,255,255,0.3);\n  box-shadow: none;\n}<\/style><div class=\"shortcode-single-image-wrap shortcode-single-image-c833af9605a789643337a30cc5730e5d alignnone zoomIn animate-element  vc_custom_1723458900195 enable-bg-rollover dt-icon-bg-off\" ><div class=\"shortcode-single-image\"><div class=\"fancy-media-wrap  layzr-bg\" style=\"border-radius:250px;\"><img fetchpriority=\"high\" decoding=\"async\" class=\"preload-me lazy-load aspect\" src=\"data:image\/svg+xml,%3Csvg%20xmlns%3D&#39;http%3A%2F%2Fwww.w3.org%2F2000%2Fsvg&#39;%20viewBox%3D&#39;0%200%20400%20400&#39;%2F%3E\" data-src=\"https:\/\/ntbxray.com\/wp-content\/uploads\/2024\/08\/DummieAnsprechpartner-400x400.jpg\" data-srcset=\"https:\/\/ntbxray.com\/wp-content\/uploads\/2024\/08\/DummieAnsprechpartner-400x400.jpg 400w, https:\/\/ntbxray.com\/wp-content\/uploads\/2024\/08\/DummieAnsprechpartner-536x536.jpg 536w\" loading=\"eager\" sizes=\"(max-width: 400px) 100vw, 400px\" width=\"400\" height=\"400\"  data-dt-location=\"https:\/\/ntbxray.com\/en\/ueber-uns\/dummieansprechpartner\/\" style=\"--ratio: 400 \/ 400;border-radius:250px;\" alt=\"\" \/><\/div><\/div><\/div><div id=\"ultimate-heading-517969e1a8f909752\" class=\"uvc-heading ult-adjust-bottom-margin ultimate-heading-517969e1a8f909752 uvc-6788  uvc-heading-default-font-sizes\" data-hspacer=\"no_spacer\"  data-halign=\"center\" style=\"text-align:center\"><div class=\"uvc-heading-spacer no_spacer\" style=\"top\"><\/div><div class=\"uvc-main-heading ult-responsive\"  data-ultimate-target='.uvc-heading.ultimate-heading-517969e1a8f909752 h4'  data-responsive-json-new='{\"font-size\":\"\",\"line-height\":\"\"}' ><h4 style=\"--font-weight:theme;\">Lazaro Hahn<\/h4><\/div><\/div>[\/vc_column_inner][vc_column_inner width=&#8221;1\/4&#8243; css=&#8221;.vc_custom_1723838734085{padding: 30px !important;}&#8221;]<style type=\"text\/css\" data-type=\"the7_shortcodes-inline-css\">.shortcode-single-image-wrap.shortcode-single-image-c833af9605a789643337a30cc5730e5d.enable-bg-rollover .rollover i,\n.shortcode-single-image-wrap.shortcode-single-image-c833af9605a789643337a30cc5730e5d.enable-bg-rollover .rollover-video i {\n  background: -webkit-linear-gradient();\n  background: linear-gradient();\n}\n.shortcode-single-image-wrap.shortcode-single-image-c833af9605a789643337a30cc5730e5d .rollover-icon {\n  font-size: 32px;\n  color: #ffffff;\n  min-width: 44px;\n  min-height: 44px;\n  line-height: 44px;\n  border-radius: 100px;\n  border-style: solid;\n  border-width: 0px;\n}\n.dt-icon-bg-on.shortcode-single-image-wrap.shortcode-single-image-c833af9605a789643337a30cc5730e5d .rollover-icon {\n  background: rgba(255,255,255,0.3);\n  box-shadow: none;\n}<\/style><div class=\"shortcode-single-image-wrap shortcode-single-image-c833af9605a789643337a30cc5730e5d alignnone zoomIn animate-element  vc_custom_1723458900195 enable-bg-rollover dt-icon-bg-off\" ><div class=\"shortcode-single-image\"><div class=\"fancy-media-wrap  layzr-bg\" style=\"border-radius:250px;\"><img fetchpriority=\"high\" decoding=\"async\" class=\"preload-me lazy-load aspect\" src=\"data:image\/svg+xml,%3Csvg%20xmlns%3D&#39;http%3A%2F%2Fwww.w3.org%2F2000%2Fsvg&#39;%20viewBox%3D&#39;0%200%20400%20400&#39;%2F%3E\" data-src=\"https:\/\/ntbxray.com\/wp-content\/uploads\/2024\/08\/DummieAnsprechpartner-400x400.jpg\" data-srcset=\"https:\/\/ntbxray.com\/wp-content\/uploads\/2024\/08\/DummieAnsprechpartner-400x400.jpg 400w, https:\/\/ntbxray.com\/wp-content\/uploads\/2024\/08\/DummieAnsprechpartner-536x536.jpg 536w\" loading=\"eager\" sizes=\"(max-width: 400px) 100vw, 400px\" width=\"400\" height=\"400\"  data-dt-location=\"https:\/\/ntbxray.com\/en\/ueber-uns\/dummieansprechpartner\/\" style=\"--ratio: 400 \/ 400;border-radius:250px;\" alt=\"\" \/><\/div><\/div><\/div><div id=\"ultimate-heading-18069e1a8f90a7ac\" class=\"uvc-heading ult-adjust-bottom-margin ultimate-heading-18069e1a8f90a7ac uvc-5517  uvc-heading-default-font-sizes\" data-hspacer=\"no_spacer\"  data-halign=\"center\" style=\"text-align:center\"><div class=\"uvc-heading-spacer no_spacer\" style=\"top\"><\/div><div class=\"uvc-main-heading ult-responsive\"  data-ultimate-target='.uvc-heading.ultimate-heading-18069e1a8f90a7ac h4'  data-responsive-json-new='{\"font-size\":\"\",\"line-height\":\"\"}' ><h4 style=\"--font-weight:theme;\">Paul Hahn<\/h4><\/div><\/div>[\/vc_column_inner][vc_column_inner width=&#8221;1\/4&#8243; css=&#8221;.vc_custom_1723838748789{padding: 30px !important;}&#8221;]<style type=\"text\/css\" data-type=\"the7_shortcodes-inline-css\">.shortcode-single-image-wrap.shortcode-single-image-c833af9605a789643337a30cc5730e5d.enable-bg-rollover .rollover i,\n.shortcode-single-image-wrap.shortcode-single-image-c833af9605a789643337a30cc5730e5d.enable-bg-rollover .rollover-video i {\n  background: -webkit-linear-gradient();\n  background: linear-gradient();\n}\n.shortcode-single-image-wrap.shortcode-single-image-c833af9605a789643337a30cc5730e5d .rollover-icon {\n  font-size: 32px;\n  color: #ffffff;\n  min-width: 44px;\n  min-height: 44px;\n  line-height: 44px;\n  border-radius: 100px;\n  border-style: solid;\n  border-width: 0px;\n}\n.dt-icon-bg-on.shortcode-single-image-wrap.shortcode-single-image-c833af9605a789643337a30cc5730e5d .rollover-icon {\n  background: rgba(255,255,255,0.3);\n  box-shadow: none;\n}<\/style><div class=\"shortcode-single-image-wrap shortcode-single-image-c833af9605a789643337a30cc5730e5d alignnone zoomIn animate-element  vc_custom_1723458900195 enable-bg-rollover dt-icon-bg-off\" ><div class=\"shortcode-single-image\"><div class=\"fancy-media-wrap  layzr-bg\" style=\"border-radius:250px;\"><img fetchpriority=\"high\" decoding=\"async\" class=\"preload-me lazy-load aspect\" src=\"data:image\/svg+xml,%3Csvg%20xmlns%3D&#39;http%3A%2F%2Fwww.w3.org%2F2000%2Fsvg&#39;%20viewBox%3D&#39;0%200%20400%20400&#39;%2F%3E\" data-src=\"https:\/\/ntbxray.com\/wp-content\/uploads\/2024\/08\/DummieAnsprechpartner-400x400.jpg\" data-srcset=\"https:\/\/ntbxray.com\/wp-content\/uploads\/2024\/08\/DummieAnsprechpartner-400x400.jpg 400w, https:\/\/ntbxray.com\/wp-content\/uploads\/2024\/08\/DummieAnsprechpartner-536x536.jpg 536w\" loading=\"eager\" sizes=\"(max-width: 400px) 100vw, 400px\" width=\"400\" height=\"400\"  data-dt-location=\"https:\/\/ntbxray.com\/en\/ueber-uns\/dummieansprechpartner\/\" style=\"--ratio: 400 \/ 400;border-radius:250px;\" alt=\"\" \/><\/div><\/div><\/div><div id=\"ultimate-heading-921669e1a8f90b7e3\" class=\"uvc-heading ult-adjust-bottom-margin ultimate-heading-921669e1a8f90b7e3 uvc-677  uvc-heading-default-font-sizes\" data-hspacer=\"no_spacer\"  data-halign=\"center\" style=\"text-align:center\"><div class=\"uvc-heading-spacer no_spacer\" style=\"top\"><\/div><div class=\"uvc-main-heading ult-responsive\"  data-ultimate-target='.uvc-heading.ultimate-heading-921669e1a8f90b7e3 h4'  data-responsive-json-new='{\"font-size\":\"\",\"line-height\":\"\"}' ><h4 style=\"--font-weight:theme;\">Simone Hahn<\/h4><\/div><div class=\"uvc-sub-heading ult-responsive\"  data-ultimate-target='.uvc-heading.ultimate-heading-921669e1a8f90b7e3 .uvc-sub-heading '  data-responsive-json-new='{\"font-size\":\"\",\"line-height\":\"\"}'  style=\"font-weight:normal;margin-top:5px;\">Management<\/div><\/div>[\/vc_column_inner][vc_column_inner width=&#8221;1\/4&#8243; css=&#8221;.vc_custom_1723838761174{padding: 30px !important;}&#8221;]<style type=\"text\/css\" data-type=\"the7_shortcodes-inline-css\">.shortcode-single-image-wrap.shortcode-single-image-c833af9605a789643337a30cc5730e5d.enable-bg-rollover .rollover i,\n.shortcode-single-image-wrap.shortcode-single-image-c833af9605a789643337a30cc5730e5d.enable-bg-rollover .rollover-video i {\n  background: -webkit-linear-gradient();\n  background: linear-gradient();\n}\n.shortcode-single-image-wrap.shortcode-single-image-c833af9605a789643337a30cc5730e5d .rollover-icon {\n  font-size: 32px;\n  color: #ffffff;\n  min-width: 44px;\n  min-height: 44px;\n  line-height: 44px;\n  border-radius: 100px;\n  border-style: solid;\n  border-width: 0px;\n}\n.dt-icon-bg-on.shortcode-single-image-wrap.shortcode-single-image-c833af9605a789643337a30cc5730e5d .rollover-icon {\n  background: rgba(255,255,255,0.3);\n  box-shadow: none;\n}<\/style><div class=\"shortcode-single-image-wrap shortcode-single-image-c833af9605a789643337a30cc5730e5d alignnone zoomIn animate-element  vc_custom_1723458900195 enable-bg-rollover dt-icon-bg-off\" ><div class=\"shortcode-single-image\"><div class=\"fancy-media-wrap  layzr-bg\" style=\"border-radius:250px;\"><img fetchpriority=\"high\" decoding=\"async\" class=\"preload-me lazy-load aspect\" src=\"data:image\/svg+xml,%3Csvg%20xmlns%3D&#39;http%3A%2F%2Fwww.w3.org%2F2000%2Fsvg&#39;%20viewBox%3D&#39;0%200%20400%20400&#39;%2F%3E\" data-src=\"https:\/\/ntbxray.com\/wp-content\/uploads\/2024\/08\/DummieAnsprechpartner-400x400.jpg\" data-srcset=\"https:\/\/ntbxray.com\/wp-content\/uploads\/2024\/08\/DummieAnsprechpartner-400x400.jpg 400w, https:\/\/ntbxray.com\/wp-content\/uploads\/2024\/08\/DummieAnsprechpartner-536x536.jpg 536w\" loading=\"eager\" sizes=\"(max-width: 400px) 100vw, 400px\" width=\"400\" height=\"400\"  data-dt-location=\"https:\/\/ntbxray.com\/en\/ueber-uns\/dummieansprechpartner\/\" style=\"--ratio: 400 \/ 400;border-radius:250px;\" alt=\"\" \/><\/div><\/div><\/div><div id=\"ultimate-heading-48869e1a8f90c65a\" class=\"uvc-heading ult-adjust-bottom-margin ultimate-heading-48869e1a8f90c65a uvc-2753  uvc-heading-default-font-sizes\" data-hspacer=\"no_spacer\"  data-halign=\"center\" style=\"text-align:center\"><div class=\"uvc-heading-spacer no_spacer\" style=\"top\"><\/div><div class=\"uvc-main-heading ult-responsive\"  data-ultimate-target='.uvc-heading.ultimate-heading-48869e1a8f90c65a h4'  data-responsive-json-new='{\"font-size\":\"\",\"line-height\":\"\"}' ><h4 style=\"--font-weight:theme;\">Uwe Boos<\/h4><\/div><\/div>[\/vc_column_inner][\/vc_row_inner][\/vc_column][\/vc_row]<\/p>\n<\/div>","protected":false},"excerpt":{"rendered":"<p>[vc_row css=&#8221;.vc_custom_1723452995866{padding-bottom: 70px !important;}&#8221;][vc_column][\/vc_column][\/vc_row][vc_row gap=&#8221;35&#8243; css=&#8221;.vc_custom_1723838652587{padding-bottom: 70px !important;}&#8221;][vc_column width=&#8221;3\/5&#8243;][vc_column_text css=&#8221;&#8221;]Since its foundation in 1995, NTB has relied on a team of dedicated developers and technicians specializing in digital and imaging X-ray technology. The digital X-ray line camera SEZ and the digital X-ray scanner EZ set new standards early on in terms of image quality, flexibility,&hellip;<\/p>\n","protected":false},"author":1,"featured_media":0,"parent":0,"menu_order":0,"comment_status":"closed","ping_status":"closed","template":"","meta":{"footnotes":""},"class_list":["post-2965","page","type-page","status-publish","hentry","description-off"],"yoast_head":"<!-- This site is optimized with the Yoast SEO plugin v27.2 - https:\/\/yoast.com\/product\/yoast-seo-wordpress\/ -->\n<title>About us - NTB XRAY, Digitale R\u00f6ntgenkameras und R\u00f6ntgen-Systeme f\u00fcr R\u00f6ntgenuntersuchungen, digitale R\u00f6ntgenbilder<\/title>\n<meta name=\"description\" content=\"NTB XRAY was founded in 1995 and develops and produces camera systems and software solutions for future-oriented, digital X-ray inspection.\" \/>\n<meta name=\"robots\" content=\"index, follow, max-snippet:-1, max-image-preview:large, max-video-preview:-1\" \/>\n<link rel=\"canonical\" href=\"https:\/\/ntbxray.com\/en\/about-us\/\" \/>\n<meta property=\"og:locale\" content=\"en_US\" \/>\n<meta property=\"og:type\" content=\"article\" \/>\n<meta property=\"og:title\" content=\"About us - NTB XRAY, Digitale R\u00f6ntgenkameras und R\u00f6ntgen-Systeme f\u00fcr R\u00f6ntgenuntersuchungen, digitale R\u00f6ntgenbilder\" \/>\n<meta property=\"og:description\" content=\"NTB XRAY was founded in 1995 and develops and produces camera systems and software solutions for future-oriented, digital X-ray inspection.\" \/>\n<meta property=\"og:url\" content=\"https:\/\/ntbxray.com\/en\/about-us\/\" \/>\n<meta property=\"og:site_name\" content=\"NTB XRAY, Digitale R\u00f6ntgenkameras und R\u00f6ntgen-Systeme f\u00fcr R\u00f6ntgenuntersuchungen, digitale R\u00f6ntgenbilder\" \/>\n<meta property=\"article:modified_time\" content=\"2025-02-10T09:55:30+00:00\" \/>\n<meta name=\"twitter:card\" content=\"summary_large_image\" \/>\n<meta name=\"twitter:label1\" content=\"Est. reading time\" \/>\n\t<meta name=\"twitter:data1\" content=\"2 minutes\" \/>\n<script type=\"application\/ld+json\" class=\"yoast-schema-graph\">{\"@context\":\"https:\/\/schema.org\",\"@graph\":[{\"@type\":\"WebPage\",\"@id\":\"https:\/\/ntbxray.com\/en\/about-us\/\",\"url\":\"https:\/\/ntbxray.com\/en\/about-us\/\",\"name\":\"About us - NTB XRAY, Digitale R\u00f6ntgenkameras und R\u00f6ntgen-Systeme f\u00fcr R\u00f6ntgenuntersuchungen, digitale R\u00f6ntgenbilder\",\"isPartOf\":{\"@id\":\"https:\/\/ntbxray.com\/en\/#website\"},\"datePublished\":\"2024-08-12T09:33:11+00:00\",\"dateModified\":\"2025-02-10T09:55:30+00:00\",\"description\":\"NTB XRAY was founded in 1995 and develops and produces camera systems and software solutions for future-oriented, digital X-ray inspection.\",\"breadcrumb\":{\"@id\":\"https:\/\/ntbxray.com\/en\/about-us\/#breadcrumb\"},\"inLanguage\":\"en-US\",\"potentialAction\":[{\"@type\":\"ReadAction\",\"target\":[\"https:\/\/ntbxray.com\/en\/about-us\/\"]}]},{\"@type\":\"BreadcrumbList\",\"@id\":\"https:\/\/ntbxray.com\/en\/about-us\/#breadcrumb\",\"itemListElement\":[{\"@type\":\"ListItem\",\"position\":1,\"name\":\"Startseite\",\"item\":\"https:\/\/ntbxray.com\/en\/\"},{\"@type\":\"ListItem\",\"position\":2,\"name\":\"About us\"}]},{\"@type\":\"WebSite\",\"@id\":\"https:\/\/ntbxray.com\/en\/#website\",\"url\":\"https:\/\/ntbxray.com\/en\/\",\"name\":\"NTB XRAY, Digitale R\u00f6ntgenkameras und R\u00f6ntgen-Systeme f\u00fcr R\u00f6ntgenuntersuchungen, digitale R\u00f6ntgenbilder\",\"description\":\"\",\"publisher\":{\"@id\":\"https:\/\/ntbxray.com\/en\/#organization\"},\"potentialAction\":[{\"@type\":\"SearchAction\",\"target\":{\"@type\":\"EntryPoint\",\"urlTemplate\":\"https:\/\/ntbxray.com\/en\/?s={search_term_string}\"},\"query-input\":{\"@type\":\"PropertyValueSpecification\",\"valueRequired\":true,\"valueName\":\"search_term_string\"}}],\"inLanguage\":\"en-US\"},{\"@type\":\"Organization\",\"@id\":\"https:\/\/ntbxray.com\/en\/#organization\",\"name\":\"NTB XRAY, Digitale R\u00f6ntgenkameras und R\u00f6ntgen-Systeme f\u00fcr R\u00f6ntgenuntersuchungen, digitale R\u00f6ntgenbilder\",\"url\":\"https:\/\/ntbxray.com\/en\/\",\"logo\":{\"@type\":\"ImageObject\",\"inLanguage\":\"en-US\",\"@id\":\"https:\/\/ntbxray.com\/en\/#\/schema\/logo\/image\/\",\"url\":\"https:\/\/ntbxray.com\/com_ntbxray\/wp-content\/uploads\/2024\/07\/Logo_NTB_200.png\",\"contentUrl\":\"https:\/\/ntbxray.com\/com_ntbxray\/wp-content\/uploads\/2024\/07\/Logo_NTB_200.png\",\"width\":200,\"height\":86,\"caption\":\"NTB XRAY, Digitale R\u00f6ntgenkameras und R\u00f6ntgen-Systeme f\u00fcr R\u00f6ntgenuntersuchungen, digitale R\u00f6ntgenbilder\"},\"image\":{\"@id\":\"https:\/\/ntbxray.com\/en\/#\/schema\/logo\/image\/\"},\"sameAs\":[\"https:\/\/www.instagram.com\/ntbxray\",\"https:\/\/www.youtube.com\/channel\/UCf6OaEnyndr_l6nSHcn91TA\"]}]}<\/script>\n<!-- \/ Yoast SEO plugin. -->","yoast_head_json":{"title":"About us - NTB XRAY, Digitale R\u00f6ntgenkameras und R\u00f6ntgen-Systeme f\u00fcr R\u00f6ntgenuntersuchungen, digitale R\u00f6ntgenbilder","description":"NTB XRAY was founded in 1995 and develops and produces camera systems and software solutions for future-oriented, digital X-ray inspection.","robots":{"index":"index","follow":"follow","max-snippet":"max-snippet:-1","max-image-preview":"max-image-preview:large","max-video-preview":"max-video-preview:-1"},"canonical":"https:\/\/ntbxray.com\/en\/about-us\/","og_locale":"en_US","og_type":"article","og_title":"About us - NTB XRAY, Digitale R\u00f6ntgenkameras und R\u00f6ntgen-Systeme f\u00fcr R\u00f6ntgenuntersuchungen, digitale R\u00f6ntgenbilder","og_description":"NTB XRAY was founded in 1995 and develops and produces camera systems and software solutions for future-oriented, digital X-ray inspection.","og_url":"https:\/\/ntbxray.com\/en\/about-us\/","og_site_name":"NTB XRAY, Digitale R\u00f6ntgenkameras und R\u00f6ntgen-Systeme f\u00fcr R\u00f6ntgenuntersuchungen, digitale R\u00f6ntgenbilder","article_modified_time":"2025-02-10T09:55:30+00:00","twitter_card":"summary_large_image","twitter_misc":{"Est. reading time":"2 minutes"},"schema":{"@context":"https:\/\/schema.org","@graph":[{"@type":"WebPage","@id":"https:\/\/ntbxray.com\/en\/about-us\/","url":"https:\/\/ntbxray.com\/en\/about-us\/","name":"About us - NTB XRAY, Digitale R\u00f6ntgenkameras und R\u00f6ntgen-Systeme f\u00fcr R\u00f6ntgenuntersuchungen, digitale R\u00f6ntgenbilder","isPartOf":{"@id":"https:\/\/ntbxray.com\/en\/#website"},"datePublished":"2024-08-12T09:33:11+00:00","dateModified":"2025-02-10T09:55:30+00:00","description":"NTB XRAY was founded in 1995 and develops and produces camera systems and software solutions for future-oriented, digital X-ray inspection.","breadcrumb":{"@id":"https:\/\/ntbxray.com\/en\/about-us\/#breadcrumb"},"inLanguage":"en-US","potentialAction":[{"@type":"ReadAction","target":["https:\/\/ntbxray.com\/en\/about-us\/"]}]},{"@type":"BreadcrumbList","@id":"https:\/\/ntbxray.com\/en\/about-us\/#breadcrumb","itemListElement":[{"@type":"ListItem","position":1,"name":"Startseite","item":"https:\/\/ntbxray.com\/en\/"},{"@type":"ListItem","position":2,"name":"About us"}]},{"@type":"WebSite","@id":"https:\/\/ntbxray.com\/en\/#website","url":"https:\/\/ntbxray.com\/en\/","name":"NTB XRAY, Digitale R\u00f6ntgenkameras und R\u00f6ntgen-Systeme f\u00fcr R\u00f6ntgenuntersuchungen, digitale R\u00f6ntgenbilder","description":"","publisher":{"@id":"https:\/\/ntbxray.com\/en\/#organization"},"potentialAction":[{"@type":"SearchAction","target":{"@type":"EntryPoint","urlTemplate":"https:\/\/ntbxray.com\/en\/?s={search_term_string}"},"query-input":{"@type":"PropertyValueSpecification","valueRequired":true,"valueName":"search_term_string"}}],"inLanguage":"en-US"},{"@type":"Organization","@id":"https:\/\/ntbxray.com\/en\/#organization","name":"NTB XRAY, Digitale R\u00f6ntgenkameras und R\u00f6ntgen-Systeme f\u00fcr R\u00f6ntgenuntersuchungen, digitale R\u00f6ntgenbilder","url":"https:\/\/ntbxray.com\/en\/","logo":{"@type":"ImageObject","inLanguage":"en-US","@id":"https:\/\/ntbxray.com\/en\/#\/schema\/logo\/image\/","url":"https:\/\/ntbxray.com\/com_ntbxray\/wp-content\/uploads\/2024\/07\/Logo_NTB_200.png","contentUrl":"https:\/\/ntbxray.com\/com_ntbxray\/wp-content\/uploads\/2024\/07\/Logo_NTB_200.png","width":200,"height":86,"caption":"NTB XRAY, Digitale R\u00f6ntgenkameras und R\u00f6ntgen-Systeme f\u00fcr R\u00f6ntgenuntersuchungen, digitale R\u00f6ntgenbilder"},"image":{"@id":"https:\/\/ntbxray.com\/en\/#\/schema\/logo\/image\/"},"sameAs":["https:\/\/www.instagram.com\/ntbxray","https:\/\/www.youtube.com\/channel\/UCf6OaEnyndr_l6nSHcn91TA"]}]}},"_links":{"self":[{"href":"https:\/\/ntbxray.com\/en\/wp-json\/wp\/v2\/pages\/2965","targetHints":{"allow":["GET"]}}],"collection":[{"href":"https:\/\/ntbxray.com\/en\/wp-json\/wp\/v2\/pages"}],"about":[{"href":"https:\/\/ntbxray.com\/en\/wp-json\/wp\/v2\/types\/page"}],"author":[{"embeddable":true,"href":"https:\/\/ntbxray.com\/en\/wp-json\/wp\/v2\/users\/1"}],"replies":[{"embeddable":true,"href":"https:\/\/ntbxray.com\/en\/wp-json\/wp\/v2\/comments?post=2965"}],"version-history":[{"count":5,"href":"https:\/\/ntbxray.com\/en\/wp-json\/wp\/v2\/pages\/2965\/revisions"}],"predecessor-version":[{"id":3153,"href":"https:\/\/ntbxray.com\/en\/wp-json\/wp\/v2\/pages\/2965\/revisions\/3153"}],"wp:attachment":[{"href":"https:\/\/ntbxray.com\/en\/wp-json\/wp\/v2\/media?parent=2965"}],"curies":[{"name":"wp","href":"https:\/\/api.w.org\/{rel}","templated":true}]}}