{"id":2973,"date":"2024-07-24T13:19:18","date_gmt":"2024-07-24T11:19:18","guid":{"rendered":"https:\/\/ntbxray.com\/x-ray-software\/"},"modified":"2025-02-10T11:58:02","modified_gmt":"2025-02-10T10:58:02","slug":"x-ray-software","status":"publish","type":"page","link":"https:\/\/ntbxray.com\/en\/x-ray-software\/","title":{"rendered":"X-ray software"},"content":{"rendered":"<div class=\"wpb-content-wrapper\"><p>[vc_row css=&#8221;.vc_custom_1730908239148{padding-bottom: 60px !important;}&#8221;][vc_column]<div id=\"ultimate-heading-724869e195b5bb01f\" class=\"uvc-heading ult-adjust-bottom-margin ultimate-heading-724869e195b5bb01f uvc-199  uvc-heading-default-font-sizes\" data-hspacer=\"no_spacer\"  data-halign=\"center\" style=\"text-align:center\"><div class=\"uvc-heading-spacer no_spacer\" style=\"top\"><\/div><div class=\"uvc-main-heading ult-responsive\"  data-ultimate-target='.uvc-heading.ultimate-heading-724869e195b5bb01f h1'  data-responsive-json-new='{\"font-size\":\"\",\"line-height\":\"\"}' ><h1 style=\"--font-weight:theme;\">Our software iX-Pect<\/h1><\/div><div class=\"uvc-sub-heading ult-responsive\"  data-ultimate-target='.uvc-heading.ultimate-heading-724869e195b5bb01f .uvc-sub-heading '  data-responsive-json-new='{\"font-size\":\"\",\"line-height\":\"\"}'  style=\"font-weight:normal;margin-top:15px;\">Digital X-ray made easy<\/div><\/div>[\/vc_column][\/vc_row][vc_row css=&#8221;.vc_custom_1730899954288{padding-bottom: 10px !important;}&#8221;][vc_column]<div id=\"ultimate-heading-68869e195b5bb14e\" class=\"uvc-heading ult-adjust-bottom-margin ultimate-heading-68869e195b5bb14e uvc-2203  uvc-heading-default-font-sizes\" data-hspacer=\"no_spacer\"  data-halign=\"left\" style=\"text-align:left\"><div class=\"uvc-heading-spacer no_spacer\" style=\"top\"><\/div><div class=\"uvc-main-heading ult-responsive\"  data-ultimate-target='.uvc-heading.ultimate-heading-68869e195b5bb14e h3'  data-responsive-json-new='{\"font-size\":\"\",\"line-height\":\"\"}' ><h3 style=\"--font-weight:theme;\">One software for your individual needs and requirements<\/h3><\/div><\/div>[\/vc_column][\/vc_row][vc_row css=&#8221;.vc_custom_1730908303266{padding-bottom: 70px !important;}&#8221;][vc_column][vc_column_text css=&#8221;&#8221;]<\/p>\n<p lang=\"de-DE\">iX-Pect is a software specifically developed for X-ray applications, which can be flexibly and powerfully used in various areas. Image acquisition, evaluation, and archiving of X-ray images seamlessly blend into one another. Regular updates ensure that the software meets the diverse requirements of industry, research, and development.<\/p>\n<p>[\/vc_column_text][\/vc_column][\/vc_row][vc_row full_width=&#8221;stretch_row&#8221; bg_type=&#8221;bg_color&#8221; bg_color_value=&#8221;rgba(0,0,0,0.04)&#8221; css=&#8221;.vc_custom_1730907622446{padding-top: 70px !important;padding-bottom: 70px !important;}&#8221;][vc_column width=&#8221;1\/2&#8243;][vc_column_text css=&#8221;&#8221;]<\/p>\n<h3 class=\"block-\u00fcberschrift-western\" lang=\"de-DE\">Preparing an image<\/h3>\n<p class=\"block-text-western\" lang=\"de-DE\">For capturing an X-ray image, all parameters (e.g., exposure time and resolution) are set in a clear window.<\/p>\n<p lang=\"de-DE\">A diagram shows the current camera signal, allowing you to directly check the effects of the settings. This allows the configuration to be quickly and precisely adjusted before starting the actual image capture.<\/p>\n<p>\u00a0[\/vc_column_text][\/vc_column][vc_column width=&#8221;1\/2&#8243;][vc_single_image image=&#8221;2838&#8243; img_size=&#8221;full&#8221; onclick=&#8221;link_image&#8221; css_animation=&#8221;fadeInRight&#8221; css=&#8221;&#8221;][\/vc_column][\/vc_row][vc_row full_width=&#8221;stretch_row&#8221; css=&#8221;.vc_custom_1730907677744{padding-top: 70px !important;padding-bottom: 70px !important;}&#8221;][vc_column width=&#8221;1\/2&#8243;][vc_single_image image=&#8221;2833&#8243; img_size=&#8221;full&#8221; onclick=&#8221;link_image&#8221; css_animation=&#8221;fadeInLeft&#8221; css=&#8221;&#8221;][\/vc_column][vc_column width=&#8221;1\/2&#8243;][vc_column_text css=&#8221;&#8221;]<\/p>\n<h3 class=\"block-\u00fcberschrift-western\" lang=\"de-DE\">Live view during image capture<\/h3>\n<p class=\"block-text-western\" lang=\"de-DE\">During the scanning process, the current X-ray image is displayed line by line in a full-screen window and scrolls across the screen.<\/p>\n<p class=\"block-text-western\" lang=\"de-DE\">The scrolling can be paused at any time to examine details more closely. Using the magnifying function, areas of the image can be enlarged while the image capture continues uninterrupted in the background.<\/p>\n<p>\u00a0[\/vc_column_text][\/vc_column][\/vc_row][vc_row full_width=&#8221;stretch_row&#8221; bg_type=&#8221;bg_color&#8221; bg_color_value=&#8221;rgba(0,0,0,0.04)&#8221; css=&#8221;.vc_custom_1730907622446{padding-top: 70px !important;padding-bottom: 70px !important;}&#8221;][vc_column width=&#8221;1\/2&#8243;][vc_column_text css=&#8221;&#8221;]<\/p>\n<h3 class=\"block-\u00fcberschrift-western\" lang=\"de-DE\">Image optimization and filters<\/h3>\n<p class=\"block-text-western\" lang=\"de-DE\">After capture, the brightness and contrast of the X-ray image can be precisely adjusted using a histogram.<\/p>\n<p class=\"block-text-western\" lang=\"de-DE\">Additionally, various filters are available for optimizing image quality, including:<\/p>\n<ul>\n<li>\n<p class=\"block-text-western\" lang=\"de-DE\">Contrast enhancement<\/p>\n<\/li>\n<li>\n<p class=\"block-text-western\" lang=\"de-DE\">Edge sharpening<\/p>\n<\/li>\n<li>\n<p class=\"block-text-western\" lang=\"de-DE\">Noise reduction<\/p>\n<\/li>\n<\/ul>\n<p class=\"block-text-western\" lang=\"de-DE\">The original image data is always preserved, allowing you to return to the initial version at any time<\/p>\n<p>\u00a0[\/vc_column_text][\/vc_column][vc_column width=&#8221;1\/2&#8243;][vc_single_image image=&#8221;2834&#8243; img_size=&#8221;full&#8221; onclick=&#8221;link_image&#8221; css_animation=&#8221;fadeInRight&#8221; css=&#8221;&#8221;][\/vc_column][\/vc_row][vc_row full_width=&#8221;stretch_row&#8221; css=&#8221;.vc_custom_1730907677744{padding-top: 70px !important;padding-bottom: 70px !important;}&#8221;][vc_column width=&#8221;1\/2&#8243;][vc_single_image image=&#8221;2835&#8243; img_size=&#8221;full&#8221; onclick=&#8221;link_image&#8221; css_animation=&#8221;fadeInLeft&#8221; css=&#8221;&#8221;][\/vc_column][vc_column width=&#8221;1\/2&#8243;][vc_column_text css=&#8221;&#8221;]<\/p>\n<h3 class=\"block-\u00fcberschrift-western\" lang=\"de-DE\">Measurement tools<\/h3>\n<p class=\"block-text-western\" lang=\"de-DE\">With the integrated measurement functions, you can determine distances and diameters directly in the image (optionally in millimeters, inches, or pixels).<\/p>\n<p class=\"block-text-western\" lang=\"de-DE\">Additionally, grayscale profiles (progression of grayscales along a measurement line) can be displayed and analyzed.<\/p>\n<p class=\"block-text-western\" lang=\"de-DE\">Statistical evaluations are also available, for example, to compare the signal-to-noise ratio of different images.<\/p>\n<p>\u00a0[\/vc_column_text][\/vc_column][\/vc_row][vc_row full_width=&#8221;stretch_row&#8221; bg_type=&#8221;bg_color&#8221; bg_color_value=&#8221;rgba(0,0,0,0.04)&#8221; css=&#8221;.vc_custom_1730907622446{padding-top: 70px !important;padding-bottom: 70px !important;}&#8221;][vc_column width=&#8221;1\/2&#8243;][vc_column_text css=&#8221;&#8221;]<\/p>\n<h3 class=\"block-\u00fcberschrift-western\" lang=\"de-DE\">Meta information<\/h3>\n<p class=\"block-text-western\" lang=\"de-DE\">Meta information such as date, time, and capture parameters are recorded with each image. Additionally, user-defined data such as company, department, or serial number can be added.<\/p>\n<p class=\"block-text-western\" lang=\"de-DE\">This information is stored with the images and can be retrieved when needed or displayed directly in the image via flexibly configurable overlays.<\/p>\n<p>\u00a0[\/vc_column_text][\/vc_column][vc_column width=&#8221;1\/2&#8243;][vc_single_image image=&#8221;2836&#8243; img_size=&#8221;full&#8221; onclick=&#8221;link_image&#8221; css_animation=&#8221;fadeInRight&#8221; css=&#8221;&#8221;][\/vc_column][\/vc_row][vc_row full_width=&#8221;stretch_row&#8221; css=&#8221;.vc_custom_1730907677744{padding-top: 70px !important;padding-bottom: 70px !important;}&#8221;][vc_column width=&#8221;1\/2&#8243;][vc_single_image image=&#8221;2837&#8243; img_size=&#8221;full&#8221; onclick=&#8221;link_image&#8221; css_animation=&#8221;fadeInLeft&#8221; css=&#8221;&#8221;][\/vc_column][vc_column width=&#8221;1\/2&#8243;][vc_column_text css=&#8221;&#8221;]<\/p>\n<h3 class=\"block-\u00fcberschrift-western\" lang=\"de-DE\">Saving, loading, and exporting<\/h3>\n<p class=\"block-text-western\" lang=\"de-DE\">X-ray images are saved in the proprietary \u201cPIX\u201d format, which contains image data and other important information (meta-data, contrast settings, etc.).<\/p>\n<p class=\"block-text-western\" lang=\"de-DE\">The integrated Image Browser allows for comfortable navigation through stored images, e.g., when evaluating series of images.<\/p>\n<p class=\"block-text-western\" lang=\"de-DE\">For further processing in other programs, the images can be exported to standard formats such as TIFF, PNG, or JPG.<\/p>\n<p>\u00a0[\/vc_column_text][\/vc_column][\/vc_row]<\/p>\n<\/div>","protected":false},"excerpt":{"rendered":"<p>[vc_row css=&#8221;.vc_custom_1730908239148{padding-bottom: 60px !important;}&#8221;][vc_column][\/vc_column][\/vc_row][vc_row css=&#8221;.vc_custom_1730899954288{padding-bottom: 10px !important;}&#8221;][vc_column][\/vc_column][\/vc_row][vc_row css=&#8221;.vc_custom_1730908303266{padding-bottom: 70px !important;}&#8221;][vc_column][vc_column_text css=&#8221;&#8221;] iX-Pect is a software specifically developed for X-ray applications, which can be flexibly and powerfully used in various areas. Image acquisition, evaluation, and archiving of X-ray images seamlessly blend into one another. Regular updates ensure that the software meets the diverse requirements of industry,&hellip;<\/p>\n","protected":false},"author":1,"featured_media":0,"parent":0,"menu_order":0,"comment_status":"closed","ping_status":"closed","template":"","meta":{"footnotes":""},"class_list":["post-2973","page","type-page","status-publish","hentry","description-off"],"yoast_head":"<!-- This site is optimized with the Yoast SEO plugin v27.2 - https:\/\/yoast.com\/product\/yoast-seo-wordpress\/ -->\n<title>X-ray software - NTB XRAY, Digitale R\u00f6ntgenkameras und R\u00f6ntgen-Systeme f\u00fcr R\u00f6ntgenuntersuchungen, digitale R\u00f6ntgenbilder<\/title>\n<meta name=\"description\" content=\"The X-ray software iX-Pect from NTB has been specially developed for various work steps in X-ray applications. Info: +49 5445 98 48 0\" \/>\n<meta name=\"robots\" content=\"index, follow, max-snippet:-1, max-image-preview:large, max-video-preview:-1\" \/>\n<link rel=\"canonical\" href=\"https:\/\/ntbxray.com\/en\/x-ray-software\/\" \/>\n<meta property=\"og:locale\" content=\"en_US\" \/>\n<meta property=\"og:type\" content=\"article\" \/>\n<meta property=\"og:title\" content=\"X-ray software - NTB XRAY, Digitale R\u00f6ntgenkameras und R\u00f6ntgen-Systeme f\u00fcr R\u00f6ntgenuntersuchungen, digitale R\u00f6ntgenbilder\" \/>\n<meta property=\"og:description\" content=\"The X-ray software iX-Pect from NTB has been specially developed for various work steps in X-ray applications. Info: +49 5445 98 48 0\" \/>\n<meta property=\"og:url\" content=\"https:\/\/ntbxray.com\/en\/x-ray-software\/\" \/>\n<meta property=\"og:site_name\" content=\"NTB XRAY, Digitale R\u00f6ntgenkameras und R\u00f6ntgen-Systeme f\u00fcr R\u00f6ntgenuntersuchungen, digitale R\u00f6ntgenbilder\" \/>\n<meta property=\"article:modified_time\" content=\"2025-02-10T10:58:02+00:00\" \/>\n<meta name=\"twitter:card\" content=\"summary_large_image\" \/>\n<meta name=\"twitter:label1\" content=\"Est. reading time\" \/>\n\t<meta name=\"twitter:data1\" content=\"3 minutes\" \/>\n<script type=\"application\/ld+json\" class=\"yoast-schema-graph\">{\"@context\":\"https:\/\/schema.org\",\"@graph\":[{\"@type\":\"WebPage\",\"@id\":\"https:\/\/ntbxray.com\/en\/x-ray-software\/\",\"url\":\"https:\/\/ntbxray.com\/en\/x-ray-software\/\",\"name\":\"X-ray software - NTB XRAY, Digitale R\u00f6ntgenkameras und R\u00f6ntgen-Systeme f\u00fcr R\u00f6ntgenuntersuchungen, digitale R\u00f6ntgenbilder\",\"isPartOf\":{\"@id\":\"https:\/\/ntbxray.com\/en\/#website\"},\"datePublished\":\"2024-07-24T11:19:18+00:00\",\"dateModified\":\"2025-02-10T10:58:02+00:00\",\"description\":\"The X-ray software iX-Pect from NTB has been specially developed for various work steps in X-ray applications. Info: +49 5445 98 48 0\",\"breadcrumb\":{\"@id\":\"https:\/\/ntbxray.com\/en\/x-ray-software\/#breadcrumb\"},\"inLanguage\":\"en-US\",\"potentialAction\":[{\"@type\":\"ReadAction\",\"target\":[\"https:\/\/ntbxray.com\/en\/x-ray-software\/\"]}]},{\"@type\":\"BreadcrumbList\",\"@id\":\"https:\/\/ntbxray.com\/en\/x-ray-software\/#breadcrumb\",\"itemListElement\":[{\"@type\":\"ListItem\",\"position\":1,\"name\":\"Startseite\",\"item\":\"https:\/\/ntbxray.com\/en\/\"},{\"@type\":\"ListItem\",\"position\":2,\"name\":\"X-ray software\"}]},{\"@type\":\"WebSite\",\"@id\":\"https:\/\/ntbxray.com\/en\/#website\",\"url\":\"https:\/\/ntbxray.com\/en\/\",\"name\":\"NTB XRAY, Digitale R\u00f6ntgenkameras und R\u00f6ntgen-Systeme f\u00fcr R\u00f6ntgenuntersuchungen, digitale R\u00f6ntgenbilder\",\"description\":\"\",\"publisher\":{\"@id\":\"https:\/\/ntbxray.com\/en\/#organization\"},\"potentialAction\":[{\"@type\":\"SearchAction\",\"target\":{\"@type\":\"EntryPoint\",\"urlTemplate\":\"https:\/\/ntbxray.com\/en\/?s={search_term_string}\"},\"query-input\":{\"@type\":\"PropertyValueSpecification\",\"valueRequired\":true,\"valueName\":\"search_term_string\"}}],\"inLanguage\":\"en-US\"},{\"@type\":\"Organization\",\"@id\":\"https:\/\/ntbxray.com\/en\/#organization\",\"name\":\"NTB XRAY, Digitale R\u00f6ntgenkameras und R\u00f6ntgen-Systeme f\u00fcr R\u00f6ntgenuntersuchungen, digitale R\u00f6ntgenbilder\",\"url\":\"https:\/\/ntbxray.com\/en\/\",\"logo\":{\"@type\":\"ImageObject\",\"inLanguage\":\"en-US\",\"@id\":\"https:\/\/ntbxray.com\/en\/#\/schema\/logo\/image\/\",\"url\":\"https:\/\/ntbxray.com\/com_ntbxray\/wp-content\/uploads\/2024\/07\/Logo_NTB_200.png\",\"contentUrl\":\"https:\/\/ntbxray.com\/com_ntbxray\/wp-content\/uploads\/2024\/07\/Logo_NTB_200.png\",\"width\":200,\"height\":86,\"caption\":\"NTB XRAY, Digitale R\u00f6ntgenkameras und R\u00f6ntgen-Systeme f\u00fcr R\u00f6ntgenuntersuchungen, digitale R\u00f6ntgenbilder\"},\"image\":{\"@id\":\"https:\/\/ntbxray.com\/en\/#\/schema\/logo\/image\/\"},\"sameAs\":[\"https:\/\/www.instagram.com\/ntbxray\",\"https:\/\/www.youtube.com\/channel\/UCf6OaEnyndr_l6nSHcn91TA\"]}]}<\/script>\n<!-- \/ Yoast SEO plugin. -->","yoast_head_json":{"title":"X-ray software - NTB XRAY, Digitale R\u00f6ntgenkameras und R\u00f6ntgen-Systeme f\u00fcr R\u00f6ntgenuntersuchungen, digitale R\u00f6ntgenbilder","description":"The X-ray software iX-Pect from NTB has been specially developed for various work steps in X-ray applications. Info: +49 5445 98 48 0","robots":{"index":"index","follow":"follow","max-snippet":"max-snippet:-1","max-image-preview":"max-image-preview:large","max-video-preview":"max-video-preview:-1"},"canonical":"https:\/\/ntbxray.com\/en\/x-ray-software\/","og_locale":"en_US","og_type":"article","og_title":"X-ray software - NTB XRAY, Digitale R\u00f6ntgenkameras und R\u00f6ntgen-Systeme f\u00fcr R\u00f6ntgenuntersuchungen, digitale R\u00f6ntgenbilder","og_description":"The X-ray software iX-Pect from NTB has been specially developed for various work steps in X-ray applications. Info: +49 5445 98 48 0","og_url":"https:\/\/ntbxray.com\/en\/x-ray-software\/","og_site_name":"NTB XRAY, Digitale R\u00f6ntgenkameras und R\u00f6ntgen-Systeme f\u00fcr R\u00f6ntgenuntersuchungen, digitale R\u00f6ntgenbilder","article_modified_time":"2025-02-10T10:58:02+00:00","twitter_card":"summary_large_image","twitter_misc":{"Est. reading time":"3 minutes"},"schema":{"@context":"https:\/\/schema.org","@graph":[{"@type":"WebPage","@id":"https:\/\/ntbxray.com\/en\/x-ray-software\/","url":"https:\/\/ntbxray.com\/en\/x-ray-software\/","name":"X-ray software - NTB XRAY, Digitale R\u00f6ntgenkameras und R\u00f6ntgen-Systeme f\u00fcr R\u00f6ntgenuntersuchungen, digitale R\u00f6ntgenbilder","isPartOf":{"@id":"https:\/\/ntbxray.com\/en\/#website"},"datePublished":"2024-07-24T11:19:18+00:00","dateModified":"2025-02-10T10:58:02+00:00","description":"The X-ray software iX-Pect from NTB has been specially developed for various work steps in X-ray applications. Info: +49 5445 98 48 0","breadcrumb":{"@id":"https:\/\/ntbxray.com\/en\/x-ray-software\/#breadcrumb"},"inLanguage":"en-US","potentialAction":[{"@type":"ReadAction","target":["https:\/\/ntbxray.com\/en\/x-ray-software\/"]}]},{"@type":"BreadcrumbList","@id":"https:\/\/ntbxray.com\/en\/x-ray-software\/#breadcrumb","itemListElement":[{"@type":"ListItem","position":1,"name":"Startseite","item":"https:\/\/ntbxray.com\/en\/"},{"@type":"ListItem","position":2,"name":"X-ray software"}]},{"@type":"WebSite","@id":"https:\/\/ntbxray.com\/en\/#website","url":"https:\/\/ntbxray.com\/en\/","name":"NTB XRAY, Digitale R\u00f6ntgenkameras und R\u00f6ntgen-Systeme f\u00fcr R\u00f6ntgenuntersuchungen, digitale R\u00f6ntgenbilder","description":"","publisher":{"@id":"https:\/\/ntbxray.com\/en\/#organization"},"potentialAction":[{"@type":"SearchAction","target":{"@type":"EntryPoint","urlTemplate":"https:\/\/ntbxray.com\/en\/?s={search_term_string}"},"query-input":{"@type":"PropertyValueSpecification","valueRequired":true,"valueName":"search_term_string"}}],"inLanguage":"en-US"},{"@type":"Organization","@id":"https:\/\/ntbxray.com\/en\/#organization","name":"NTB XRAY, Digitale R\u00f6ntgenkameras und R\u00f6ntgen-Systeme f\u00fcr R\u00f6ntgenuntersuchungen, digitale R\u00f6ntgenbilder","url":"https:\/\/ntbxray.com\/en\/","logo":{"@type":"ImageObject","inLanguage":"en-US","@id":"https:\/\/ntbxray.com\/en\/#\/schema\/logo\/image\/","url":"https:\/\/ntbxray.com\/com_ntbxray\/wp-content\/uploads\/2024\/07\/Logo_NTB_200.png","contentUrl":"https:\/\/ntbxray.com\/com_ntbxray\/wp-content\/uploads\/2024\/07\/Logo_NTB_200.png","width":200,"height":86,"caption":"NTB XRAY, Digitale R\u00f6ntgenkameras und R\u00f6ntgen-Systeme f\u00fcr R\u00f6ntgenuntersuchungen, digitale R\u00f6ntgenbilder"},"image":{"@id":"https:\/\/ntbxray.com\/en\/#\/schema\/logo\/image\/"},"sameAs":["https:\/\/www.instagram.com\/ntbxray","https:\/\/www.youtube.com\/channel\/UCf6OaEnyndr_l6nSHcn91TA"]}]}},"_links":{"self":[{"href":"https:\/\/ntbxray.com\/en\/wp-json\/wp\/v2\/pages\/2973","targetHints":{"allow":["GET"]}}],"collection":[{"href":"https:\/\/ntbxray.com\/en\/wp-json\/wp\/v2\/pages"}],"about":[{"href":"https:\/\/ntbxray.com\/en\/wp-json\/wp\/v2\/types\/page"}],"author":[{"embeddable":true,"href":"https:\/\/ntbxray.com\/en\/wp-json\/wp\/v2\/users\/1"}],"replies":[{"embeddable":true,"href":"https:\/\/ntbxray.com\/en\/wp-json\/wp\/v2\/comments?post=2973"}],"version-history":[{"count":6,"href":"https:\/\/ntbxray.com\/en\/wp-json\/wp\/v2\/pages\/2973\/revisions"}],"predecessor-version":[{"id":3189,"href":"https:\/\/ntbxray.com\/en\/wp-json\/wp\/v2\/pages\/2973\/revisions\/3189"}],"wp:attachment":[{"href":"https:\/\/ntbxray.com\/en\/wp-json\/wp\/v2\/media?parent=2973"}],"curies":[{"name":"wp","href":"https:\/\/api.w.org\/{rel}","templated":true}]}}