{"id":2974,"date":"2024-08-13T15:47:12","date_gmt":"2024-08-13T13:47:12","guid":{"rendered":"https:\/\/ntbxray.com\/products\/"},"modified":"2025-02-11T10:14:03","modified_gmt":"2025-02-11T09:14:03","slug":"products","status":"publish","type":"page","link":"https:\/\/ntbxray.com\/en\/products\/","title":{"rendered":"Products"},"content":{"rendered":"<div class=\"wpb-content-wrapper\"><p>[vc_row css=&#8221;.vc_custom_1723556831576{padding-bottom: 70px !important;}&#8221;][vc_column]<div id=\"ultimate-heading-819169e195435fdac\" class=\"uvc-heading ult-adjust-bottom-margin ultimate-heading-819169e195435fdac uvc-1090  uvc-heading-default-font-sizes\" data-hspacer=\"no_spacer\"  data-halign=\"center\" style=\"text-align:center\"><div class=\"uvc-heading-spacer no_spacer\" style=\"top\"><\/div><div class=\"uvc-main-heading ult-responsive\"  data-ultimate-target='.uvc-heading.ultimate-heading-819169e195435fdac h1'  data-responsive-json-new='{\"font-size\":\"\",\"line-height\":\"\"}' ><h1 style=\"--font-weight:theme;\">Product overview<\/h1><\/div><div class=\"uvc-sub-heading ult-responsive\"  data-ultimate-target='.uvc-heading.ultimate-heading-819169e195435fdac .uvc-sub-heading '  data-responsive-json-new='{\"font-size\":\"\",\"line-height\":\"\"}'  style=\"font-weight:normal;margin-top:15px;\"><span style=\"color: #000000;\">Solutions for individual requirements<br \/>\n<\/span><\/div><\/div>[\/vc_column][\/vc_row][vc_row gap=&#8221;30&#8243;][vc_column width=&#8221;1\/2&#8243; css=&#8221;.vc_custom_1723620244656{background-color: #08162f !important;}&#8221;]<div id=\"ultimate-heading-39769e195435fe70\" class=\"uvc-heading ult-adjust-bottom-margin ultimate-heading-39769e195435fe70 uvc-7172  uvc-heading-default-font-sizes\" data-hspacer=\"no_spacer\"  data-halign=\"center\" style=\"text-align:center\"><div class=\"uvc-heading-spacer no_spacer\" style=\"top\"><\/div><div class=\"uvc-main-heading ult-responsive\"  data-ultimate-target='.uvc-heading.ultimate-heading-39769e195435fe70 h2'  data-responsive-json-new='{\"font-size\":\"\",\"line-height\":\"\"}' ><h2 style=\"--font-weight:theme;color:#ffffff;margin-top:20px;margin-bottom:20px;\">DIGITAL X-RAY CAMERA<\/h2><\/div><\/div>[vc_row_inner el_class=&#8221;border&#8221; css=&#8221;.vc_custom_1723563589654{background-color: #ffffff !important;}&#8221;][vc_column_inner][vc_single_image image=&#8221;2615&#8243; img_size=&#8221;full&#8221; css_animation=&#8221;zoomIn&#8221; css=&#8221;.vc_custom_1723564079351{padding-top: 20px !important;padding-bottom: 20px !important;background-color: #ffffff !important;}&#8221;]<style type=\"text\/css\" data-type=\"the7_shortcodes-inline-css\">#default-btn-7596cd5fa65a91aa794c623c9041272c.ico-right-side > i {\n  margin-right: 0px;\n  margin-left: 8px;\n}\n#default-btn-7596cd5fa65a91aa794c623c9041272c > i {\n  margin-right: 8px;\n}<\/style><div class=\"btn-align-center\"><a href=\"https:\/\/ntbxray.com\/en\/products\/digital-x-ray-camera\/\" class=\"default-btn-shortcode dt-btn dt-btn-l link-hover-off  vc_custom_1739264994516\" id=\"default-btn-7596cd5fa65a91aa794c623c9041272c\" title=\"Digitale R\u00f6ntgenkamera\"><span>To the cameras<\/span><\/a><\/div>[\/vc_column_inner][\/vc_row_inner][\/vc_column][vc_column width=&#8221;1\/2&#8243; css=&#8221;.vc_custom_1723620260288{background-color: #08162f !important;}&#8221;]<div id=\"ultimate-heading-680869e19543600ed\" class=\"uvc-heading ult-adjust-bottom-margin ultimate-heading-680869e19543600ed uvc-1220  uvc-heading-default-font-sizes\" data-hspacer=\"no_spacer\"  data-halign=\"center\" style=\"text-align:center\"><div class=\"uvc-heading-spacer no_spacer\" style=\"top\"><\/div><div class=\"uvc-main-heading ult-responsive\"  data-ultimate-target='.uvc-heading.ultimate-heading-680869e19543600ed h2'  data-responsive-json-new='{\"font-size\":\"\",\"line-height\":\"\"}' ><h2 style=\"--font-weight:theme;color:#ffffff;margin-top:20px;margin-bottom:20px;\">DIGITAL X-RAY SCANNER<\/h2><\/div><\/div>[vc_row_inner css=&#8221;.vc_custom_1723564017283{background-color: #ffffff !important;}&#8221; el_class=&#8221;border&#8221;][vc_column_inner][vc_single_image image=&#8221;2613&#8243; img_size=&#8221;full&#8221; css_animation=&#8221;zoomIn&#8221; css=&#8221;.vc_custom_1723564117331{padding-top: 20px !important;padding-bottom: 20px !important;}&#8221;]<style type=\"text\/css\" data-type=\"the7_shortcodes-inline-css\">#default-btn-9f61b8982e322cf481f9df403265312a.ico-right-side > i {\n  margin-right: 0px;\n  margin-left: 8px;\n}\n#default-btn-9f61b8982e322cf481f9df403265312a > i {\n  margin-right: 8px;\n}<\/style><div class=\"btn-align-center\"><a href=\"https:\/\/ntbxray.com\/en\/products\/digital-x-ray-scanner\/\" class=\"default-btn-shortcode dt-btn dt-btn-l link-hover-off  vc_custom_1739265050164\" id=\"default-btn-9f61b8982e322cf481f9df403265312a\" title=\"Digitaler R\u00f6ntgenscanner\"><span>To the scanner<\/span><\/a><\/div>[\/vc_column_inner][\/vc_row_inner][\/vc_column][\/vc_row][vc_row gap=&#8221;30&#8243;][vc_column width=&#8221;1\/2&#8243; css=&#8221;.vc_custom_1723563458770{background-color: #08162f !important;}&#8221;]<div id=\"ultimate-heading-745669e19543602d4\" class=\"uvc-heading ult-adjust-bottom-margin ultimate-heading-745669e19543602d4 uvc-9516  uvc-heading-default-font-sizes\" data-hspacer=\"no_spacer\"  data-halign=\"center\" style=\"text-align:center\"><div class=\"uvc-heading-spacer no_spacer\" style=\"top\"><\/div><div class=\"uvc-main-heading ult-responsive\"  data-ultimate-target='.uvc-heading.ultimate-heading-745669e19543602d4 h2'  data-responsive-json-new='{\"font-size\":\"\",\"line-height\":\"\"}' ><h2 style=\"--font-weight:theme;color:#ffffff;margin-top:20px;margin-bottom:20px;\">DIGITAL U-SHAPE X-RAY CAMERA<\/h2><\/div><\/div>[vc_row_inner el_class=&#8221;border&#8221; css=&#8221;.vc_custom_1723563589654{background-color: #ffffff !important;}&#8221;][vc_column_inner][vc_single_image image=&#8221;2614&#8243; img_size=&#8221;full&#8221; css_animation=&#8221;zoomIn&#8221; css=&#8221;.vc_custom_1723564449696{padding-top: 20px !important;padding-bottom: 20px !important;background-color: #ffffff !important;}&#8221;]<style type=\"text\/css\" data-type=\"the7_shortcodes-inline-css\">#default-btn-63aceddeaea3c06670489b81dab41645.ico-right-side > i {\n  margin-right: 0px;\n  margin-left: 8px;\n}\n#default-btn-63aceddeaea3c06670489b81dab41645 > i {\n  margin-right: 8px;\n}<\/style><div class=\"btn-align-center\"><a href=\"https:\/\/ntbxray.com\/en\/products\/digital-u-bend-camera\/\" class=\"default-btn-shortcode dt-btn dt-btn-l link-hover-off  vc_custom_1739265193747\" id=\"default-btn-63aceddeaea3c06670489b81dab41645\" title=\"Digitale U-Bogen Kamera\"><span>To the u-shape cameras<\/span><\/a><\/div>[\/vc_column_inner][\/vc_row_inner][\/vc_column][vc_column width=&#8221;1\/2&#8243; css=&#8221;.vc_custom_1723563819969{background-color: #08162f !important;}&#8221;]<div id=\"ultimate-heading-523969e19543604c0\" class=\"uvc-heading ult-adjust-bottom-margin ultimate-heading-523969e19543604c0 uvc-4  uvc-heading-default-font-sizes\" data-hspacer=\"no_spacer\"  data-halign=\"center\" style=\"text-align:center\"><div class=\"uvc-heading-spacer no_spacer\" style=\"top\"><\/div><div class=\"uvc-main-heading ult-responsive\"  data-ultimate-target='.uvc-heading.ultimate-heading-523969e19543604c0 h2'  data-responsive-json-new='{\"font-size\":\"\",\"line-height\":\"\"}' ><h2 style=\"--font-weight:theme;color:#ffffff;margin-top:20px;margin-bottom:20px;\">MCU MANIPULATOR<\/h2><\/div><\/div>[vc_row_inner css=&#8221;.vc_custom_1723564017283{background-color: #ffffff !important;}&#8221; el_class=&#8221;border&#8221;][vc_column_inner][vc_single_image image=&#8221;2667&#8243; img_size=&#8221;full&#8221; css_animation=&#8221;zoomIn&#8221; css=&#8221;.vc_custom_1728471428890{padding-top: 20px !important;padding-bottom: 20px !important;}&#8221;]<style type=\"text\/css\" data-type=\"the7_shortcodes-inline-css\">#default-btn-51e266c04cc9c231308d81b895b4a1bb.ico-right-side > i {\n  margin-right: 0px;\n  margin-left: 8px;\n}\n#default-btn-51e266c04cc9c231308d81b895b4a1bb > i {\n  margin-right: 8px;\n}<\/style><div class=\"btn-align-center\"><a href=\"https:\/\/ntbxray.com\/en\/products\/mcu-manipulator\/\" class=\"default-btn-shortcode dt-btn dt-btn-l link-hover-off  vc_custom_1739265235203\" id=\"default-btn-51e266c04cc9c231308d81b895b4a1bb\" title=\"MCU Manipulator\"><span>To the MCU-Manipulator<\/span><\/a><\/div>[\/vc_column_inner][\/vc_row_inner][\/vc_column][\/vc_row]<\/p>\n<\/div>","protected":false},"excerpt":{"rendered":"<p>[vc_row css=&#8221;.vc_custom_1723556831576{padding-bottom: 70px !important;}&#8221;][vc_column][\/vc_column][\/vc_row][vc_row gap=&#8221;30&#8243;][vc_column width=&#8221;1\/2&#8243; css=&#8221;.vc_custom_1723620244656{background-color: #08162f !important;}&#8221;][vc_row_inner el_class=&#8221;border&#8221; css=&#8221;.vc_custom_1723563589654{background-color: #ffffff !important;}&#8221;][vc_column_inner][vc_single_image image=&#8221;2615&#8243; img_size=&#8221;full&#8221; css_animation=&#8221;zoomIn&#8221; css=&#8221;.vc_custom_1723564079351{padding-top: 20px !important;padding-bottom: 20px !important;background-color: #ffffff !important;}&#8221;][\/vc_column_inner][\/vc_row_inner][\/vc_column][vc_column width=&#8221;1\/2&#8243; css=&#8221;.vc_custom_1723620260288{background-color: #08162f !important;}&#8221;][vc_row_inner css=&#8221;.vc_custom_1723564017283{background-color: #ffffff !important;}&#8221; el_class=&#8221;border&#8221;][vc_column_inner][vc_single_image image=&#8221;2613&#8243; img_size=&#8221;full&#8221; css_animation=&#8221;zoomIn&#8221; css=&#8221;.vc_custom_1723564117331{padding-top: 20px !important;padding-bottom: 20px !important;}&#8221;][\/vc_column_inner][\/vc_row_inner][\/vc_column][\/vc_row][vc_row gap=&#8221;30&#8243;][vc_column width=&#8221;1\/2&#8243; css=&#8221;.vc_custom_1723563458770{background-color: #08162f !important;}&#8221;][vc_row_inner el_class=&#8221;border&#8221; css=&#8221;.vc_custom_1723563589654{background-color: #ffffff !important;}&#8221;][vc_column_inner][vc_single_image image=&#8221;2614&#8243; img_size=&#8221;full&#8221; css_animation=&#8221;zoomIn&#8221; css=&#8221;.vc_custom_1723564449696{padding-top: 20px !important;padding-bottom: 20px&hellip;<\/p>\n","protected":false},"author":1,"featured_media":0,"parent":0,"menu_order":0,"comment_status":"closed","ping_status":"closed","template":"","meta":{"footnotes":""},"class_list":["post-2974","page","type-page","status-publish","hentry","description-off"],"yoast_head":"<!-- This site is optimized with the Yoast SEO plugin v27.2 - https:\/\/yoast.com\/product\/yoast-seo-wordpress\/ -->\n<title>Products - NTB XRAY, Digitale R\u00f6ntgenkameras und R\u00f6ntgen-Systeme f\u00fcr R\u00f6ntgenuntersuchungen, digitale R\u00f6ntgenbilder<\/title>\n<meta name=\"description\" content=\"NTB XRAY Products - Overview of Digital X-Ray Cameras and X-Ray Scanners for Non-Destructive Material Testing NDT\" \/>\n<meta name=\"robots\" content=\"index, follow, max-snippet:-1, max-image-preview:large, max-video-preview:-1\" \/>\n<link rel=\"canonical\" href=\"https:\/\/ntbxray.com\/en\/products\/\" \/>\n<meta property=\"og:locale\" content=\"en_US\" \/>\n<meta property=\"og:type\" content=\"article\" \/>\n<meta property=\"og:title\" content=\"Products - NTB XRAY, Digitale R\u00f6ntgenkameras und R\u00f6ntgen-Systeme f\u00fcr R\u00f6ntgenuntersuchungen, digitale R\u00f6ntgenbilder\" \/>\n<meta property=\"og:description\" content=\"NTB XRAY Products - Overview of Digital X-Ray Cameras and X-Ray Scanners for Non-Destructive Material Testing NDT\" \/>\n<meta property=\"og:url\" content=\"https:\/\/ntbxray.com\/en\/products\/\" \/>\n<meta property=\"og:site_name\" content=\"NTB XRAY, Digitale R\u00f6ntgenkameras und R\u00f6ntgen-Systeme f\u00fcr R\u00f6ntgenuntersuchungen, digitale R\u00f6ntgenbilder\" \/>\n<meta property=\"article:modified_time\" content=\"2025-02-11T09:14:03+00:00\" \/>\n<meta name=\"twitter:card\" content=\"summary_large_image\" \/>\n<meta name=\"twitter:label1\" content=\"Est. reading time\" \/>\n\t<meta name=\"twitter:data1\" content=\"1 minute\" \/>\n<script type=\"application\/ld+json\" class=\"yoast-schema-graph\">{\"@context\":\"https:\/\/schema.org\",\"@graph\":[{\"@type\":\"WebPage\",\"@id\":\"https:\/\/ntbxray.com\/en\/products\/\",\"url\":\"https:\/\/ntbxray.com\/en\/products\/\",\"name\":\"Products - NTB XRAY, Digitale R\u00f6ntgenkameras und R\u00f6ntgen-Systeme f\u00fcr R\u00f6ntgenuntersuchungen, digitale R\u00f6ntgenbilder\",\"isPartOf\":{\"@id\":\"https:\/\/ntbxray.com\/en\/#website\"},\"datePublished\":\"2024-08-13T13:47:12+00:00\",\"dateModified\":\"2025-02-11T09:14:03+00:00\",\"description\":\"NTB XRAY Products - Overview of Digital X-Ray Cameras and X-Ray Scanners for Non-Destructive Material Testing NDT\",\"breadcrumb\":{\"@id\":\"https:\/\/ntbxray.com\/en\/products\/#breadcrumb\"},\"inLanguage\":\"en-US\",\"potentialAction\":[{\"@type\":\"ReadAction\",\"target\":[\"https:\/\/ntbxray.com\/en\/products\/\"]}]},{\"@type\":\"BreadcrumbList\",\"@id\":\"https:\/\/ntbxray.com\/en\/products\/#breadcrumb\",\"itemListElement\":[{\"@type\":\"ListItem\",\"position\":1,\"name\":\"Startseite\",\"item\":\"https:\/\/ntbxray.com\/en\/\"},{\"@type\":\"ListItem\",\"position\":2,\"name\":\"Products\"}]},{\"@type\":\"WebSite\",\"@id\":\"https:\/\/ntbxray.com\/en\/#website\",\"url\":\"https:\/\/ntbxray.com\/en\/\",\"name\":\"NTB XRAY, Digitale R\u00f6ntgenkameras und R\u00f6ntgen-Systeme f\u00fcr R\u00f6ntgenuntersuchungen, digitale R\u00f6ntgenbilder\",\"description\":\"\",\"publisher\":{\"@id\":\"https:\/\/ntbxray.com\/en\/#organization\"},\"potentialAction\":[{\"@type\":\"SearchAction\",\"target\":{\"@type\":\"EntryPoint\",\"urlTemplate\":\"https:\/\/ntbxray.com\/en\/?s={search_term_string}\"},\"query-input\":{\"@type\":\"PropertyValueSpecification\",\"valueRequired\":true,\"valueName\":\"search_term_string\"}}],\"inLanguage\":\"en-US\"},{\"@type\":\"Organization\",\"@id\":\"https:\/\/ntbxray.com\/en\/#organization\",\"name\":\"NTB XRAY, Digitale R\u00f6ntgenkameras und R\u00f6ntgen-Systeme f\u00fcr R\u00f6ntgenuntersuchungen, digitale R\u00f6ntgenbilder\",\"url\":\"https:\/\/ntbxray.com\/en\/\",\"logo\":{\"@type\":\"ImageObject\",\"inLanguage\":\"en-US\",\"@id\":\"https:\/\/ntbxray.com\/en\/#\/schema\/logo\/image\/\",\"url\":\"https:\/\/ntbxray.com\/com_ntbxray\/wp-content\/uploads\/2024\/07\/Logo_NTB_200.png\",\"contentUrl\":\"https:\/\/ntbxray.com\/com_ntbxray\/wp-content\/uploads\/2024\/07\/Logo_NTB_200.png\",\"width\":200,\"height\":86,\"caption\":\"NTB XRAY, Digitale R\u00f6ntgenkameras und R\u00f6ntgen-Systeme f\u00fcr R\u00f6ntgenuntersuchungen, digitale R\u00f6ntgenbilder\"},\"image\":{\"@id\":\"https:\/\/ntbxray.com\/en\/#\/schema\/logo\/image\/\"},\"sameAs\":[\"https:\/\/www.instagram.com\/ntbxray\",\"https:\/\/www.youtube.com\/channel\/UCf6OaEnyndr_l6nSHcn91TA\"]}]}<\/script>\n<!-- \/ Yoast SEO plugin. -->","yoast_head_json":{"title":"Products - NTB XRAY, Digitale R\u00f6ntgenkameras und R\u00f6ntgen-Systeme f\u00fcr R\u00f6ntgenuntersuchungen, digitale R\u00f6ntgenbilder","description":"NTB XRAY Products - Overview of Digital X-Ray Cameras and X-Ray Scanners for Non-Destructive Material Testing NDT","robots":{"index":"index","follow":"follow","max-snippet":"max-snippet:-1","max-image-preview":"max-image-preview:large","max-video-preview":"max-video-preview:-1"},"canonical":"https:\/\/ntbxray.com\/en\/products\/","og_locale":"en_US","og_type":"article","og_title":"Products - NTB XRAY, Digitale R\u00f6ntgenkameras und R\u00f6ntgen-Systeme f\u00fcr R\u00f6ntgenuntersuchungen, digitale R\u00f6ntgenbilder","og_description":"NTB XRAY Products - Overview of Digital X-Ray Cameras and X-Ray Scanners for Non-Destructive Material Testing NDT","og_url":"https:\/\/ntbxray.com\/en\/products\/","og_site_name":"NTB XRAY, Digitale R\u00f6ntgenkameras und R\u00f6ntgen-Systeme f\u00fcr R\u00f6ntgenuntersuchungen, digitale R\u00f6ntgenbilder","article_modified_time":"2025-02-11T09:14:03+00:00","twitter_card":"summary_large_image","twitter_misc":{"Est. reading time":"1 minute"},"schema":{"@context":"https:\/\/schema.org","@graph":[{"@type":"WebPage","@id":"https:\/\/ntbxray.com\/en\/products\/","url":"https:\/\/ntbxray.com\/en\/products\/","name":"Products - NTB XRAY, Digitale R\u00f6ntgenkameras und R\u00f6ntgen-Systeme f\u00fcr R\u00f6ntgenuntersuchungen, digitale R\u00f6ntgenbilder","isPartOf":{"@id":"https:\/\/ntbxray.com\/en\/#website"},"datePublished":"2024-08-13T13:47:12+00:00","dateModified":"2025-02-11T09:14:03+00:00","description":"NTB XRAY Products - Overview of Digital X-Ray Cameras and X-Ray Scanners for Non-Destructive Material Testing NDT","breadcrumb":{"@id":"https:\/\/ntbxray.com\/en\/products\/#breadcrumb"},"inLanguage":"en-US","potentialAction":[{"@type":"ReadAction","target":["https:\/\/ntbxray.com\/en\/products\/"]}]},{"@type":"BreadcrumbList","@id":"https:\/\/ntbxray.com\/en\/products\/#breadcrumb","itemListElement":[{"@type":"ListItem","position":1,"name":"Startseite","item":"https:\/\/ntbxray.com\/en\/"},{"@type":"ListItem","position":2,"name":"Products"}]},{"@type":"WebSite","@id":"https:\/\/ntbxray.com\/en\/#website","url":"https:\/\/ntbxray.com\/en\/","name":"NTB XRAY, Digitale R\u00f6ntgenkameras und R\u00f6ntgen-Systeme f\u00fcr R\u00f6ntgenuntersuchungen, digitale R\u00f6ntgenbilder","description":"","publisher":{"@id":"https:\/\/ntbxray.com\/en\/#organization"},"potentialAction":[{"@type":"SearchAction","target":{"@type":"EntryPoint","urlTemplate":"https:\/\/ntbxray.com\/en\/?s={search_term_string}"},"query-input":{"@type":"PropertyValueSpecification","valueRequired":true,"valueName":"search_term_string"}}],"inLanguage":"en-US"},{"@type":"Organization","@id":"https:\/\/ntbxray.com\/en\/#organization","name":"NTB XRAY, Digitale R\u00f6ntgenkameras und R\u00f6ntgen-Systeme f\u00fcr R\u00f6ntgenuntersuchungen, digitale R\u00f6ntgenbilder","url":"https:\/\/ntbxray.com\/en\/","logo":{"@type":"ImageObject","inLanguage":"en-US","@id":"https:\/\/ntbxray.com\/en\/#\/schema\/logo\/image\/","url":"https:\/\/ntbxray.com\/com_ntbxray\/wp-content\/uploads\/2024\/07\/Logo_NTB_200.png","contentUrl":"https:\/\/ntbxray.com\/com_ntbxray\/wp-content\/uploads\/2024\/07\/Logo_NTB_200.png","width":200,"height":86,"caption":"NTB XRAY, Digitale R\u00f6ntgenkameras und R\u00f6ntgen-Systeme f\u00fcr R\u00f6ntgenuntersuchungen, digitale R\u00f6ntgenbilder"},"image":{"@id":"https:\/\/ntbxray.com\/en\/#\/schema\/logo\/image\/"},"sameAs":["https:\/\/www.instagram.com\/ntbxray","https:\/\/www.youtube.com\/channel\/UCf6OaEnyndr_l6nSHcn91TA"]}]}},"_links":{"self":[{"href":"https:\/\/ntbxray.com\/en\/wp-json\/wp\/v2\/pages\/2974","targetHints":{"allow":["GET"]}}],"collection":[{"href":"https:\/\/ntbxray.com\/en\/wp-json\/wp\/v2\/pages"}],"about":[{"href":"https:\/\/ntbxray.com\/en\/wp-json\/wp\/v2\/types\/page"}],"author":[{"embeddable":true,"href":"https:\/\/ntbxray.com\/en\/wp-json\/wp\/v2\/users\/1"}],"replies":[{"embeddable":true,"href":"https:\/\/ntbxray.com\/en\/wp-json\/wp\/v2\/comments?post=2974"}],"version-history":[{"count":10,"href":"https:\/\/ntbxray.com\/en\/wp-json\/wp\/v2\/pages\/2974\/revisions"}],"predecessor-version":[{"id":3203,"href":"https:\/\/ntbxray.com\/en\/wp-json\/wp\/v2\/pages\/2974\/revisions\/3203"}],"wp:attachment":[{"href":"https:\/\/ntbxray.com\/en\/wp-json\/wp\/v2\/media?parent=2974"}],"curies":[{"name":"wp","href":"https:\/\/api.w.org\/{rel}","templated":true}]}}