{"id":2983,"date":"2024-08-14T11:01:23","date_gmt":"2024-08-14T09:01:23","guid":{"rendered":"https:\/\/ntbxray.com\/products\/digital-x-ray-camera\/"},"modified":"2025-02-10T10:49:23","modified_gmt":"2025-02-10T09:49:23","slug":"digital-x-ray-camera","status":"publish","type":"page","link":"https:\/\/ntbxray.com\/en\/products\/digital-x-ray-camera\/","title":{"rendered":"Digital X-ray camera"},"content":{"rendered":"<div class=\"wpb-content-wrapper\"><p>[vc_row css=&#8221;.vc_custom_1734517158025{padding-bottom: 30px !important;}&#8221;][vc_column]<div id=\"ultimate-heading-568269e1a843b97c2\" class=\"uvc-heading ult-adjust-bottom-margin ultimate-heading-568269e1a843b97c2 uvc-8667  uvc-heading-default-font-sizes\" data-hspacer=\"no_spacer\"  data-halign=\"center\" style=\"text-align:center\"><div class=\"uvc-heading-spacer no_spacer\" style=\"top\"><\/div><div class=\"uvc-main-heading ult-responsive\"  data-ultimate-target='.uvc-heading.ultimate-heading-568269e1a843b97c2 h1'  data-responsive-json-new='{\"font-size\":\"\",\"line-height\":\"\"}' ><h1 style=\"--font-weight:theme;\">Digital X-ray camera from NTB<\/h1><\/div><div class=\"uvc-sub-heading ult-responsive\"  data-ultimate-target='.uvc-heading.ultimate-heading-568269e1a843b97c2 .uvc-sub-heading '  data-responsive-json-new='{\"font-size\":\"\",\"line-height\":\"\"}'  style=\"font-weight:normal;margin-top:15px;\">HIGH-RESOLUTION X-RAY IMAGES WITH CMOS TECHNOLOGY<\/div><\/div>[\/vc_column][\/vc_row][vc_row css=&#8221;.vc_custom_1734517173898{border-bottom-width: 20px !important;}&#8221;][vc_column][vc_single_image image=&#8221;2650&#8243; img_size=&#8221;full&#8221; css=&#8221;&#8221;][\/vc_column][\/vc_row][vc_row gap=&#8221;30&#8243; css=&#8221;.vc_custom_1724145278952{padding-bottom: 70px !important;}&#8221;][vc_column css_animation=&#8221;zoomInLeft&#8221; width=&#8221;1\/2&#8243; css=&#8221;.vc_custom_1728473319312{padding-top: 30px !important;padding-right: 20px !important;padding-bottom: 5px !important;padding-left: 30px !important;background-color: #eaf2ff !important;}&#8221;]<div class=\"standard-arrow list-divider bullet-top\"><ul>\n<li><strong>High resolution:<\/strong><br \/>\n12 pixels\/mm = 83 \u00b5m<\/li>\n<li><strong>Wide dynamic range:<\/strong><br \/>\n12 bit A\/D conversion<\/li>\n<li><strong>High capture speed:<br \/>\n<\/strong> up to 80 m\/min<\/li>\n<\/ul>\n<\/div>[\/vc_column][vc_column css_animation=&#8221;zoomInRight&#8221; width=&#8221;1\/2&#8243; css=&#8221;.vc_custom_1724145288332{padding-top: 30px !important;padding-right: 20px !important;padding-bottom: 5px !important;padding-left: 30px !important;background-color: #eaf2ff !important;}&#8221;]<div class=\"standard-arrow list-divider bullet-top\"><ul>\n<li><strong>Low operating costs:<\/strong><br \/>\nno film \/ no development<\/li>\n<li><strong>Insensitive to<br \/>\nscattered radiation<\/strong><\/li>\n<li><strong>Multicam<br \/>\n<\/strong>up to three cameras on one PC<\/li>\n<\/ul>\n<\/div>[\/vc_column][\/vc_row][vc_row css=&#8221;.vc_custom_1723629411232{padding-bottom: 40px !important;}&#8221;][vc_column]<div id=\"ultimate-heading-544069e1a843b9a2a\" class=\"uvc-heading ult-adjust-bottom-margin ultimate-heading-544069e1a843b9a2a uvc-9097  uvc-heading-default-font-sizes\" data-hspacer=\"no_spacer\"  data-halign=\"left\" style=\"text-align:left\"><div class=\"uvc-heading-spacer no_spacer\" style=\"top\"><\/div><div class=\"uvc-main-heading ult-responsive\"  data-ultimate-target='.uvc-heading.ultimate-heading-544069e1a843b9a2a h2'  data-responsive-json-new='{\"font-size\":\"\",\"line-height\":\"\"}' ><h2 style=\"--font-weight:theme;\">General description<\/h2><\/div><\/div>[\/vc_column][\/vc_row][vc_row css=&#8221;.vc_custom_1728475506051{padding-bottom: 70px !important;}&#8221;][vc_column width=&#8221;1\/2&#8243; css=&#8221;.vc_custom_1728475030493{border-color: #002c50 !important;}&#8221;][vc_single_image image=&#8221;2670&#8243; img_size=&#8221;full&#8221; alignment=&#8221;center&#8221; css_animation=&#8221;fadeInLeft&#8221; css=&#8221;.vc_custom_1728474819944{border-color: #002c50 !important;}&#8221;][\/vc_column][vc_column width=&#8221;1\/2&#8243;][vc_column_text css=&#8221;.vc_custom_1728475146596{padding-top: 75px !important;}&#8221;]The digital X-ray linescan cameras of the SEZ series from NTB have been specially developed for X-ray inspection and are based on intensive research. They offer a robust design, ensuring a long service life and high durability.[\/vc_column_text][\/vc_column][\/vc_row][vc_row css=&#8221;.vc_custom_1728475643543{padding-bottom: 70px !important;}&#8221;][vc_column width=&#8221;1\/2&#8243; css=&#8221;.vc_custom_1728475030493{border-color: #002c50 !important;}&#8221;][vc_column_text css=&#8221;.vc_custom_1734513196908{padding-top: 40px !important;}&#8221;]The digital X-ray linescan camera is designed for voltages from 20 kV to 450 kV. Thanks to the slit collimator, the cameras are insensitive to scattered radiation. The flexibly adjustable pixel binning allows for variable resolution from 83 \u00b5m to 1.3 mm and adapts to applications with high resolution or high scanning speed (up to 80 m\/min).[\/vc_column_text][\/vc_column][vc_column width=&#8221;1\/2&#8243;][vc_single_image image=&#8221;2671&#8243; img_size=&#8221;full&#8221; alignment=&#8221;center&#8221; css_animation=&#8221;fadeInRight&#8221; css=&#8221;.vc_custom_1728475340633{border-color: #002c50 !important;}&#8221;][\/vc_column][\/vc_row][vc_row css=&#8221;.vc_custom_1728475210030{padding-bottom: 55px !important;}&#8221;][vc_column width=&#8221;1\/2&#8243; css=&#8221;.vc_custom_1728475030493{border-color: #002c50 !important;}&#8221;][vc_single_image image=&#8221;2672&#8243; img_size=&#8221;full&#8221; alignment=&#8221;center&#8221; css_animation=&#8221;fadeInLeft&#8221; css=&#8221;.vc_custom_1728475824556{border-color: #002c50 !important;}&#8221;][\/vc_column][vc_column width=&#8221;1\/2&#8243;][vc_column_text css=&#8221;.vc_custom_1728475763728{padding-top: 70px !important;}&#8221;]The 12-bit A\/D conversion provides images with up to 4096 grayscales. Integrated software supports image analysis, storage, and documentation, and the software library (DLL) allows for customer-specific solutions and automation.[\/vc_column_text][\/vc_column][\/vc_row][vc_row css=&#8221;.vc_custom_1728475643543{padding-bottom: 70px !important;}&#8221;][vc_column width=&#8221;1\/2&#8243; css=&#8221;.vc_custom_1728475030493{border-color: #002c50 !important;}&#8221;][vc_column_text css=&#8221;.vc_custom_1728475991750{padding-top: 70px !important;}&#8221;]The cameras are economical as they eliminate film and development costs, and enable space-saving digital archiving. They can be integrated as an extension into existing systems or supplied as a complete system.[\/vc_column_text][\/vc_column][vc_column width=&#8221;1\/2&#8243;][vc_single_image image=&#8221;2673&#8243; img_size=&#8221;full&#8221; alignment=&#8221;center&#8221; css_animation=&#8221;fadeInRight&#8221; css=&#8221;.vc_custom_1728475934859{border-color: #002c50 !important;}&#8221;][\/vc_column][\/vc_row]<\/p>\n<\/div>","protected":false},"excerpt":{"rendered":"<p>[vc_row css=&#8221;.vc_custom_1734517158025{padding-bottom: 30px !important;}&#8221;][vc_column][\/vc_column][\/vc_row][vc_row css=&#8221;.vc_custom_1734517173898{border-bottom-width: 20px !important;}&#8221;][vc_column][vc_single_image image=&#8221;2650&#8243; img_size=&#8221;full&#8221; css=&#8221;&#8221;][\/vc_column][\/vc_row][vc_row gap=&#8221;30&#8243; css=&#8221;.vc_custom_1724145278952{padding-bottom: 70px !important;}&#8221;][vc_column css_animation=&#8221;zoomInLeft&#8221; width=&#8221;1\/2&#8243; css=&#8221;.vc_custom_1728473319312{padding-top: 30px !important;padding-right: 20px !important;padding-bottom: 5px !important;padding-left: 30px !important;background-color: #eaf2ff !important;}&#8221;][\/vc_column][vc_column css_animation=&#8221;zoomInRight&#8221; width=&#8221;1\/2&#8243; css=&#8221;.vc_custom_1724145288332{padding-top: 30px !important;padding-right: 20px !important;padding-bottom: 5px !important;padding-left: 30px !important;background-color: #eaf2ff !important;}&#8221;][\/vc_column][\/vc_row][vc_row css=&#8221;.vc_custom_1723629411232{padding-bottom: 40px !important;}&#8221;][vc_column][\/vc_column][\/vc_row][vc_row css=&#8221;.vc_custom_1728475506051{padding-bottom: 70px !important;}&#8221;][vc_column width=&#8221;1\/2&#8243; css=&#8221;.vc_custom_1728475030493{border-color: #002c50 !important;}&#8221;][vc_single_image image=&#8221;2670&#8243; img_size=&#8221;full&#8221; alignment=&#8221;center&#8221; css_animation=&#8221;fadeInLeft&#8221; css=&#8221;.vc_custom_1728474819944{border-color:&hellip;<\/p>\n","protected":false},"author":1,"featured_media":0,"parent":2974,"menu_order":0,"comment_status":"closed","ping_status":"closed","template":"","meta":{"footnotes":""},"class_list":["post-2983","page","type-page","status-publish","hentry","description-off"],"yoast_head":"<!-- This site is optimized with the Yoast SEO plugin v27.2 - https:\/\/yoast.com\/product\/yoast-seo-wordpress\/ -->\n<title>Digital X-ray camera - NTB XRAY, Digitale R\u00f6ntgenkameras und R\u00f6ntgen-Systeme f\u00fcr R\u00f6ntgenuntersuchungen, digitale R\u00f6ntgenbilder<\/title>\n<meta name=\"description\" content=\"Digital X-ray linescan cameras from NTB specially developed for X-ray inspection, robust design, long service life, high durability. Info: +49 5445 98 48 0\" \/>\n<meta name=\"robots\" content=\"index, follow, max-snippet:-1, max-image-preview:large, max-video-preview:-1\" \/>\n<link rel=\"canonical\" href=\"https:\/\/ntbxray.com\/en\/products\/digital-x-ray-camera\/\" \/>\n<meta property=\"og:locale\" content=\"en_US\" \/>\n<meta property=\"og:type\" content=\"article\" \/>\n<meta property=\"og:title\" content=\"Digital X-ray camera - NTB XRAY, Digitale R\u00f6ntgenkameras und R\u00f6ntgen-Systeme f\u00fcr R\u00f6ntgenuntersuchungen, digitale R\u00f6ntgenbilder\" \/>\n<meta property=\"og:description\" content=\"Digital X-ray linescan cameras from NTB specially developed for X-ray inspection, robust design, long service life, high durability. Info: +49 5445 98 48 0\" \/>\n<meta property=\"og:url\" content=\"https:\/\/ntbxray.com\/en\/products\/digital-x-ray-camera\/\" \/>\n<meta property=\"og:site_name\" content=\"NTB XRAY, Digitale R\u00f6ntgenkameras und R\u00f6ntgen-Systeme f\u00fcr R\u00f6ntgenuntersuchungen, digitale R\u00f6ntgenbilder\" \/>\n<meta property=\"article:modified_time\" content=\"2025-02-10T09:49:23+00:00\" \/>\n<meta name=\"twitter:card\" content=\"summary_large_image\" \/>\n<meta name=\"twitter:label1\" content=\"Est. reading time\" \/>\n\t<meta name=\"twitter:data1\" content=\"3 minutes\" \/>\n<script type=\"application\/ld+json\" class=\"yoast-schema-graph\">{\"@context\":\"https:\/\/schema.org\",\"@graph\":[{\"@type\":\"WebPage\",\"@id\":\"https:\/\/ntbxray.com\/en\/products\/digital-x-ray-camera\/\",\"url\":\"https:\/\/ntbxray.com\/en\/products\/digital-x-ray-camera\/\",\"name\":\"Digital X-ray camera - NTB XRAY, Digitale R\u00f6ntgenkameras und R\u00f6ntgen-Systeme f\u00fcr R\u00f6ntgenuntersuchungen, digitale R\u00f6ntgenbilder\",\"isPartOf\":{\"@id\":\"https:\/\/ntbxray.com\/en\/#website\"},\"datePublished\":\"2024-08-14T09:01:23+00:00\",\"dateModified\":\"2025-02-10T09:49:23+00:00\",\"description\":\"Digital X-ray linescan cameras from NTB specially developed for X-ray inspection, robust design, long service life, high durability. Info: +49 5445 98 48 0\",\"breadcrumb\":{\"@id\":\"https:\/\/ntbxray.com\/en\/products\/digital-x-ray-camera\/#breadcrumb\"},\"inLanguage\":\"en-US\",\"potentialAction\":[{\"@type\":\"ReadAction\",\"target\":[\"https:\/\/ntbxray.com\/en\/products\/digital-x-ray-camera\/\"]}]},{\"@type\":\"BreadcrumbList\",\"@id\":\"https:\/\/ntbxray.com\/en\/products\/digital-x-ray-camera\/#breadcrumb\",\"itemListElement\":[{\"@type\":\"ListItem\",\"position\":1,\"name\":\"Startseite\",\"item\":\"https:\/\/ntbxray.com\/en\/\"},{\"@type\":\"ListItem\",\"position\":2,\"name\":\"Products\",\"item\":\"https:\/\/ntbxray.com\/en\/products\/\"},{\"@type\":\"ListItem\",\"position\":3,\"name\":\"Digital X-ray camera\"}]},{\"@type\":\"WebSite\",\"@id\":\"https:\/\/ntbxray.com\/en\/#website\",\"url\":\"https:\/\/ntbxray.com\/en\/\",\"name\":\"NTB XRAY, Digitale R\u00f6ntgenkameras und R\u00f6ntgen-Systeme f\u00fcr R\u00f6ntgenuntersuchungen, digitale R\u00f6ntgenbilder\",\"description\":\"\",\"publisher\":{\"@id\":\"https:\/\/ntbxray.com\/en\/#organization\"},\"potentialAction\":[{\"@type\":\"SearchAction\",\"target\":{\"@type\":\"EntryPoint\",\"urlTemplate\":\"https:\/\/ntbxray.com\/en\/?s={search_term_string}\"},\"query-input\":{\"@type\":\"PropertyValueSpecification\",\"valueRequired\":true,\"valueName\":\"search_term_string\"}}],\"inLanguage\":\"en-US\"},{\"@type\":\"Organization\",\"@id\":\"https:\/\/ntbxray.com\/en\/#organization\",\"name\":\"NTB XRAY, Digitale R\u00f6ntgenkameras und R\u00f6ntgen-Systeme f\u00fcr R\u00f6ntgenuntersuchungen, digitale R\u00f6ntgenbilder\",\"url\":\"https:\/\/ntbxray.com\/en\/\",\"logo\":{\"@type\":\"ImageObject\",\"inLanguage\":\"en-US\",\"@id\":\"https:\/\/ntbxray.com\/en\/#\/schema\/logo\/image\/\",\"url\":\"https:\/\/ntbxray.com\/com_ntbxray\/wp-content\/uploads\/2024\/07\/Logo_NTB_200.png\",\"contentUrl\":\"https:\/\/ntbxray.com\/com_ntbxray\/wp-content\/uploads\/2024\/07\/Logo_NTB_200.png\",\"width\":200,\"height\":86,\"caption\":\"NTB XRAY, Digitale R\u00f6ntgenkameras und R\u00f6ntgen-Systeme f\u00fcr R\u00f6ntgenuntersuchungen, digitale R\u00f6ntgenbilder\"},\"image\":{\"@id\":\"https:\/\/ntbxray.com\/en\/#\/schema\/logo\/image\/\"},\"sameAs\":[\"https:\/\/www.instagram.com\/ntbxray\",\"https:\/\/www.youtube.com\/channel\/UCf6OaEnyndr_l6nSHcn91TA\"]}]}<\/script>\n<!-- \/ Yoast SEO plugin. -->","yoast_head_json":{"title":"Digital X-ray camera - NTB XRAY, Digitale R\u00f6ntgenkameras und R\u00f6ntgen-Systeme f\u00fcr R\u00f6ntgenuntersuchungen, digitale R\u00f6ntgenbilder","description":"Digital X-ray linescan cameras from NTB specially developed for X-ray inspection, robust design, long service life, high durability. Info: +49 5445 98 48 0","robots":{"index":"index","follow":"follow","max-snippet":"max-snippet:-1","max-image-preview":"max-image-preview:large","max-video-preview":"max-video-preview:-1"},"canonical":"https:\/\/ntbxray.com\/en\/products\/digital-x-ray-camera\/","og_locale":"en_US","og_type":"article","og_title":"Digital X-ray camera - NTB XRAY, Digitale R\u00f6ntgenkameras und R\u00f6ntgen-Systeme f\u00fcr R\u00f6ntgenuntersuchungen, digitale R\u00f6ntgenbilder","og_description":"Digital X-ray linescan cameras from NTB specially developed for X-ray inspection, robust design, long service life, high durability. Info: +49 5445 98 48 0","og_url":"https:\/\/ntbxray.com\/en\/products\/digital-x-ray-camera\/","og_site_name":"NTB XRAY, Digitale R\u00f6ntgenkameras und R\u00f6ntgen-Systeme f\u00fcr R\u00f6ntgenuntersuchungen, digitale R\u00f6ntgenbilder","article_modified_time":"2025-02-10T09:49:23+00:00","twitter_card":"summary_large_image","twitter_misc":{"Est. reading time":"3 minutes"},"schema":{"@context":"https:\/\/schema.org","@graph":[{"@type":"WebPage","@id":"https:\/\/ntbxray.com\/en\/products\/digital-x-ray-camera\/","url":"https:\/\/ntbxray.com\/en\/products\/digital-x-ray-camera\/","name":"Digital X-ray camera - NTB XRAY, Digitale R\u00f6ntgenkameras und R\u00f6ntgen-Systeme f\u00fcr R\u00f6ntgenuntersuchungen, digitale R\u00f6ntgenbilder","isPartOf":{"@id":"https:\/\/ntbxray.com\/en\/#website"},"datePublished":"2024-08-14T09:01:23+00:00","dateModified":"2025-02-10T09:49:23+00:00","description":"Digital X-ray linescan cameras from NTB specially developed for X-ray inspection, robust design, long service life, high durability. Info: +49 5445 98 48 0","breadcrumb":{"@id":"https:\/\/ntbxray.com\/en\/products\/digital-x-ray-camera\/#breadcrumb"},"inLanguage":"en-US","potentialAction":[{"@type":"ReadAction","target":["https:\/\/ntbxray.com\/en\/products\/digital-x-ray-camera\/"]}]},{"@type":"BreadcrumbList","@id":"https:\/\/ntbxray.com\/en\/products\/digital-x-ray-camera\/#breadcrumb","itemListElement":[{"@type":"ListItem","position":1,"name":"Startseite","item":"https:\/\/ntbxray.com\/en\/"},{"@type":"ListItem","position":2,"name":"Products","item":"https:\/\/ntbxray.com\/en\/products\/"},{"@type":"ListItem","position":3,"name":"Digital X-ray camera"}]},{"@type":"WebSite","@id":"https:\/\/ntbxray.com\/en\/#website","url":"https:\/\/ntbxray.com\/en\/","name":"NTB XRAY, Digitale R\u00f6ntgenkameras und R\u00f6ntgen-Systeme f\u00fcr R\u00f6ntgenuntersuchungen, digitale R\u00f6ntgenbilder","description":"","publisher":{"@id":"https:\/\/ntbxray.com\/en\/#organization"},"potentialAction":[{"@type":"SearchAction","target":{"@type":"EntryPoint","urlTemplate":"https:\/\/ntbxray.com\/en\/?s={search_term_string}"},"query-input":{"@type":"PropertyValueSpecification","valueRequired":true,"valueName":"search_term_string"}}],"inLanguage":"en-US"},{"@type":"Organization","@id":"https:\/\/ntbxray.com\/en\/#organization","name":"NTB XRAY, Digitale R\u00f6ntgenkameras und R\u00f6ntgen-Systeme f\u00fcr R\u00f6ntgenuntersuchungen, digitale R\u00f6ntgenbilder","url":"https:\/\/ntbxray.com\/en\/","logo":{"@type":"ImageObject","inLanguage":"en-US","@id":"https:\/\/ntbxray.com\/en\/#\/schema\/logo\/image\/","url":"https:\/\/ntbxray.com\/com_ntbxray\/wp-content\/uploads\/2024\/07\/Logo_NTB_200.png","contentUrl":"https:\/\/ntbxray.com\/com_ntbxray\/wp-content\/uploads\/2024\/07\/Logo_NTB_200.png","width":200,"height":86,"caption":"NTB XRAY, Digitale R\u00f6ntgenkameras und R\u00f6ntgen-Systeme f\u00fcr R\u00f6ntgenuntersuchungen, digitale R\u00f6ntgenbilder"},"image":{"@id":"https:\/\/ntbxray.com\/en\/#\/schema\/logo\/image\/"},"sameAs":["https:\/\/www.instagram.com\/ntbxray","https:\/\/www.youtube.com\/channel\/UCf6OaEnyndr_l6nSHcn91TA"]}]}},"_links":{"self":[{"href":"https:\/\/ntbxray.com\/en\/wp-json\/wp\/v2\/pages\/2983","targetHints":{"allow":["GET"]}}],"collection":[{"href":"https:\/\/ntbxray.com\/en\/wp-json\/wp\/v2\/pages"}],"about":[{"href":"https:\/\/ntbxray.com\/en\/wp-json\/wp\/v2\/types\/page"}],"author":[{"embeddable":true,"href":"https:\/\/ntbxray.com\/en\/wp-json\/wp\/v2\/users\/1"}],"replies":[{"embeddable":true,"href":"https:\/\/ntbxray.com\/en\/wp-json\/wp\/v2\/comments?post=2983"}],"version-history":[{"count":7,"href":"https:\/\/ntbxray.com\/en\/wp-json\/wp\/v2\/pages\/2983\/revisions"}],"predecessor-version":[{"id":3146,"href":"https:\/\/ntbxray.com\/en\/wp-json\/wp\/v2\/pages\/2983\/revisions\/3146"}],"up":[{"embeddable":true,"href":"https:\/\/ntbxray.com\/en\/wp-json\/wp\/v2\/pages\/2974"}],"wp:attachment":[{"href":"https:\/\/ntbxray.com\/en\/wp-json\/wp\/v2\/media?parent=2983"}],"curies":[{"name":"wp","href":"https:\/\/api.w.org\/{rel}","templated":true}]}}