{"id":2984,"date":"2024-08-05T10:01:54","date_gmt":"2024-08-05T08:01:54","guid":{"rendered":"https:\/\/ntbxray.com\/legal-notice\/"},"modified":"2025-02-10T11:01:37","modified_gmt":"2025-02-10T10:01:37","slug":"legal-notice","status":"publish","type":"page","link":"https:\/\/ntbxray.com\/en\/legal-notice\/","title":{"rendered":"Legal Notice"},"content":{"rendered":"<div class=\"wpb-content-wrapper\"><p>[vc_row css=&#8221;.vc_custom_1722844655974{padding-bottom: 70px !important;}&#8221;][vc_column]<div id=\"ultimate-heading-352269e45ad707649\" class=\"uvc-heading ult-adjust-bottom-margin ultimate-heading-352269e45ad707649 uvc-4031  uvc-heading-default-font-sizes\" data-hspacer=\"no_spacer\"  data-halign=\"left\" style=\"text-align:left\"><div class=\"uvc-heading-spacer no_spacer\" style=\"top\"><\/div><div class=\"uvc-main-heading ult-responsive\"  data-ultimate-target='.uvc-heading.ultimate-heading-352269e45ad707649 h2'  data-responsive-json-new='{\"font-size\":\"\",\"line-height\":\"\"}' ><h2 style=\"--font-weight:theme;\">Responsible:<\/h2><\/div><\/div>[\/vc_column][\/vc_row][vc_row css=&#8221;.vc_custom_1722845642335{padding-bottom: 60px !important;}&#8221;][vc_column][vc_column_text css=&#8221;&#8221;]<strong>NTB elektronische Ger\u00e4te GmbH<\/strong><br \/>\nD\u00f6nseler Stra\u00dfe 4<br \/>\n49453 Dickel<br \/>\nGermany<\/p>\n<p>Tel.: +49 5445 98 48 0<br \/>\nFax: +49 5445 98 48 18<\/p>\n<p>www.ntbxray.com<br \/>\nntb@ntbxray.com<\/p>\n<p>Management: Simone Hahn<\/p>\n<p>VAT ID No.: DE 172623588<br \/>\nRegistered: Amtsgericht Walsrode, HRB 100303[\/vc_column_text][\/vc_column][\/vc_row][vc_row][vc_column][vc_accordion active_tab=&#8221;1&#8243; style=&#8221;2&#8243; title=&#8221;Legal:&#8221;][vc_accordion_tab title=&#8221;Liability for content&#8221;][vc_column_text css=&#8221;&#8221;]We strive to keep the content of our site up to date. Despite careful editing, liability is excluded. <\/p>\n<p>As a service provider, we are responsible for our own content on these pages in accordance with general laws pursuant to Section 7 Paragraph 1 of the German Telemedia Act (TMG). <\/p>\n<p>According to Sections 8 to 10 of the TMG, however, we as a service provider are not obligated to monitor transmitted or stored third-party information. Upon becoming aware of legal violations, we will remove such content immediately. Any liability in this regard will only be assumed from the time of knowledge of a possible legal violation.[\/vc_column_text][\/vc_accordion_tab][vc_accordion_tab title=&#8221;Liability for links&#8221;][vc_column_text css=&#8221;&#8221;]Our offer contains links to external third-party websites, over whose content we have no influence. Therefore, we cannot assume any liability for these external contents. The respective provider or operator of the pages is always responsible for the content of the linked pages. No warranty is assumed for the content and accuracy of information on linked websites of external information providers.  <\/p>\n<p>The linked pages were checked for possible legal violations WITHOUT OBJECTION at the time of linking. We will immediately remove such links upon becoming aware of any legal violations. [\/vc_column_text][\/vc_accordion_tab][vc_accordion_tab title=&#8221;Copyright&#8221;][vc_column_text css=&#8221;&#8221;]The content and works created by the site operators on these pages are subject to German copyright law. The reproduction, editing, distribution, and any kind of exploitation outside the limits of copyright law require the written consent of the respective author or creator. [\/vc_column_text][\/vc_accordion_tab][\/vc_accordion][vc_column_text css=&#8221;.vc_custom_1722845792790{padding-top: 30px !important;}&#8221;]<span class=\"Inhalt\">Source: S&amp;K Rechtsanw\u00e4lte <a href=\"http:\/\/www.streifler.de\/-_2129.html\" target=\"_blank\" rel=\"noopener\">www.streifler.de <\/a> <\/span>[\/vc_column_text][\/vc_column][\/vc_row]<\/p>\n<\/div>","protected":false},"excerpt":{"rendered":"<p>[vc_row css=&#8221;.vc_custom_1722844655974{padding-bottom: 70px !important;}&#8221;][vc_column][\/vc_column][\/vc_row][vc_row css=&#8221;.vc_custom_1722845642335{padding-bottom: 60px !important;}&#8221;][vc_column][vc_column_text css=&#8221;&#8221;]NTB elektronische Ger\u00e4te GmbH D\u00f6nseler Stra\u00dfe 4 49453 Dickel Germany Tel.: +49 5445 98 48 0 Fax: +49 5445 98 48 18 www.ntbxray.com ntb@ntbxray.com Management: Simone Hahn VAT ID No.: DE 172623588 Registered: Amtsgericht Walsrode, HRB 100303[\/vc_column_text][\/vc_column][\/vc_row][vc_row][vc_column][vc_accordion active_tab=&#8221;1&#8243; style=&#8221;2&#8243; title=&#8221;Legal:&#8221;][vc_accordion_tab title=&#8221;Liability for content&#8221;][vc_column_text css=&#8221;&#8221;]We strive to keep the&hellip;<\/p>\n","protected":false},"author":1,"featured_media":0,"parent":0,"menu_order":0,"comment_status":"closed","ping_status":"closed","template":"","meta":{"footnotes":""},"class_list":["post-2984","page","type-page","status-publish","hentry","description-off"],"yoast_head":"<!-- This site is optimized with the Yoast SEO plugin v27.2 - https:\/\/yoast.com\/product\/yoast-seo-wordpress\/ -->\n<title>Legal Notice - NTB XRAY, Digitale R\u00f6ntgenkameras und R\u00f6ntgen-Systeme f\u00fcr R\u00f6ntgenuntersuchungen, digitale R\u00f6ntgenbilder<\/title>\n<meta name=\"robots\" content=\"index, follow, max-snippet:-1, max-image-preview:large, max-video-preview:-1\" \/>\n<link rel=\"canonical\" href=\"https:\/\/ntbxray.com\/en\/legal-notice\/\" \/>\n<meta property=\"og:locale\" content=\"en_US\" \/>\n<meta property=\"og:type\" content=\"article\" \/>\n<meta property=\"og:title\" content=\"Legal Notice - NTB XRAY, Digitale R\u00f6ntgenkameras und R\u00f6ntgen-Systeme f\u00fcr R\u00f6ntgenuntersuchungen, digitale R\u00f6ntgenbilder\" \/>\n<meta property=\"og:description\" content=\"[vc_row css=&#8221;.vc_custom_1722844655974{padding-bottom: 70px !important;}&#8221;][vc_column][\/vc_column][\/vc_row][vc_row css=&#8221;.vc_custom_1722845642335{padding-bottom: 60px !important;}&#8221;][vc_column][vc_column_text css=&#8221;&#8221;]NTB elektronische Ger\u00e4te GmbH D\u00f6nseler Stra\u00dfe 4 49453 Dickel Germany Tel.: +49 5445 98 48 0 Fax: +49 5445 98 48 18 www.ntbxray.com ntb@ntbxray.com Management: Simone Hahn VAT ID No.: DE 172623588 Registered: Amtsgericht Walsrode, HRB 100303[\/vc_column_text][\/vc_column][\/vc_row][vc_row][vc_column][vc_accordion active_tab=&#8221;1&#8243; style=&#8221;2&#8243; title=&#8221;Legal:&#8221;][vc_accordion_tab title=&#8221;Liability for content&#8221;][vc_column_text css=&#8221;&#8221;]We strive to keep the&hellip;\" \/>\n<meta property=\"og:url\" content=\"https:\/\/ntbxray.com\/en\/legal-notice\/\" \/>\n<meta property=\"og:site_name\" content=\"NTB XRAY, Digitale R\u00f6ntgenkameras und R\u00f6ntgen-Systeme f\u00fcr R\u00f6ntgenuntersuchungen, digitale R\u00f6ntgenbilder\" \/>\n<meta property=\"article:modified_time\" content=\"2025-02-10T10:01:37+00:00\" \/>\n<meta name=\"twitter:card\" content=\"summary_large_image\" \/>\n<meta name=\"twitter:label1\" content=\"Est. reading time\" \/>\n\t<meta name=\"twitter:data1\" content=\"2 minutes\" \/>\n<script type=\"application\/ld+json\" class=\"yoast-schema-graph\">{\"@context\":\"https:\/\/schema.org\",\"@graph\":[{\"@type\":\"WebPage\",\"@id\":\"https:\/\/ntbxray.com\/en\/legal-notice\/\",\"url\":\"https:\/\/ntbxray.com\/en\/legal-notice\/\",\"name\":\"Legal Notice - NTB XRAY, Digitale R\u00f6ntgenkameras und R\u00f6ntgen-Systeme f\u00fcr R\u00f6ntgenuntersuchungen, digitale R\u00f6ntgenbilder\",\"isPartOf\":{\"@id\":\"https:\/\/ntbxray.com\/en\/#website\"},\"datePublished\":\"2024-08-05T08:01:54+00:00\",\"dateModified\":\"2025-02-10T10:01:37+00:00\",\"breadcrumb\":{\"@id\":\"https:\/\/ntbxray.com\/en\/legal-notice\/#breadcrumb\"},\"inLanguage\":\"en-US\",\"potentialAction\":[{\"@type\":\"ReadAction\",\"target\":[\"https:\/\/ntbxray.com\/en\/legal-notice\/\"]}]},{\"@type\":\"BreadcrumbList\",\"@id\":\"https:\/\/ntbxray.com\/en\/legal-notice\/#breadcrumb\",\"itemListElement\":[{\"@type\":\"ListItem\",\"position\":1,\"name\":\"Startseite\",\"item\":\"https:\/\/ntbxray.com\/en\/\"},{\"@type\":\"ListItem\",\"position\":2,\"name\":\"Legal Notice\"}]},{\"@type\":\"WebSite\",\"@id\":\"https:\/\/ntbxray.com\/en\/#website\",\"url\":\"https:\/\/ntbxray.com\/en\/\",\"name\":\"NTB XRAY, Digitale R\u00f6ntgenkameras und R\u00f6ntgen-Systeme f\u00fcr R\u00f6ntgenuntersuchungen, digitale R\u00f6ntgenbilder\",\"description\":\"\",\"publisher\":{\"@id\":\"https:\/\/ntbxray.com\/en\/#organization\"},\"potentialAction\":[{\"@type\":\"SearchAction\",\"target\":{\"@type\":\"EntryPoint\",\"urlTemplate\":\"https:\/\/ntbxray.com\/en\/?s={search_term_string}\"},\"query-input\":{\"@type\":\"PropertyValueSpecification\",\"valueRequired\":true,\"valueName\":\"search_term_string\"}}],\"inLanguage\":\"en-US\"},{\"@type\":\"Organization\",\"@id\":\"https:\/\/ntbxray.com\/en\/#organization\",\"name\":\"NTB XRAY, Digitale R\u00f6ntgenkameras und R\u00f6ntgen-Systeme f\u00fcr R\u00f6ntgenuntersuchungen, digitale R\u00f6ntgenbilder\",\"url\":\"https:\/\/ntbxray.com\/en\/\",\"logo\":{\"@type\":\"ImageObject\",\"inLanguage\":\"en-US\",\"@id\":\"https:\/\/ntbxray.com\/en\/#\/schema\/logo\/image\/\",\"url\":\"https:\/\/ntbxray.com\/com_ntbxray\/wp-content\/uploads\/2024\/07\/Logo_NTB_200.png\",\"contentUrl\":\"https:\/\/ntbxray.com\/com_ntbxray\/wp-content\/uploads\/2024\/07\/Logo_NTB_200.png\",\"width\":200,\"height\":86,\"caption\":\"NTB XRAY, Digitale R\u00f6ntgenkameras und R\u00f6ntgen-Systeme f\u00fcr R\u00f6ntgenuntersuchungen, digitale R\u00f6ntgenbilder\"},\"image\":{\"@id\":\"https:\/\/ntbxray.com\/en\/#\/schema\/logo\/image\/\"},\"sameAs\":[\"https:\/\/www.instagram.com\/ntbxray\",\"https:\/\/www.youtube.com\/channel\/UCf6OaEnyndr_l6nSHcn91TA\"]}]}<\/script>\n<!-- \/ Yoast SEO plugin. -->","yoast_head_json":{"title":"Legal Notice - NTB XRAY, Digitale R\u00f6ntgenkameras und R\u00f6ntgen-Systeme f\u00fcr R\u00f6ntgenuntersuchungen, digitale R\u00f6ntgenbilder","robots":{"index":"index","follow":"follow","max-snippet":"max-snippet:-1","max-image-preview":"max-image-preview:large","max-video-preview":"max-video-preview:-1"},"canonical":"https:\/\/ntbxray.com\/en\/legal-notice\/","og_locale":"en_US","og_type":"article","og_title":"Legal Notice - NTB XRAY, Digitale R\u00f6ntgenkameras und R\u00f6ntgen-Systeme f\u00fcr R\u00f6ntgenuntersuchungen, digitale R\u00f6ntgenbilder","og_description":"[vc_row css=&#8221;.vc_custom_1722844655974{padding-bottom: 70px !important;}&#8221;][vc_column][\/vc_column][\/vc_row][vc_row css=&#8221;.vc_custom_1722845642335{padding-bottom: 60px !important;}&#8221;][vc_column][vc_column_text css=&#8221;&#8221;]NTB elektronische Ger\u00e4te GmbH D\u00f6nseler Stra\u00dfe 4 49453 Dickel Germany Tel.: +49 5445 98 48 0 Fax: +49 5445 98 48 18 www.ntbxray.com ntb@ntbxray.com Management: Simone Hahn VAT ID No.: DE 172623588 Registered: Amtsgericht Walsrode, HRB 100303[\/vc_column_text][\/vc_column][\/vc_row][vc_row][vc_column][vc_accordion active_tab=&#8221;1&#8243; style=&#8221;2&#8243; title=&#8221;Legal:&#8221;][vc_accordion_tab title=&#8221;Liability for content&#8221;][vc_column_text css=&#8221;&#8221;]We strive to keep the&hellip;","og_url":"https:\/\/ntbxray.com\/en\/legal-notice\/","og_site_name":"NTB XRAY, Digitale R\u00f6ntgenkameras und R\u00f6ntgen-Systeme f\u00fcr R\u00f6ntgenuntersuchungen, digitale R\u00f6ntgenbilder","article_modified_time":"2025-02-10T10:01:37+00:00","twitter_card":"summary_large_image","twitter_misc":{"Est. reading time":"2 minutes"},"schema":{"@context":"https:\/\/schema.org","@graph":[{"@type":"WebPage","@id":"https:\/\/ntbxray.com\/en\/legal-notice\/","url":"https:\/\/ntbxray.com\/en\/legal-notice\/","name":"Legal Notice - NTB XRAY, Digitale R\u00f6ntgenkameras und R\u00f6ntgen-Systeme f\u00fcr R\u00f6ntgenuntersuchungen, digitale R\u00f6ntgenbilder","isPartOf":{"@id":"https:\/\/ntbxray.com\/en\/#website"},"datePublished":"2024-08-05T08:01:54+00:00","dateModified":"2025-02-10T10:01:37+00:00","breadcrumb":{"@id":"https:\/\/ntbxray.com\/en\/legal-notice\/#breadcrumb"},"inLanguage":"en-US","potentialAction":[{"@type":"ReadAction","target":["https:\/\/ntbxray.com\/en\/legal-notice\/"]}]},{"@type":"BreadcrumbList","@id":"https:\/\/ntbxray.com\/en\/legal-notice\/#breadcrumb","itemListElement":[{"@type":"ListItem","position":1,"name":"Startseite","item":"https:\/\/ntbxray.com\/en\/"},{"@type":"ListItem","position":2,"name":"Legal Notice"}]},{"@type":"WebSite","@id":"https:\/\/ntbxray.com\/en\/#website","url":"https:\/\/ntbxray.com\/en\/","name":"NTB XRAY, Digitale R\u00f6ntgenkameras und R\u00f6ntgen-Systeme f\u00fcr R\u00f6ntgenuntersuchungen, digitale R\u00f6ntgenbilder","description":"","publisher":{"@id":"https:\/\/ntbxray.com\/en\/#organization"},"potentialAction":[{"@type":"SearchAction","target":{"@type":"EntryPoint","urlTemplate":"https:\/\/ntbxray.com\/en\/?s={search_term_string}"},"query-input":{"@type":"PropertyValueSpecification","valueRequired":true,"valueName":"search_term_string"}}],"inLanguage":"en-US"},{"@type":"Organization","@id":"https:\/\/ntbxray.com\/en\/#organization","name":"NTB XRAY, Digitale R\u00f6ntgenkameras und R\u00f6ntgen-Systeme f\u00fcr R\u00f6ntgenuntersuchungen, digitale R\u00f6ntgenbilder","url":"https:\/\/ntbxray.com\/en\/","logo":{"@type":"ImageObject","inLanguage":"en-US","@id":"https:\/\/ntbxray.com\/en\/#\/schema\/logo\/image\/","url":"https:\/\/ntbxray.com\/com_ntbxray\/wp-content\/uploads\/2024\/07\/Logo_NTB_200.png","contentUrl":"https:\/\/ntbxray.com\/com_ntbxray\/wp-content\/uploads\/2024\/07\/Logo_NTB_200.png","width":200,"height":86,"caption":"NTB XRAY, Digitale R\u00f6ntgenkameras und R\u00f6ntgen-Systeme f\u00fcr R\u00f6ntgenuntersuchungen, digitale R\u00f6ntgenbilder"},"image":{"@id":"https:\/\/ntbxray.com\/en\/#\/schema\/logo\/image\/"},"sameAs":["https:\/\/www.instagram.com\/ntbxray","https:\/\/www.youtube.com\/channel\/UCf6OaEnyndr_l6nSHcn91TA"]}]}},"_links":{"self":[{"href":"https:\/\/ntbxray.com\/en\/wp-json\/wp\/v2\/pages\/2984","targetHints":{"allow":["GET"]}}],"collection":[{"href":"https:\/\/ntbxray.com\/en\/wp-json\/wp\/v2\/pages"}],"about":[{"href":"https:\/\/ntbxray.com\/en\/wp-json\/wp\/v2\/types\/page"}],"author":[{"embeddable":true,"href":"https:\/\/ntbxray.com\/en\/wp-json\/wp\/v2\/users\/1"}],"replies":[{"embeddable":true,"href":"https:\/\/ntbxray.com\/en\/wp-json\/wp\/v2\/comments?post=2984"}],"version-history":[{"count":5,"href":"https:\/\/ntbxray.com\/en\/wp-json\/wp\/v2\/pages\/2984\/revisions"}],"predecessor-version":[{"id":3165,"href":"https:\/\/ntbxray.com\/en\/wp-json\/wp\/v2\/pages\/2984\/revisions\/3165"}],"wp:attachment":[{"href":"https:\/\/ntbxray.com\/en\/wp-json\/wp\/v2\/media?parent=2984"}],"curies":[{"name":"wp","href":"https:\/\/api.w.org\/{rel}","templated":true}]}}