{"id":2993,"date":"2024-08-05T11:08:31","date_gmt":"2024-08-05T09:08:31","guid":{"rendered":"https:\/\/ntbxray.com\/faq\/"},"modified":"2025-02-10T12:27:28","modified_gmt":"2025-02-10T11:27:28","slug":"faq","status":"publish","type":"page","link":"https:\/\/ntbxray.com\/en\/faq\/","title":{"rendered":"FAQ"},"content":{"rendered":"<div class=\"wpb-content-wrapper\"><p>[vc_row content_placement=&#8221;middle&#8221; css=&#8221;.vc_custom_1724253349164{padding-bottom: 60px !important;}&#8221;][vc_column]<div id=\"ultimate-heading-293469f43d27871b1\" class=\"uvc-heading ult-adjust-bottom-margin ultimate-heading-293469f43d27871b1 uvc-4101  uvc-heading-default-font-sizes\" data-hspacer=\"no_spacer\"  data-halign=\"center\" style=\"text-align:center\"><div class=\"uvc-heading-spacer no_spacer\" style=\"top\"><\/div><div class=\"uvc-main-heading ult-responsive\"  data-ultimate-target='.uvc-heading.ultimate-heading-293469f43d27871b1 h2'  data-responsive-json-new='{\"font-size\":\"\",\"line-height\":\"\"}' ><h2 style=\"--font-weight:theme;\">FAQ<\/h2><\/div><div class=\"uvc-sub-heading ult-responsive\"  data-ultimate-target='.uvc-heading.ultimate-heading-293469f43d27871b1 .uvc-sub-heading '  data-responsive-json-new='{\"font-size\":\"\",\"line-height\":\"\"}'  style=\"font-weight:normal;margin-top:25px;\">Frequently asked questions about NTB digital X-ray products<\/div><\/div>[\/vc_column][\/vc_row][vc_row][vc_column][vc_column_text css=&#8221;&#8221;]<style>#sp-ea-3190 .spcollapsing { height: 0; overflow: hidden; transition-property: height;transition-duration: 300ms;}#sp-ea-3190.sp-easy-accordion>.sp-ea-single {margin-bottom: 10px; border: 1px solid #e2e2e2; }#sp-ea-3190.sp-easy-accordion>.sp-ea-single>.ea-header a {color: #ffffff;}#sp-ea-3190.sp-easy-accordion>.sp-ea-single>.sp-collapse>.ea-body {background: #fff; color: #444;}#sp-ea-3190.sp-easy-accordion>.sp-ea-single {background: #002c50;}#sp-ea-3190.sp-easy-accordion>.sp-ea-single>.ea-header a .ea-expand-icon { float: left; color: #ffffff;font-size: 16px;}<\/style><div id=\"sp_easy_accordion-1739185535\"><div id=\"sp-ea-3190\" class=\"sp-ea-one sp-easy-accordion\" data-ea-active=\"ea-hover\" data-ea-mode=\"vertical\" data-preloader=\"\" data-scroll-active-item=\"\" data-offset-to-scroll=\"0\"><div class=\"ea-card ea-expand sp-ea-single\"><h3 class=\"ea-header\"><a class=\"collapsed\" id=\"ea-header-31900\" role=\"button\" data-sptoggle=\"spcollapse\" data-sptarget=\"#collapse31900\" aria-controls=\"collapse31900\" href=\"#\" aria-expanded=\"true\" tabindex=\"0\"><i aria-hidden=\"true\" role=\"presentation\" class=\"ea-expand-icon eap-icon-ea-expand-minus\"><\/i> In which areas are our X-ray cameras mainly used?<\/a><\/h3><div class=\"sp-collapse spcollapse collapsed show\" id=\"collapse31900\" data-parent=\"#sp-ea-3190\" role=\"region\" aria-labelledby=\"ea-header-31900\"> <div class=\"ea-body\"><p><span class=\"--l --r sentence_highlight\">Our X-ray cameras have a wide range of applications in industry, art and archaeology for examining and analyzing materials and objects. <\/span><span class=\"--l --r sentence_highlight\">They are particularly suitable for non-destructive material testing (NDT).<\/span><\/p><\/div><\/div><\/div><div class=\"ea-card sp-ea-single\"><h3 class=\"ea-header\"><a class=\"collapsed\" id=\"ea-header-31901\" role=\"button\" data-sptoggle=\"spcollapse\" data-sptarget=\"#collapse31901\" aria-controls=\"collapse31901\" href=\"#\" aria-expanded=\"false\" tabindex=\"0\"><i aria-hidden=\"true\" role=\"presentation\" class=\"ea-expand-icon eap-icon-ea-expand-plus\"><\/i> What advantages do your X-ray cameras offer over conventional inspection methods?<\/a><\/h3><div class=\"sp-collapse spcollapse \" id=\"collapse31901\" data-parent=\"#sp-ea-3190\" role=\"region\" aria-labelledby=\"ea-header-31901\"> <div class=\"ea-body\"><p><span class=\"--l --r sentence_highlight\">Our X-ray cameras enable a non-destructive examination and provide high-resolution images that make even the finest details visible. <\/span><span class=\"--l --r sentence_highlight\">In addition to conventional 2D X-ray images, 3D images can also be created to enable even more precise analysis.<\/span><\/p><\/div><\/div><\/div><div class=\"ea-card sp-ea-single\"><h3 class=\"ea-header\"><a class=\"collapsed\" id=\"ea-header-31902\" role=\"button\" data-sptoggle=\"spcollapse\" data-sptarget=\"#collapse31902\" aria-controls=\"collapse31902\" href=\"#\" aria-expanded=\"false\" tabindex=\"0\"><i aria-hidden=\"true\" role=\"presentation\" class=\"ea-expand-icon eap-icon-ea-expand-plus\"><\/i> How do your X-ray cameras for industrial applications differ from those for art and archaeology?<\/a><\/h3><div class=\"sp-collapse spcollapse \" id=\"collapse31902\" data-parent=\"#sp-ea-3190\" role=\"region\" aria-labelledby=\"ea-header-31902\"> <div class=\"ea-body\"><p><span class=\"--l --r sentence_highlight\">We do not offer special X-ray cameras for individual areas of application such as industry, art or archaeology. <\/span><span class=\"--l --r sentence_highlight\">Instead, we use our SEZ X-ray camera, which is selected according to the object and material to be examined. <\/span><span class=\"--l --r sentence_highlight\">The choice of camera is therefore based on the properties of the material to be X-rayed, not on the area of application.<\/span><\/p><\/div><\/div><\/div><div class=\"ea-card sp-ea-single\"><h3 class=\"ea-header\"><a class=\"collapsed\" id=\"ea-header-31903\" role=\"button\" data-sptoggle=\"spcollapse\" data-sptarget=\"#collapse31903\" aria-controls=\"collapse31903\" href=\"#\" aria-expanded=\"false\" tabindex=\"0\"><i aria-hidden=\"true\" role=\"presentation\" class=\"ea-expand-icon eap-icon-ea-expand-plus\"><\/i> Do you offer customized solutions? <\/a><\/h3><div class=\"sp-collapse spcollapse \" id=\"collapse31903\" data-parent=\"#sp-ea-3190\" role=\"region\" aria-labelledby=\"ea-header-31903\"> <div class=\"ea-body\"><p><span class=\"--l --r sentence_highlight\">Yes, we also develop and manufacture customized X-ray cameras that are specially tailored to the individual needs of our customers.<\/span><\/p><\/div><\/div><\/div><div class=\"ea-card sp-ea-single\"><h3 class=\"ea-header\"><a class=\"collapsed\" id=\"ea-header-31904\" role=\"button\" data-sptoggle=\"spcollapse\" data-sptarget=\"#collapse31904\" aria-controls=\"collapse31904\" href=\"#\" aria-expanded=\"false\" tabindex=\"0\"><i aria-hidden=\"true\" role=\"presentation\" class=\"ea-expand-icon eap-icon-ea-expand-plus\"><\/i> What training and support services do you offer?<\/a><\/h3><div class=\"sp-collapse spcollapse \" id=\"collapse31904\" data-parent=\"#sp-ea-3190\" role=\"region\" aria-labelledby=\"ea-header-31904\"> <div class=\"ea-body\"><p><span class=\"--l --r sentence_highlight\">We provide comprehensive training, installation assistance and technical support to ensure that our customers get the best out of their X-ray systems.<\/span><\/p><\/div><\/div><\/div><div class=\"ea-card sp-ea-single\"><h3 class=\"ea-header\"><a class=\"collapsed\" id=\"ea-header-31905\" role=\"button\" data-sptoggle=\"spcollapse\" data-sptarget=\"#collapse31905\" aria-controls=\"collapse31905\" href=\"#\" aria-expanded=\"false\" tabindex=\"0\"><i aria-hidden=\"true\" role=\"presentation\" class=\"ea-expand-icon eap-icon-ea-expand-plus\"><\/i> What are the delivery times?<\/a><\/h3><div class=\"sp-collapse spcollapse \" id=\"collapse31905\" data-parent=\"#sp-ea-3190\" role=\"region\" aria-labelledby=\"ea-header-31905\"> <div class=\"ea-body\"><p><span class=\"--l --r sentence_highlight\">On average, our standard X-ray line scan camera models and standard X-ray scanners can be dispatched within 3-4 working days. <\/span><span class=\"--l --r sentence_highlight\">For special constructions, we usually expect a delivery time of 6-8 weeks. <\/span><span class=\"--l --r sentence_highlight\">Please contact us for exact details.<\/span><\/p><\/div><\/div><\/div><div class=\"ea-card sp-ea-single\"><h3 class=\"ea-header\"><a class=\"collapsed\" id=\"ea-header-31906\" role=\"button\" data-sptoggle=\"spcollapse\" data-sptarget=\"#collapse31906\" aria-controls=\"collapse31906\" href=\"#\" aria-expanded=\"false\" tabindex=\"0\"><i aria-hidden=\"true\" role=\"presentation\" class=\"ea-expand-icon eap-icon-ea-expand-plus\"><\/i> Are there demonstrations of your products? <\/a><\/h3><div class=\"sp-collapse spcollapse \" id=\"collapse31906\" data-parent=\"#sp-ea-3190\" role=\"region\" aria-labelledby=\"ea-header-31906\"> <div class=\"ea-body\"><p><span class=\"--l --r sentence_highlight\">Yes, we offer demonstrations and testing facilities so that potential customers can experience the performance of our products. <\/span><span class=\"--l --r sentence_highlight\">Alternatively, we also offer special companies the opportunity to borrow a demo system for testing purposes.<\/span><\/p><\/div><\/div><\/div><div class=\"ea-card sp-ea-single\"><h3 class=\"ea-header\"><a class=\"collapsed\" id=\"ea-header-31907\" role=\"button\" data-sptoggle=\"spcollapse\" data-sptarget=\"#collapse31907\" aria-controls=\"collapse31907\" href=\"#\" aria-expanded=\"false\" tabindex=\"0\"><i aria-hidden=\"true\" role=\"presentation\" class=\"ea-expand-icon eap-icon-ea-expand-plus\"><\/i> What guarantee do NTB products come with? <\/a><\/h3><div class=\"sp-collapse spcollapse \" id=\"collapse31907\" data-parent=\"#sp-ea-3190\" role=\"region\" aria-labelledby=\"ea-header-31907\"> <div class=\"ea-body\"><p><span class=\"--l --r sentence_highlight\">Our X-ray cameras come with a comprehensive 5-year guarantee against radiation damage.<\/span><\/p><\/div><\/div><\/div><div class=\"ea-card sp-ea-single\"><h3 class=\"ea-header\"><a class=\"collapsed\" id=\"ea-header-31908\" role=\"button\" data-sptoggle=\"spcollapse\" data-sptarget=\"#collapse31908\" aria-controls=\"collapse31908\" href=\"#\" aria-expanded=\"false\" tabindex=\"0\"><i aria-hidden=\"true\" role=\"presentation\" class=\"ea-expand-icon eap-icon-ea-expand-plus\"><\/i> In which lengths is the X-ray line scan camera available? <\/a><\/h3><div class=\"sp-collapse spcollapse \" id=\"collapse31908\" data-parent=\"#sp-ea-3190\" role=\"region\" aria-labelledby=\"ea-header-31908\"> <div class=\"ea-body\"><p><span class=\"--l --r sentence_highlight\">The smallest X-ray line scan camera is the SEZ 80 with an effective sensor length of 79 mm. <\/span><span class=\"--l --r sentence_highlight\">The longest X-ray camera manufactured and sold to date is the SEZ T3-2048 with an effective sensor length of 2038 mm.<\/span><\/p><\/div><\/div><\/div><\/div><\/div>[\/vc_column_text][\/vc_column][\/vc_row]<\/p>\n<\/div>","protected":false},"excerpt":{"rendered":"<p>[vc_row content_placement=&#8221;middle&#8221; css=&#8221;.vc_custom_1724253349164{padding-bottom: 60px !important;}&#8221;][vc_column][\/vc_column][\/vc_row][vc_row][vc_column][vc_column_text css=&#8221;&#8221;][\/vc_column_text][\/vc_column][\/vc_row]<\/p>\n","protected":false},"author":1,"featured_media":0,"parent":0,"menu_order":0,"comment_status":"closed","ping_status":"closed","template":"","meta":{"footnotes":""},"class_list":["post-2993","page","type-page","status-publish","hentry","description-off"],"yoast_head":"<!-- This site is optimized with the Yoast SEO plugin v27.2 - https:\/\/yoast.com\/product\/yoast-seo-wordpress\/ -->\n<title>FAQ - NTB XRAY, Digitale R\u00f6ntgenkameras und R\u00f6ntgen-Systeme f\u00fcr R\u00f6ntgenuntersuchungen, digitale R\u00f6ntgenbilder<\/title>\n<meta name=\"robots\" content=\"index, follow, max-snippet:-1, max-image-preview:large, max-video-preview:-1\" \/>\n<link rel=\"canonical\" href=\"https:\/\/ntbxray.com\/en\/faq\/\" \/>\n<meta property=\"og:locale\" content=\"en_US\" \/>\n<meta property=\"og:type\" content=\"article\" \/>\n<meta property=\"og:title\" content=\"FAQ - NTB XRAY, Digitale R\u00f6ntgenkameras und R\u00f6ntgen-Systeme f\u00fcr R\u00f6ntgenuntersuchungen, digitale R\u00f6ntgenbilder\" \/>\n<meta property=\"og:description\" content=\"[vc_row content_placement=&#8221;middle&#8221; css=&#8221;.vc_custom_1724253349164{padding-bottom: 60px !important;}&#8221;][vc_column][\/vc_column][\/vc_row][vc_row][vc_column][vc_column_text css=&#8221;&#8221;][\/vc_column_text][\/vc_column][\/vc_row]\" \/>\n<meta property=\"og:url\" content=\"https:\/\/ntbxray.com\/en\/faq\/\" \/>\n<meta property=\"og:site_name\" content=\"NTB XRAY, Digitale R\u00f6ntgenkameras und R\u00f6ntgen-Systeme f\u00fcr R\u00f6ntgenuntersuchungen, digitale R\u00f6ntgenbilder\" \/>\n<meta property=\"article:modified_time\" content=\"2025-02-10T11:27:28+00:00\" \/>\n<meta name=\"twitter:card\" content=\"summary_large_image\" \/>\n<meta name=\"twitter:label1\" content=\"Est. reading time\" \/>\n\t<meta name=\"twitter:data1\" content=\"1 minute\" \/>\n<script type=\"application\/ld+json\" class=\"yoast-schema-graph\">{\"@context\":\"https:\/\/schema.org\",\"@graph\":[{\"@type\":\"WebPage\",\"@id\":\"https:\/\/ntbxray.com\/en\/faq\/\",\"url\":\"https:\/\/ntbxray.com\/en\/faq\/\",\"name\":\"FAQ - NTB XRAY, Digitale R\u00f6ntgenkameras und R\u00f6ntgen-Systeme f\u00fcr R\u00f6ntgenuntersuchungen, digitale R\u00f6ntgenbilder\",\"isPartOf\":{\"@id\":\"https:\/\/ntbxray.com\/en\/#website\"},\"datePublished\":\"2024-08-05T09:08:31+00:00\",\"dateModified\":\"2025-02-10T11:27:28+00:00\",\"breadcrumb\":{\"@id\":\"https:\/\/ntbxray.com\/en\/faq\/#breadcrumb\"},\"inLanguage\":\"en-US\",\"potentialAction\":[{\"@type\":\"ReadAction\",\"target\":[\"https:\/\/ntbxray.com\/en\/faq\/\"]}]},{\"@type\":\"BreadcrumbList\",\"@id\":\"https:\/\/ntbxray.com\/en\/faq\/#breadcrumb\",\"itemListElement\":[{\"@type\":\"ListItem\",\"position\":1,\"name\":\"Startseite\",\"item\":\"https:\/\/ntbxray.com\/en\/\"},{\"@type\":\"ListItem\",\"position\":2,\"name\":\"FAQ\"}]},{\"@type\":\"WebSite\",\"@id\":\"https:\/\/ntbxray.com\/en\/#website\",\"url\":\"https:\/\/ntbxray.com\/en\/\",\"name\":\"NTB XRAY, Digitale R\u00f6ntgenkameras und R\u00f6ntgen-Systeme f\u00fcr R\u00f6ntgenuntersuchungen, digitale R\u00f6ntgenbilder\",\"description\":\"\",\"publisher\":{\"@id\":\"https:\/\/ntbxray.com\/en\/#organization\"},\"potentialAction\":[{\"@type\":\"SearchAction\",\"target\":{\"@type\":\"EntryPoint\",\"urlTemplate\":\"https:\/\/ntbxray.com\/en\/?s={search_term_string}\"},\"query-input\":{\"@type\":\"PropertyValueSpecification\",\"valueRequired\":true,\"valueName\":\"search_term_string\"}}],\"inLanguage\":\"en-US\"},{\"@type\":\"Organization\",\"@id\":\"https:\/\/ntbxray.com\/en\/#organization\",\"name\":\"NTB XRAY, Digitale R\u00f6ntgenkameras und R\u00f6ntgen-Systeme f\u00fcr R\u00f6ntgenuntersuchungen, digitale R\u00f6ntgenbilder\",\"url\":\"https:\/\/ntbxray.com\/en\/\",\"logo\":{\"@type\":\"ImageObject\",\"inLanguage\":\"en-US\",\"@id\":\"https:\/\/ntbxray.com\/en\/#\/schema\/logo\/image\/\",\"url\":\"https:\/\/ntbxray.com\/com_ntbxray\/wp-content\/uploads\/2024\/07\/Logo_NTB_200.png\",\"contentUrl\":\"https:\/\/ntbxray.com\/com_ntbxray\/wp-content\/uploads\/2024\/07\/Logo_NTB_200.png\",\"width\":200,\"height\":86,\"caption\":\"NTB XRAY, Digitale R\u00f6ntgenkameras und R\u00f6ntgen-Systeme f\u00fcr R\u00f6ntgenuntersuchungen, digitale R\u00f6ntgenbilder\"},\"image\":{\"@id\":\"https:\/\/ntbxray.com\/en\/#\/schema\/logo\/image\/\"},\"sameAs\":[\"https:\/\/www.instagram.com\/ntbxray\",\"https:\/\/www.youtube.com\/channel\/UCf6OaEnyndr_l6nSHcn91TA\"]}]}<\/script>\n<!-- \/ Yoast SEO plugin. -->","yoast_head_json":{"title":"FAQ - NTB XRAY, Digitale R\u00f6ntgenkameras und R\u00f6ntgen-Systeme f\u00fcr R\u00f6ntgenuntersuchungen, digitale R\u00f6ntgenbilder","robots":{"index":"index","follow":"follow","max-snippet":"max-snippet:-1","max-image-preview":"max-image-preview:large","max-video-preview":"max-video-preview:-1"},"canonical":"https:\/\/ntbxray.com\/en\/faq\/","og_locale":"en_US","og_type":"article","og_title":"FAQ - NTB XRAY, Digitale R\u00f6ntgenkameras und R\u00f6ntgen-Systeme f\u00fcr R\u00f6ntgenuntersuchungen, digitale R\u00f6ntgenbilder","og_description":"[vc_row content_placement=&#8221;middle&#8221; css=&#8221;.vc_custom_1724253349164{padding-bottom: 60px !important;}&#8221;][vc_column][\/vc_column][\/vc_row][vc_row][vc_column][vc_column_text css=&#8221;&#8221;][\/vc_column_text][\/vc_column][\/vc_row]","og_url":"https:\/\/ntbxray.com\/en\/faq\/","og_site_name":"NTB XRAY, Digitale R\u00f6ntgenkameras und R\u00f6ntgen-Systeme f\u00fcr R\u00f6ntgenuntersuchungen, digitale R\u00f6ntgenbilder","article_modified_time":"2025-02-10T11:27:28+00:00","twitter_card":"summary_large_image","twitter_misc":{"Est. reading time":"1 minute"},"schema":{"@context":"https:\/\/schema.org","@graph":[{"@type":"WebPage","@id":"https:\/\/ntbxray.com\/en\/faq\/","url":"https:\/\/ntbxray.com\/en\/faq\/","name":"FAQ - NTB XRAY, Digitale R\u00f6ntgenkameras und R\u00f6ntgen-Systeme f\u00fcr R\u00f6ntgenuntersuchungen, digitale R\u00f6ntgenbilder","isPartOf":{"@id":"https:\/\/ntbxray.com\/en\/#website"},"datePublished":"2024-08-05T09:08:31+00:00","dateModified":"2025-02-10T11:27:28+00:00","breadcrumb":{"@id":"https:\/\/ntbxray.com\/en\/faq\/#breadcrumb"},"inLanguage":"en-US","potentialAction":[{"@type":"ReadAction","target":["https:\/\/ntbxray.com\/en\/faq\/"]}]},{"@type":"BreadcrumbList","@id":"https:\/\/ntbxray.com\/en\/faq\/#breadcrumb","itemListElement":[{"@type":"ListItem","position":1,"name":"Startseite","item":"https:\/\/ntbxray.com\/en\/"},{"@type":"ListItem","position":2,"name":"FAQ"}]},{"@type":"WebSite","@id":"https:\/\/ntbxray.com\/en\/#website","url":"https:\/\/ntbxray.com\/en\/","name":"NTB XRAY, Digitale R\u00f6ntgenkameras und R\u00f6ntgen-Systeme f\u00fcr R\u00f6ntgenuntersuchungen, digitale R\u00f6ntgenbilder","description":"","publisher":{"@id":"https:\/\/ntbxray.com\/en\/#organization"},"potentialAction":[{"@type":"SearchAction","target":{"@type":"EntryPoint","urlTemplate":"https:\/\/ntbxray.com\/en\/?s={search_term_string}"},"query-input":{"@type":"PropertyValueSpecification","valueRequired":true,"valueName":"search_term_string"}}],"inLanguage":"en-US"},{"@type":"Organization","@id":"https:\/\/ntbxray.com\/en\/#organization","name":"NTB XRAY, Digitale R\u00f6ntgenkameras und R\u00f6ntgen-Systeme f\u00fcr R\u00f6ntgenuntersuchungen, digitale R\u00f6ntgenbilder","url":"https:\/\/ntbxray.com\/en\/","logo":{"@type":"ImageObject","inLanguage":"en-US","@id":"https:\/\/ntbxray.com\/en\/#\/schema\/logo\/image\/","url":"https:\/\/ntbxray.com\/com_ntbxray\/wp-content\/uploads\/2024\/07\/Logo_NTB_200.png","contentUrl":"https:\/\/ntbxray.com\/com_ntbxray\/wp-content\/uploads\/2024\/07\/Logo_NTB_200.png","width":200,"height":86,"caption":"NTB XRAY, Digitale R\u00f6ntgenkameras und R\u00f6ntgen-Systeme f\u00fcr R\u00f6ntgenuntersuchungen, digitale R\u00f6ntgenbilder"},"image":{"@id":"https:\/\/ntbxray.com\/en\/#\/schema\/logo\/image\/"},"sameAs":["https:\/\/www.instagram.com\/ntbxray","https:\/\/www.youtube.com\/channel\/UCf6OaEnyndr_l6nSHcn91TA"]}]}},"_links":{"self":[{"href":"https:\/\/ntbxray.com\/en\/wp-json\/wp\/v2\/pages\/2993","targetHints":{"allow":["GET"]}}],"collection":[{"href":"https:\/\/ntbxray.com\/en\/wp-json\/wp\/v2\/pages"}],"about":[{"href":"https:\/\/ntbxray.com\/en\/wp-json\/wp\/v2\/types\/page"}],"author":[{"embeddable":true,"href":"https:\/\/ntbxray.com\/en\/wp-json\/wp\/v2\/users\/1"}],"replies":[{"embeddable":true,"href":"https:\/\/ntbxray.com\/en\/wp-json\/wp\/v2\/comments?post=2993"}],"version-history":[{"count":7,"href":"https:\/\/ntbxray.com\/en\/wp-json\/wp\/v2\/pages\/2993\/revisions"}],"predecessor-version":[{"id":3192,"href":"https:\/\/ntbxray.com\/en\/wp-json\/wp\/v2\/pages\/2993\/revisions\/3192"}],"wp:attachment":[{"href":"https:\/\/ntbxray.com\/en\/wp-json\/wp\/v2\/media?parent=2993"}],"curies":[{"name":"wp","href":"https:\/\/api.w.org\/{rel}","templated":true}]}}