{"id":3006,"date":"2024-08-14T14:49:20","date_gmt":"2024-08-14T12:49:20","guid":{"rendered":"https:\/\/ntbxray.com\/products\/digital-x-ray-camera\/technical-specifications-camera\/"},"modified":"2025-02-10T11:44:45","modified_gmt":"2025-02-10T10:44:45","slug":"technical-specifications-camera","status":"publish","type":"page","link":"https:\/\/ntbxray.com\/en\/products\/digital-x-ray-camera\/technical-specifications-camera\/","title":{"rendered":"Technical specifications camera"},"content":{"rendered":"<div class=\"wpb-content-wrapper\"><p>[vc_row css=&#8221;.vc_custom_1723639599429{padding-bottom: 70px !important;}&#8221;][vc_column]<div id=\"ultimate-heading-482169e471252ce42\" class=\"uvc-heading ult-adjust-bottom-margin ultimate-heading-482169e471252ce42 uvc-8651  uvc-heading-default-font-sizes\" data-hspacer=\"no_spacer\"  data-halign=\"center\" style=\"text-align:center\"><div class=\"uvc-heading-spacer no_spacer\" style=\"top\"><\/div><div class=\"uvc-main-heading ult-responsive\"  data-ultimate-target='.uvc-heading.ultimate-heading-482169e471252ce42 h1'  data-responsive-json-new='{\"font-size\":\"\",\"line-height\":\"\"}' ><h1 style=\"--font-weight:theme;\">Technical data<\/h1><\/div><div class=\"uvc-sub-heading ult-responsive\"  data-ultimate-target='.uvc-heading.ultimate-heading-482169e471252ce42 .uvc-sub-heading '  data-responsive-json-new='{\"font-size\":\"\",\"line-height\":\"\"}'  style=\"font-weight:normal;margin-top:15px;\"><span style=\"color: #000000;\">Performance overview of SEZ camera types<\/span><\/div><\/div>[\/vc_column][\/vc_row][vc_row css_animation=&#8221;zoomIn&#8221;][vc_column][vc_tabs interval=&#8221;0&#8243;][vc_tab title=&#8221;T3 Series up to 160 kV&#8221; tab_id=&#8221;e54ce3d1-242f-5&#8243;][vc_column_text css=&#8221;&#8221;]\n<table id=\"tablepress-15\" class=\"tablepress tablepress-id-15 tbody-has-connected-cells\">\n<thead>\n<tr class=\"row-1\">\n\t<th class=\"column-1\">Camera type<\/th><th class=\"column-2\">T3-80<\/th><th class=\"column-3\">T3-160<\/th><th class=\"column-4\">T3-320<\/th><th class=\"column-5\">T3- 480<\/th><th class=\"column-6\">T3-640<\/th><th class=\"column-7\">T3-X<\/th>\n<\/tr>\n<\/thead>\n<tbody class=\"row-striping row-hover\">\n<tr class=\"row-2\">\n\t<td class=\"column-1\"><strong>Resolution<\/strong><\/td><td colspan=\"6\" class=\"column-2\"><center>max. 83 \u00b5m = 12 Pixel\/mm = 6 Line pairs\/mm<\/center><\/td>\n<\/tr>\n<tr class=\"row-3\">\n\t<td class=\"column-1\"><strong>Pixels per sensor line<\/strong><\/td><td class=\"column-2\">926<\/td><td class=\"column-3\">1854<\/td><td class=\"column-4\">3710<\/td><td class=\"column-5\">5566<\/td><td class=\"column-6\">7422<\/td><td class=\"column-7\">**<\/td>\n<\/tr>\n<tr class=\"row-4\">\n\t<td class=\"column-1\"><strong>Effective sensor length<br> (vertical image size)<\/strong><\/td><td class=\"column-2\">79 mm<\/td><td class=\"column-3\">157 mm<\/td><td class=\"column-4\">314 mm<\/td><td class=\"column-5\">471 mm<\/td><td class=\"column-6\">628 mm<\/td><td class=\"column-7\">...<\/td>\n<\/tr>\n<tr class=\"row-5\">\n\t<td class=\"column-1\"><strong>Horizontal image width<\/strong><\/td><td colspan=\"6\" class=\"column-2\"><center>unlimited<\/center><\/td>\n<\/tr>\n<tr class=\"row-6\">\n\t<td class=\"column-1\"><strong>Energy range<\/strong><\/td><td colspan=\"6\" class=\"column-2\"><center>20 kV - 160 kV<\/center><\/td>\n<\/tr>\n<tr class=\"row-7\">\n\t<td class=\"column-1\"><strong>Exposure time per line<\/strong><\/td><td colspan=\"6\" class=\"column-2\"><center>1 ms - 4000 ms<\/center><\/td>\n<\/tr>\n<tr class=\"row-8\">\n\t<td class=\"column-1\"><strong>Dynamic range<\/strong><\/td><td colspan=\"6\" class=\"column-2\"><center>12 bit = 4096 Grayscale<\/center><\/td>\n<\/tr>\n<tr class=\"row-9\">\n\t<td class=\"column-1\"><strong>Camera length<\/strong><\/td><td class=\"column-2\">100 mm<\/td><td class=\"column-3\">180 mm<\/td><td class=\"column-4\">340 mm<\/td><td class=\"column-5\">480 mm<\/td><td class=\"column-6\">640 mm<\/td><td class=\"column-7\">...<\/td>\n<\/tr>\n<tr class=\"row-10\">\n\t<td class=\"column-1\"><strong>Camera height<\/strong><\/td><td colspan=\"6\" class=\"column-2\"><center>34 mm<\/center><\/td>\n<\/tr>\n<tr class=\"row-11\">\n\t<td class=\"column-1\"><strong>Camera width<\/strong><\/td><td colspan=\"6\" class=\"column-2\"><center>80 mm<\/center><\/td>\n<\/tr>\n<\/tbody>\n<\/table>\n<!-- #tablepress-15 from cache -->[\/vc_column_text][\/vc_tab][vc_tab title=&#8221;W1 Series up to 225 kV&#8221; tab_id=&#8221;ac98699e-8c3e-10&#8243;][vc_column_text css=&#8221;&#8221;]\n<table id=\"tablepress-16\" class=\"tablepress tablepress-id-16 tbody-has-connected-cells\">\n<thead>\n<tr class=\"row-1\">\n\t<th class=\"column-1\"><strong>Camera type<\/strong><\/th><th class=\"column-2\"><strong>W1-80<\/strong><\/th><th class=\"column-3\"><strong>W1-160<\/strong><\/th><th class=\"column-4\"><strong>W1-320<\/strong><\/th><th class=\"column-5\"><strong>W1-480<\/strong><\/th><th class=\"column-6\"><strong>W1-640<\/strong><\/th><th class=\"column-7\"><strong>W1-X<\/strong><\/th>\n<\/tr>\n<\/thead>\n<tbody class=\"row-striping row-hover\">\n<tr class=\"row-2\">\n\t<td class=\"column-1\"><strong>Resolution<\/strong><\/td><td colspan=\"6\" class=\"column-2\"><center>max. 83 \u00b5m = 12 Pixel\/mm = 6 Line pairs\/mm<\/center><\/td>\n<\/tr>\n<tr class=\"row-3\">\n\t<td class=\"column-1\"><strong>Pixels per sensor line<\/strong><\/td><td class=\"column-2\">926<\/td><td class=\"column-3\">1854<\/td><td class=\"column-4\">3710<\/td><td class=\"column-5\">5566<\/td><td class=\"column-6\">7422<\/td><td class=\"column-7\">**<\/td>\n<\/tr>\n<tr class=\"row-4\">\n\t<td class=\"column-1\"><strong>Effective sensor length<\/br><br \/>\n(vertical image size) <\/strong><\/td><td class=\"column-2\">79 mm<\/td><td class=\"column-3\">157 mm<\/td><td class=\"column-4\">314 mm<\/td><td class=\"column-5\">471 mm<\/td><td class=\"column-6\">628 mm<\/td><td class=\"column-7\">...<\/td>\n<\/tr>\n<tr class=\"row-5\">\n\t<td class=\"column-1\"><strong>Horizontal image width<\/strong><\/td><td colspan=\"6\" class=\"column-2\"><center>unlimited<\/center><\/td>\n<\/tr>\n<tr class=\"row-6\">\n\t<td class=\"column-1\"><strong>Energy range<\/strong><\/td><td colspan=\"6\" class=\"column-2\"><center>20 kV - 225 kV<\/center><\/td>\n<\/tr>\n<tr class=\"row-7\">\n\t<td class=\"column-1\"><strong>Exposure time per line<\/strong><\/td><td colspan=\"6\" class=\"column-2\"><center>1 ms - 4000 ms <\/center><\/td>\n<\/tr>\n<tr class=\"row-8\">\n\t<td class=\"column-1\"><strong>Dynamic range<\/strong><\/td><td colspan=\"6\" class=\"column-2\"><center>12 bit = 4096 Grayscale  <\/center><\/td>\n<\/tr>\n<tr class=\"row-9\">\n\t<td class=\"column-1\"><strong>Camera length<\/strong><\/td><td class=\"column-2\">104 mm<\/td><td class=\"column-3\">184 mm<\/td><td class=\"column-4\">344 mm<\/td><td class=\"column-5\">500 mm<\/td><td class=\"column-6\">660 mm<\/td><td class=\"column-7\">...<\/td>\n<\/tr>\n<tr class=\"row-10\">\n\t<td class=\"column-1\"><strong>Camera hight<\/strong><\/td><td colspan=\"6\" class=\"column-2\"><center>37 mm<\/center><\/td>\n<\/tr>\n<tr class=\"row-11\">\n\t<td class=\"column-1\"><strong>Camera width<\/strong><\/td><td colspan=\"6\" class=\"column-2\"><center>80 mm<\/center><\/td>\n<\/tr>\n<\/tbody>\n<\/table>\n<!-- #tablepress-16 from cache --><\/p>\n<p>[\/vc_column_text][\/vc_tab][vc_tab title=&#8221;W2 Series up to 320 kV&#8221; tab_id=&#8221;1723646358155-2-7&#8243;][vc_column_text css=&#8221;&#8221;]\n<table id=\"tablepress-17\" class=\"tablepress tablepress-id-17 tbody-has-connected-cells\">\n<thead>\n<tr class=\"row-1\">\n\t<th class=\"column-1\"><strong>Camera type<\/strong><\/th><th class=\"column-2\"><strong>W2-80<\/strong><\/th><th class=\"column-3\"><strong>W2-160<\/strong><\/th><th class=\"column-4\"><strong>W2-320<\/strong><\/th><th class=\"column-5\"><strong>W2-480<\/strong><\/th><th class=\"column-6\"><strong>W2-640<\/strong><\/th><th class=\"column-7\"><strong>W2-X<\/strong><\/th>\n<\/tr>\n<\/thead>\n<tbody class=\"row-striping row-hover\">\n<tr class=\"row-2\">\n\t<td class=\"column-1\"><strong>Resolution<\/strong><\/td><td colspan=\"6\" class=\"column-2\"><center>max. 83 \u00b5m = 12 Pixel\/mm = 6 Line pair\/mm<\/center><\/td>\n<\/tr>\n<tr class=\"row-3\">\n\t<td class=\"column-1\"><strong>Pixels per sensor line<\/strong><\/td><td class=\"column-2\">926<\/td><td class=\"column-3\">1854<\/td><td class=\"column-4\">3710<\/td><td class=\"column-5\">5566<\/td><td class=\"column-6\">7422<\/td><td class=\"column-7\">**<\/td>\n<\/tr>\n<tr class=\"row-4\">\n\t<td class=\"column-1\"><strong>Effective sensor length<\/br><br \/>\n(vertical image size)<\/strong><\/td><td class=\"column-2\">79 mm<\/td><td class=\"column-3\">157 mm<\/td><td class=\"column-4\">314 mm<\/td><td class=\"column-5\">471 mm<\/td><td class=\"column-6\">628 mm<\/td><td class=\"column-7\">...<\/td>\n<\/tr>\n<tr class=\"row-5\">\n\t<td class=\"column-1\"><strong>Horizontal image width<\/strong><\/td><td colspan=\"6\" class=\"column-2\"><center>unlimited<\/center><\/td>\n<\/tr>\n<tr class=\"row-6\">\n\t<td class=\"column-1\"><strong>Energy range<\/strong><\/td><td colspan=\"6\" class=\"column-2\"><center>20 kV - 320 kV<\/center><\/td>\n<\/tr>\n<tr class=\"row-7\">\n\t<td class=\"column-1\"><strong>Exposure time per line<\/strong><\/td><td colspan=\"6\" class=\"column-2\"><center>1 ms - 4000 ms <\/center><\/td>\n<\/tr>\n<tr class=\"row-8\">\n\t<td class=\"column-1\"><strong>Dynamic range<\/strong><\/td><td colspan=\"6\" class=\"column-2\"><center>12 bit = 4096 Greyscale  <\/center><\/td>\n<\/tr>\n<tr class=\"row-9\">\n\t<td class=\"column-1\"><strong>Camera length<\/strong><\/td><td class=\"column-2\">104 mm<\/td><td class=\"column-3\">184 mm<\/td><td class=\"column-4\">344 mm<\/td><td class=\"column-5\">500 mm<\/td><td class=\"column-6\">660 mm<\/td><td class=\"column-7\">...<\/td>\n<\/tr>\n<tr class=\"row-10\">\n\t<td class=\"column-1\"><strong>Camera hight<\/strong><\/td><td colspan=\"6\" class=\"column-2\"><center>37 mm<\/center><\/td>\n<\/tr>\n<tr class=\"row-11\">\n\t<td class=\"column-1\"><strong>Camera width<\/strong><\/td><td colspan=\"6\" class=\"column-2\"><center>80 mm<\/center><\/td>\n<\/tr>\n<\/tbody>\n<\/table>\n<!-- #tablepress-17 from cache --><\/p>\n<p>[\/vc_column_text][\/vc_tab][vc_tab title=&#8221;W3 Series up to 450 kV&#8221; tab_id=&#8221;1723646433603-3-7&#8243;][vc_column_text css=&#8221;&#8221;]\n<table id=\"tablepress-18\" class=\"tablepress tablepress-id-18 tbody-has-connected-cells\">\n<thead>\n<tr class=\"row-1\">\n\t<th class=\"column-1\"><strong>Camera type<\/strong><\/th><th class=\"column-2\"><strong>W3-80<\/strong><\/th><th class=\"column-3\"><strong>W3-160<\/strong><\/th><th class=\"column-4\"><strong>W3-320<\/strong><\/th><th class=\"column-5\"><strong>W3-480<\/strong><\/th><th class=\"column-6\"><strong>W3-640<\/strong><\/th><th class=\"column-7\"><strong>W3-X<\/strong><\/th>\n<\/tr>\n<\/thead>\n<tbody class=\"row-striping row-hover\">\n<tr class=\"row-2\">\n\t<td class=\"column-1\"><strong>Resolution<\/strong><\/td><td colspan=\"6\" class=\"column-2\"><center>max. 83 \u00b5m = 12 Pixel\/mm = 6 Line pair\/mm<\/center><\/td>\n<\/tr>\n<tr class=\"row-3\">\n\t<td class=\"column-1\"><strong>Pixels per sensor line<\/strong><\/td><td class=\"column-2\">926<\/td><td class=\"column-3\">1854<\/td><td class=\"column-4\">3710<\/td><td class=\"column-5\">5566<\/td><td class=\"column-6\">7422<\/td><td class=\"column-7\">**<\/td>\n<\/tr>\n<tr class=\"row-4\">\n\t<td class=\"column-1\"><strong>Effective sensor length<\/br><br \/>\n(vertical image size) <\/strong><\/td><td class=\"column-2\">79 mm<\/td><td class=\"column-3\">157 mm<\/td><td class=\"column-4\">314 mm<\/td><td class=\"column-5\">471 mm<\/td><td class=\"column-6\">628 mm<\/td><td class=\"column-7\">...<\/td>\n<\/tr>\n<tr class=\"row-5\">\n\t<td class=\"column-1\"><strong>Horizontal image width<\/strong><\/td><td colspan=\"6\" class=\"column-2\"><center>unlimited<\/center><\/td>\n<\/tr>\n<tr class=\"row-6\">\n\t<td class=\"column-1\"><strong>Energy range<\/strong><\/td><td colspan=\"6\" class=\"column-2\"><center>20 kV - 450 kV<\/center><\/td>\n<\/tr>\n<tr class=\"row-7\">\n\t<td class=\"column-1\"><strong>Exposure time per line<\/strong><\/td><td colspan=\"6\" class=\"column-2\"><center>1 ms - 4000 ms <\/center><\/td>\n<\/tr>\n<tr class=\"row-8\">\n\t<td class=\"column-1\"><strong>Dynamic range<br \/>\n<\/strong><\/td><td colspan=\"6\" class=\"column-2\"><center>12 bit = 4096 Grayscale  <\/center><\/td>\n<\/tr>\n<tr class=\"row-9\">\n\t<td class=\"column-1\"><strong>Camera length<\/strong><\/td><td class=\"column-2\">104 mm<\/td><td class=\"column-3\">184 mm<\/td><td class=\"column-4\">344 mm<\/td><td class=\"column-5\">500 mm<\/td><td class=\"column-6\">660 mm<\/td><td class=\"column-7\">...<\/td>\n<\/tr>\n<tr class=\"row-10\">\n\t<td class=\"column-1\"><strong>Camera height<\/strong><\/td><td colspan=\"6\" class=\"column-2\"><center>42 mm<\/center><\/td>\n<\/tr>\n<tr class=\"row-11\">\n\t<td class=\"column-1\"><strong>Camera width<\/strong><\/td><td colspan=\"6\" class=\"column-2\"><center>80 mm<\/center><\/td>\n<\/tr>\n<tr class=\"row-12\">\n\t<td class=\"column-1\"><\/td><td class=\"column-2\"><\/td><td class=\"column-3\"><\/td><td class=\"column-4\"><\/td><td class=\"column-5\"><\/td><td class=\"column-6\"><\/td><td class=\"column-7\"><\/td>\n<\/tr>\n<\/tbody>\n<\/table>\n<!-- #tablepress-18 from cache --><\/p>\n<p>[\/vc_column_text][\/vc_tab][\/vc_tabs][vc_separator border_width=&#8221;2&#8243; css=&#8221;.vc_custom_1724065998940{padding-top: 5px !important;}&#8221;][\/vc_column][\/vc_row]<\/p>\n<\/div>","protected":false},"excerpt":{"rendered":"<p>[vc_row css=&#8221;.vc_custom_1723639599429{padding-bottom: 70px !important;}&#8221;][vc_column][\/vc_column][\/vc_row][vc_row css_animation=&#8221;zoomIn&#8221;][vc_column][vc_tabs interval=&#8221;0&#8243;][vc_tab title=&#8221;T3 Series up to 160 kV&#8221; tab_id=&#8221;e54ce3d1-242f-5&#8243;][vc_column_text css=&#8221;&#8221;][\/vc_column_text][\/vc_tab][vc_tab title=&#8221;W1 Series up to 225 kV&#8221; tab_id=&#8221;ac98699e-8c3e-10&#8243;][vc_column_text css=&#8221;&#8221;] [\/vc_column_text][\/vc_tab][vc_tab title=&#8221;W2 Series up to 320 kV&#8221; tab_id=&#8221;1723646358155-2-7&#8243;][vc_column_text css=&#8221;&#8221;] [\/vc_column_text][\/vc_tab][vc_tab title=&#8221;W3 Series up to 450 kV&#8221; tab_id=&#8221;1723646433603-3-7&#8243;][vc_column_text css=&#8221;&#8221;] [\/vc_column_text][\/vc_tab][\/vc_tabs][vc_separator border_width=&#8221;2&#8243; css=&#8221;.vc_custom_1724065998940{padding-top: 5px !important;}&#8221;][\/vc_column][\/vc_row]<\/p>\n","protected":false},"author":1,"featured_media":0,"parent":2983,"menu_order":0,"comment_status":"closed","ping_status":"closed","template":"","meta":{"footnotes":""},"class_list":["post-3006","page","type-page","status-publish","hentry","description-off"],"yoast_head":"<!-- This site is optimized with the Yoast SEO plugin v27.2 - https:\/\/yoast.com\/product\/yoast-seo-wordpress\/ -->\n<title>Technical specifications camera - NTB XRAY, Digitale R\u00f6ntgenkameras und R\u00f6ntgen-Systeme f\u00fcr R\u00f6ntgenuntersuchungen, digitale R\u00f6ntgenbilder<\/title>\n<meta name=\"description\" content=\"Performance overview of the various SEZ camera types from NTB elektronische Ger\u00e4te GmbH. Info: +49 5445 98 48 0\" \/>\n<meta name=\"robots\" content=\"index, follow, max-snippet:-1, max-image-preview:large, max-video-preview:-1\" \/>\n<link rel=\"canonical\" href=\"https:\/\/ntbxray.com\/en\/products\/digital-x-ray-camera\/technical-specifications-camera\/\" \/>\n<meta property=\"og:locale\" content=\"en_US\" \/>\n<meta property=\"og:type\" content=\"article\" \/>\n<meta property=\"og:title\" content=\"Technical specifications camera - NTB XRAY, Digitale R\u00f6ntgenkameras und R\u00f6ntgen-Systeme f\u00fcr R\u00f6ntgenuntersuchungen, digitale R\u00f6ntgenbilder\" \/>\n<meta property=\"og:description\" content=\"Performance overview of the various SEZ camera types from NTB elektronische Ger\u00e4te GmbH. Info: +49 5445 98 48 0\" \/>\n<meta property=\"og:url\" content=\"https:\/\/ntbxray.com\/en\/products\/digital-x-ray-camera\/technical-specifications-camera\/\" \/>\n<meta property=\"og:site_name\" content=\"NTB XRAY, Digitale R\u00f6ntgenkameras und R\u00f6ntgen-Systeme f\u00fcr R\u00f6ntgenuntersuchungen, digitale R\u00f6ntgenbilder\" \/>\n<meta property=\"article:modified_time\" content=\"2025-02-10T10:44:45+00:00\" \/>\n<meta name=\"twitter:card\" content=\"summary_large_image\" \/>\n<meta name=\"twitter:label1\" content=\"Est. reading time\" \/>\n\t<meta name=\"twitter:data1\" content=\"1 minute\" \/>\n<script type=\"application\/ld+json\" class=\"yoast-schema-graph\">{\"@context\":\"https:\/\/schema.org\",\"@graph\":[{\"@type\":\"WebPage\",\"@id\":\"https:\/\/ntbxray.com\/en\/products\/digital-x-ray-camera\/technical-specifications-camera\/\",\"url\":\"https:\/\/ntbxray.com\/en\/products\/digital-x-ray-camera\/technical-specifications-camera\/\",\"name\":\"Technical specifications camera - NTB XRAY, Digitale R\u00f6ntgenkameras und R\u00f6ntgen-Systeme f\u00fcr R\u00f6ntgenuntersuchungen, digitale R\u00f6ntgenbilder\",\"isPartOf\":{\"@id\":\"https:\/\/ntbxray.com\/en\/#website\"},\"datePublished\":\"2024-08-14T12:49:20+00:00\",\"dateModified\":\"2025-02-10T10:44:45+00:00\",\"description\":\"Performance overview of the various SEZ camera types from NTB elektronische Ger\u00e4te GmbH. Info: +49 5445 98 48 0\",\"breadcrumb\":{\"@id\":\"https:\/\/ntbxray.com\/en\/products\/digital-x-ray-camera\/technical-specifications-camera\/#breadcrumb\"},\"inLanguage\":\"en-US\",\"potentialAction\":[{\"@type\":\"ReadAction\",\"target\":[\"https:\/\/ntbxray.com\/en\/products\/digital-x-ray-camera\/technical-specifications-camera\/\"]}]},{\"@type\":\"BreadcrumbList\",\"@id\":\"https:\/\/ntbxray.com\/en\/products\/digital-x-ray-camera\/technical-specifications-camera\/#breadcrumb\",\"itemListElement\":[{\"@type\":\"ListItem\",\"position\":1,\"name\":\"Startseite\",\"item\":\"https:\/\/ntbxray.com\/en\/\"},{\"@type\":\"ListItem\",\"position\":2,\"name\":\"Products\",\"item\":\"https:\/\/ntbxray.com\/en\/products\/\"},{\"@type\":\"ListItem\",\"position\":3,\"name\":\"Digital X-ray camera\",\"item\":\"https:\/\/ntbxray.com\/en\/products\/digital-x-ray-camera\/\"},{\"@type\":\"ListItem\",\"position\":4,\"name\":\"Technical specifications camera\"}]},{\"@type\":\"WebSite\",\"@id\":\"https:\/\/ntbxray.com\/en\/#website\",\"url\":\"https:\/\/ntbxray.com\/en\/\",\"name\":\"NTB XRAY, Digitale R\u00f6ntgenkameras und R\u00f6ntgen-Systeme f\u00fcr R\u00f6ntgenuntersuchungen, digitale R\u00f6ntgenbilder\",\"description\":\"\",\"publisher\":{\"@id\":\"https:\/\/ntbxray.com\/en\/#organization\"},\"potentialAction\":[{\"@type\":\"SearchAction\",\"target\":{\"@type\":\"EntryPoint\",\"urlTemplate\":\"https:\/\/ntbxray.com\/en\/?s={search_term_string}\"},\"query-input\":{\"@type\":\"PropertyValueSpecification\",\"valueRequired\":true,\"valueName\":\"search_term_string\"}}],\"inLanguage\":\"en-US\"},{\"@type\":\"Organization\",\"@id\":\"https:\/\/ntbxray.com\/en\/#organization\",\"name\":\"NTB XRAY, Digitale R\u00f6ntgenkameras und R\u00f6ntgen-Systeme f\u00fcr R\u00f6ntgenuntersuchungen, digitale R\u00f6ntgenbilder\",\"url\":\"https:\/\/ntbxray.com\/en\/\",\"logo\":{\"@type\":\"ImageObject\",\"inLanguage\":\"en-US\",\"@id\":\"https:\/\/ntbxray.com\/en\/#\/schema\/logo\/image\/\",\"url\":\"https:\/\/ntbxray.com\/com_ntbxray\/wp-content\/uploads\/2024\/07\/Logo_NTB_200.png\",\"contentUrl\":\"https:\/\/ntbxray.com\/com_ntbxray\/wp-content\/uploads\/2024\/07\/Logo_NTB_200.png\",\"width\":200,\"height\":86,\"caption\":\"NTB XRAY, Digitale R\u00f6ntgenkameras und R\u00f6ntgen-Systeme f\u00fcr R\u00f6ntgenuntersuchungen, digitale R\u00f6ntgenbilder\"},\"image\":{\"@id\":\"https:\/\/ntbxray.com\/en\/#\/schema\/logo\/image\/\"},\"sameAs\":[\"https:\/\/www.instagram.com\/ntbxray\",\"https:\/\/www.youtube.com\/channel\/UCf6OaEnyndr_l6nSHcn91TA\"]}]}<\/script>\n<!-- \/ Yoast SEO plugin. -->","yoast_head_json":{"title":"Technical specifications camera - NTB XRAY, Digitale R\u00f6ntgenkameras und R\u00f6ntgen-Systeme f\u00fcr R\u00f6ntgenuntersuchungen, digitale R\u00f6ntgenbilder","description":"Performance overview of the various SEZ camera types from NTB elektronische Ger\u00e4te GmbH. Info: +49 5445 98 48 0","robots":{"index":"index","follow":"follow","max-snippet":"max-snippet:-1","max-image-preview":"max-image-preview:large","max-video-preview":"max-video-preview:-1"},"canonical":"https:\/\/ntbxray.com\/en\/products\/digital-x-ray-camera\/technical-specifications-camera\/","og_locale":"en_US","og_type":"article","og_title":"Technical specifications camera - NTB XRAY, Digitale R\u00f6ntgenkameras und R\u00f6ntgen-Systeme f\u00fcr R\u00f6ntgenuntersuchungen, digitale R\u00f6ntgenbilder","og_description":"Performance overview of the various SEZ camera types from NTB elektronische Ger\u00e4te GmbH. Info: +49 5445 98 48 0","og_url":"https:\/\/ntbxray.com\/en\/products\/digital-x-ray-camera\/technical-specifications-camera\/","og_site_name":"NTB XRAY, Digitale R\u00f6ntgenkameras und R\u00f6ntgen-Systeme f\u00fcr R\u00f6ntgenuntersuchungen, digitale R\u00f6ntgenbilder","article_modified_time":"2025-02-10T10:44:45+00:00","twitter_card":"summary_large_image","twitter_misc":{"Est. reading time":"1 minute"},"schema":{"@context":"https:\/\/schema.org","@graph":[{"@type":"WebPage","@id":"https:\/\/ntbxray.com\/en\/products\/digital-x-ray-camera\/technical-specifications-camera\/","url":"https:\/\/ntbxray.com\/en\/products\/digital-x-ray-camera\/technical-specifications-camera\/","name":"Technical specifications camera - NTB XRAY, Digitale R\u00f6ntgenkameras und R\u00f6ntgen-Systeme f\u00fcr R\u00f6ntgenuntersuchungen, digitale R\u00f6ntgenbilder","isPartOf":{"@id":"https:\/\/ntbxray.com\/en\/#website"},"datePublished":"2024-08-14T12:49:20+00:00","dateModified":"2025-02-10T10:44:45+00:00","description":"Performance overview of the various SEZ camera types from NTB elektronische Ger\u00e4te GmbH. Info: +49 5445 98 48 0","breadcrumb":{"@id":"https:\/\/ntbxray.com\/en\/products\/digital-x-ray-camera\/technical-specifications-camera\/#breadcrumb"},"inLanguage":"en-US","potentialAction":[{"@type":"ReadAction","target":["https:\/\/ntbxray.com\/en\/products\/digital-x-ray-camera\/technical-specifications-camera\/"]}]},{"@type":"BreadcrumbList","@id":"https:\/\/ntbxray.com\/en\/products\/digital-x-ray-camera\/technical-specifications-camera\/#breadcrumb","itemListElement":[{"@type":"ListItem","position":1,"name":"Startseite","item":"https:\/\/ntbxray.com\/en\/"},{"@type":"ListItem","position":2,"name":"Products","item":"https:\/\/ntbxray.com\/en\/products\/"},{"@type":"ListItem","position":3,"name":"Digital X-ray camera","item":"https:\/\/ntbxray.com\/en\/products\/digital-x-ray-camera\/"},{"@type":"ListItem","position":4,"name":"Technical specifications camera"}]},{"@type":"WebSite","@id":"https:\/\/ntbxray.com\/en\/#website","url":"https:\/\/ntbxray.com\/en\/","name":"NTB XRAY, Digitale R\u00f6ntgenkameras und R\u00f6ntgen-Systeme f\u00fcr R\u00f6ntgenuntersuchungen, digitale R\u00f6ntgenbilder","description":"","publisher":{"@id":"https:\/\/ntbxray.com\/en\/#organization"},"potentialAction":[{"@type":"SearchAction","target":{"@type":"EntryPoint","urlTemplate":"https:\/\/ntbxray.com\/en\/?s={search_term_string}"},"query-input":{"@type":"PropertyValueSpecification","valueRequired":true,"valueName":"search_term_string"}}],"inLanguage":"en-US"},{"@type":"Organization","@id":"https:\/\/ntbxray.com\/en\/#organization","name":"NTB XRAY, Digitale R\u00f6ntgenkameras und R\u00f6ntgen-Systeme f\u00fcr R\u00f6ntgenuntersuchungen, digitale R\u00f6ntgenbilder","url":"https:\/\/ntbxray.com\/en\/","logo":{"@type":"ImageObject","inLanguage":"en-US","@id":"https:\/\/ntbxray.com\/en\/#\/schema\/logo\/image\/","url":"https:\/\/ntbxray.com\/com_ntbxray\/wp-content\/uploads\/2024\/07\/Logo_NTB_200.png","contentUrl":"https:\/\/ntbxray.com\/com_ntbxray\/wp-content\/uploads\/2024\/07\/Logo_NTB_200.png","width":200,"height":86,"caption":"NTB XRAY, Digitale R\u00f6ntgenkameras und R\u00f6ntgen-Systeme f\u00fcr R\u00f6ntgenuntersuchungen, digitale R\u00f6ntgenbilder"},"image":{"@id":"https:\/\/ntbxray.com\/en\/#\/schema\/logo\/image\/"},"sameAs":["https:\/\/www.instagram.com\/ntbxray","https:\/\/www.youtube.com\/channel\/UCf6OaEnyndr_l6nSHcn91TA"]}]}},"_links":{"self":[{"href":"https:\/\/ntbxray.com\/en\/wp-json\/wp\/v2\/pages\/3006","targetHints":{"allow":["GET"]}}],"collection":[{"href":"https:\/\/ntbxray.com\/en\/wp-json\/wp\/v2\/pages"}],"about":[{"href":"https:\/\/ntbxray.com\/en\/wp-json\/wp\/v2\/types\/page"}],"author":[{"embeddable":true,"href":"https:\/\/ntbxray.com\/en\/wp-json\/wp\/v2\/users\/1"}],"replies":[{"embeddable":true,"href":"https:\/\/ntbxray.com\/en\/wp-json\/wp\/v2\/comments?post=3006"}],"version-history":[{"count":8,"href":"https:\/\/ntbxray.com\/en\/wp-json\/wp\/v2\/pages\/3006\/revisions"}],"predecessor-version":[{"id":3178,"href":"https:\/\/ntbxray.com\/en\/wp-json\/wp\/v2\/pages\/3006\/revisions\/3178"}],"up":[{"embeddable":true,"href":"https:\/\/ntbxray.com\/en\/wp-json\/wp\/v2\/pages\/2983"}],"wp:attachment":[{"href":"https:\/\/ntbxray.com\/en\/wp-json\/wp\/v2\/media?parent=3006"}],"curies":[{"name":"wp","href":"https:\/\/api.w.org\/{rel}","templated":true}]}}