{"id":3232,"date":"2025-06-16T11:28:46","date_gmt":"2025-06-16T09:28:46","guid":{"rendered":"https:\/\/ntbxray.com\/dealers\/"},"modified":"2025-10-27T11:12:01","modified_gmt":"2025-10-27T10:12:01","slug":"distributors","status":"publish","type":"page","link":"https:\/\/ntbxray.com\/en\/contact\/distributors\/","title":{"rendered":"Distributors"},"content":{"rendered":"<div class=\"wpb-content-wrapper\"><p>[vc_row css=&#8221;.vc_custom_1761558849849{padding-bottom: 40px !important;}&#8221;][vc_column width=&#8221;2\/3&#8243;]<div id=\"ultimate-heading-635769e1a89964a30\" class=\"uvc-heading ult-adjust-bottom-margin ultimate-heading-635769e1a89964a30 uvc-746  uvc-heading-default-font-sizes\" data-hspacer=\"no_spacer\"  data-halign=\"left\" style=\"text-align:left\"><div class=\"uvc-heading-spacer no_spacer\" style=\"top\"><\/div><div class=\"uvc-main-heading ult-responsive\"  data-ultimate-target='.uvc-heading.ultimate-heading-635769e1a89964a30 h2'  data-responsive-json-new='{\"font-size\":\"\",\"line-height\":\"\"}' ><h2 style=\"--font-weight:theme;\">Distributors in China:<\/h2><\/div><\/div>[\/vc_column][vc_column width=&#8221;1\/3&#8243;][\/vc_column][\/vc_row][vc_row css=&#8221;.vc_custom_1761558862397{padding-bottom: 70px !important;}&#8221;][vc_column width=&#8221;1\/3&#8243; css=&#8221;.vc_custom_1761559863057{padding-top: 20px !important;}&#8221;][vc_single_image image=&#8221;3230&#8243; img_size=&#8221;full&#8221; add_caption=&#8221;yes&#8221; alignment=&#8221;center&#8221; onclick=&#8221;custom_link&#8221; img_link_target=&#8221;_blank&#8221; css=&#8221;.vc_custom_1761035762931{border-radius: 3px !important;border-color: #103B61 !important;}&#8221; link=&#8221;http:\/\/www.lind.cn\/&#8221; el_class=&#8221;border&#8221;][vc_column_text css=&#8221;.vc_custom_1761034442571{padding-top: 30px !important;}&#8221;]<\/p>\n<h3>Lind Company<\/h3>\n<p>A1211, No.20 Gangwan Street, Zhongshan Dist., Dalian City,<\/p>\n<p>Liaoning Province<br \/>\nP.R.China<\/p>\n<p>Tel: 0411-82767933<br \/>\nFax: 0411-62287077<\/p>\n<p><a href=\"http:\/\/www.lind.cn\/\">http:\/\/www.lind.cn\/<\/a>[\/vc_column_text][\/vc_column][vc_column width=&#8221;1\/3&#8243; css=&#8221;.vc_custom_1761559878452{padding-top: 20px !important;}&#8221;][vc_single_image image=&#8221;3275&#8243; img_size=&#8221;270x110px&#8221; add_caption=&#8221;yes&#8221; alignment=&#8221;center&#8221; onclick=&#8221;custom_link&#8221; img_link_target=&#8221;_blank&#8221; css=&#8221;.vc_custom_1761036180645{padding: 15px !important;border-radius: 3px !important;border-color: #103B61 !important;}&#8221; link=&#8221;http:\/\/www.ltndt.com\/&#8221; el_class=&#8221;border&#8221;][vc_column_text css=&#8221;.vc_custom_1761035693264{padding-top: 30px !important;}&#8221;]<\/p>\n<h3>Dandong Light Electric Co., Ltd<\/h3>\n<p>Add: 70 &#8211; 28 Wenqing Road, Xincheng District, Dandong City,<br \/>\nLiaoning Province, China 118009<br \/>\nTel: + 86 &#8211; 415 &#8211; 6123232<br \/>\nMobile: +86 &#8211; 13942552669<br \/>\nE: sun@ltndt.com<br \/>\n<a href=\"http:\/\/www.ltndt.com\/\">http:\/\/www.ltndt.com\/<\/a>[\/vc_column_text][\/vc_column][vc_column width=&#8221;1\/3&#8243; css=&#8221;.vc_custom_1761559887132{padding-top: 20px !important;}&#8221;][\/vc_column][\/vc_row][vc_row css=&#8221;.vc_custom_1761559009632{padding-bottom: 70px !important;}&#8221;][vc_column]<div id=\"ultimate-heading-685169e1a89964b31\" class=\"uvc-heading ult-adjust-bottom-margin ultimate-heading-685169e1a89964b31 uvc-4596  uvc-heading-default-font-sizes\" data-hspacer=\"no_spacer\"  data-halign=\"left\" style=\"text-align:left\"><div class=\"uvc-heading-spacer no_spacer\" style=\"top\"><\/div><div class=\"uvc-main-heading ult-responsive\"  data-ultimate-target='.uvc-heading.ultimate-heading-685169e1a89964b31 h2'  data-responsive-json-new='{\"font-size\":\"\",\"line-height\":\"\"}' ><h2 style=\"--font-weight:theme;margin-bottom:40px;\">Distributors in Korea:<\/h2><\/div><\/div>[vc_row_inner][vc_column_inner width=&#8221;1\/3&#8243; css=&#8221;.vc_custom_1761559898728{padding-top: 20px !important;}&#8221;][vc_single_image image=&#8221;3297&#8243; img_size=&#8221;270x110px&#8221; add_caption=&#8221;yes&#8221; alignment=&#8221;center&#8221; onclick=&#8221;custom_link&#8221; img_link_target=&#8221;_blank&#8221; css=&#8221;.vc_custom_1761036827770{padding-top: 15px !important;padding-right: 15px !important;padding-bottom: 15px !important;padding-left: 15px !important;border-radius: 3px !important;border-color: #103B61 !important;}&#8221; link=&#8221;https:\/\/www.softex-kk.co.jp\/en\/company\/outline.html&#8221; el_class=&#8221;border&#8221;][vc_column_text css=&#8221;.vc_custom_1761037043724{padding-top: 30px !important;}&#8221;]<\/p>\n<h3>SOFTEX KOREA CO.,LTD.<\/h3>\n<p>#704, Daebang Triplaon B, 158, Haneulmaeul-ro, Ilsandong-gu, Goyang-si,<\/p>\n<p>Gyeonggi-do, 10355, Rep. of Korea<\/p>\n<p>Tel : +82-31-908-0046<br \/>\nFax : +82-31-908-9876<br \/>\ne-mail : xray@softex.co.kr<br \/>\n<a href=\"https:\/\/www.softex-kk.co.jp\/en\/company\/outline.html\">https:\/\/www.softex-kk.co.jp\/en\/company\/outline.html<\/a>[\/vc_column_text][\/vc_column_inner][vc_column_inner width=&#8221;1\/3&#8243; css=&#8221;.vc_custom_1761559910176{padding-top: 20px !important;}&#8221;][\/vc_column_inner][vc_column_inner width=&#8221;1\/3&#8243; css=&#8221;.vc_custom_1761559920880{padding-top: 20px !important;}&#8221;][\/vc_column_inner][\/vc_row_inner][\/vc_column][\/vc_row]<\/p>\n<\/div>","protected":false},"excerpt":{"rendered":"<p>[vc_row css=&#8221;.vc_custom_1761558849849{padding-bottom: 40px !important;}&#8221;][vc_column width=&#8221;2\/3&#8243;][\/vc_column][vc_column width=&#8221;1\/3&#8243;][\/vc_column][\/vc_row][vc_row css=&#8221;.vc_custom_1761558862397{padding-bottom: 70px !important;}&#8221;][vc_column width=&#8221;1\/3&#8243; css=&#8221;.vc_custom_1761559863057{padding-top: 20px !important;}&#8221;][vc_single_image image=&#8221;3230&#8243; img_size=&#8221;full&#8221; add_caption=&#8221;yes&#8221; alignment=&#8221;center&#8221; onclick=&#8221;custom_link&#8221; img_link_target=&#8221;_blank&#8221; css=&#8221;.vc_custom_1761035762931{border-radius: 3px !important;border-color: #103B61 !important;}&#8221; link=&#8221;http:\/\/www.lind.cn\/&#8221; el_class=&#8221;border&#8221;][vc_column_text css=&#8221;.vc_custom_1761034442571{padding-top: 30px !important;}&#8221;] Lind Company A1211, No.20 Gangwan Street, Zhongshan Dist., Dalian City, Liaoning Province P.R.China Tel: 0411-82767933 Fax: 0411-62287077 http:\/\/www.lind.cn\/[\/vc_column_text][\/vc_column][vc_column width=&#8221;1\/3&#8243; css=&#8221;.vc_custom_1761559878452{padding-top: 20px !important;}&#8221;][vc_single_image image=&#8221;3275&#8243; img_size=&#8221;270x110px&#8221; add_caption=&#8221;yes&#8221; alignment=&#8221;center&#8221;&hellip;<\/p>\n","protected":false},"author":1,"featured_media":0,"parent":2957,"menu_order":0,"comment_status":"closed","ping_status":"closed","template":"","meta":{"footnotes":""},"class_list":["post-3232","page","type-page","status-publish","hentry","description-off"],"yoast_head":"<!-- This site is optimized with the Yoast SEO plugin v27.2 - https:\/\/yoast.com\/product\/yoast-seo-wordpress\/ -->\n<title>Distributors - NTB XRAY, Digitale R\u00f6ntgenkameras und R\u00f6ntgen-Systeme f\u00fcr R\u00f6ntgenuntersuchungen, digitale R\u00f6ntgenbilder<\/title>\n<meta name=\"robots\" content=\"index, follow, max-snippet:-1, max-image-preview:large, max-video-preview:-1\" \/>\n<link rel=\"canonical\" href=\"https:\/\/ntbxray.com\/en\/contact\/distributors\/\" \/>\n<meta property=\"og:locale\" content=\"en_US\" \/>\n<meta property=\"og:type\" content=\"article\" \/>\n<meta property=\"og:title\" content=\"Distributors - NTB XRAY, Digitale R\u00f6ntgenkameras und R\u00f6ntgen-Systeme f\u00fcr R\u00f6ntgenuntersuchungen, digitale R\u00f6ntgenbilder\" \/>\n<meta property=\"og:description\" content=\"[vc_row css=&#8221;.vc_custom_1761558849849{padding-bottom: 40px !important;}&#8221;][vc_column width=&#8221;2\/3&#8243;][\/vc_column][vc_column width=&#8221;1\/3&#8243;][\/vc_column][\/vc_row][vc_row css=&#8221;.vc_custom_1761558862397{padding-bottom: 70px !important;}&#8221;][vc_column width=&#8221;1\/3&#8243; css=&#8221;.vc_custom_1761559863057{padding-top: 20px !important;}&#8221;][vc_single_image image=&#8221;3230&#8243; img_size=&#8221;full&#8221; add_caption=&#8221;yes&#8221; alignment=&#8221;center&#8221; onclick=&#8221;custom_link&#8221; img_link_target=&#8221;_blank&#8221; css=&#8221;.vc_custom_1761035762931{border-radius: 3px !important;border-color: #103B61 !important;}&#8221; link=&#8221;http:\/\/www.lind.cn\/&#8221; el_class=&#8221;border&#8221;][vc_column_text css=&#8221;.vc_custom_1761034442571{padding-top: 30px !important;}&#8221;] Lind Company A1211, No.20 Gangwan Street, Zhongshan Dist., Dalian City, Liaoning Province P.R.China Tel: 0411-82767933 Fax: 0411-62287077 http:\/\/www.lind.cn\/[\/vc_column_text][\/vc_column][vc_column width=&#8221;1\/3&#8243; css=&#8221;.vc_custom_1761559878452{padding-top: 20px !important;}&#8221;][vc_single_image image=&#8221;3275&#8243; img_size=&#8221;270x110px&#8221; add_caption=&#8221;yes&#8221; alignment=&#8221;center&#8221;&hellip;\" \/>\n<meta property=\"og:url\" content=\"https:\/\/ntbxray.com\/en\/contact\/distributors\/\" \/>\n<meta property=\"og:site_name\" content=\"NTB XRAY, Digitale R\u00f6ntgenkameras und R\u00f6ntgen-Systeme f\u00fcr R\u00f6ntgenuntersuchungen, digitale R\u00f6ntgenbilder\" \/>\n<meta property=\"article:modified_time\" content=\"2025-10-27T10:12:01+00:00\" \/>\n<meta name=\"twitter:card\" content=\"summary_large_image\" \/>\n<meta name=\"twitter:label1\" content=\"Est. reading time\" \/>\n\t<meta name=\"twitter:data1\" content=\"2 minutes\" \/>\n<script type=\"application\/ld+json\" class=\"yoast-schema-graph\">{\"@context\":\"https:\/\/schema.org\",\"@graph\":[{\"@type\":\"WebPage\",\"@id\":\"https:\/\/ntbxray.com\/en\/contact\/distributors\/\",\"url\":\"https:\/\/ntbxray.com\/en\/contact\/distributors\/\",\"name\":\"Distributors - NTB XRAY, Digitale R\u00f6ntgenkameras und R\u00f6ntgen-Systeme f\u00fcr R\u00f6ntgenuntersuchungen, digitale R\u00f6ntgenbilder\",\"isPartOf\":{\"@id\":\"https:\/\/ntbxray.com\/en\/#website\"},\"datePublished\":\"2025-06-16T09:28:46+00:00\",\"dateModified\":\"2025-10-27T10:12:01+00:00\",\"breadcrumb\":{\"@id\":\"https:\/\/ntbxray.com\/en\/contact\/distributors\/#breadcrumb\"},\"inLanguage\":\"en-US\",\"potentialAction\":[{\"@type\":\"ReadAction\",\"target\":[\"https:\/\/ntbxray.com\/en\/contact\/distributors\/\"]}]},{\"@type\":\"BreadcrumbList\",\"@id\":\"https:\/\/ntbxray.com\/en\/contact\/distributors\/#breadcrumb\",\"itemListElement\":[{\"@type\":\"ListItem\",\"position\":1,\"name\":\"Startseite\",\"item\":\"https:\/\/ntbxray.com\/en\/\"},{\"@type\":\"ListItem\",\"position\":2,\"name\":\"Contact\",\"item\":\"https:\/\/ntbxray.com\/en\/contact\/\"},{\"@type\":\"ListItem\",\"position\":3,\"name\":\"Distributors\"}]},{\"@type\":\"WebSite\",\"@id\":\"https:\/\/ntbxray.com\/en\/#website\",\"url\":\"https:\/\/ntbxray.com\/en\/\",\"name\":\"NTB XRAY, Digitale R\u00f6ntgenkameras und R\u00f6ntgen-Systeme f\u00fcr R\u00f6ntgenuntersuchungen, digitale R\u00f6ntgenbilder\",\"description\":\"\",\"publisher\":{\"@id\":\"https:\/\/ntbxray.com\/en\/#organization\"},\"potentialAction\":[{\"@type\":\"SearchAction\",\"target\":{\"@type\":\"EntryPoint\",\"urlTemplate\":\"https:\/\/ntbxray.com\/en\/?s={search_term_string}\"},\"query-input\":{\"@type\":\"PropertyValueSpecification\",\"valueRequired\":true,\"valueName\":\"search_term_string\"}}],\"inLanguage\":\"en-US\"},{\"@type\":\"Organization\",\"@id\":\"https:\/\/ntbxray.com\/en\/#organization\",\"name\":\"NTB XRAY, Digitale R\u00f6ntgenkameras und R\u00f6ntgen-Systeme f\u00fcr R\u00f6ntgenuntersuchungen, digitale R\u00f6ntgenbilder\",\"url\":\"https:\/\/ntbxray.com\/en\/\",\"logo\":{\"@type\":\"ImageObject\",\"inLanguage\":\"en-US\",\"@id\":\"https:\/\/ntbxray.com\/en\/#\/schema\/logo\/image\/\",\"url\":\"https:\/\/ntbxray.com\/com_ntbxray\/wp-content\/uploads\/2024\/07\/Logo_NTB_200.png\",\"contentUrl\":\"https:\/\/ntbxray.com\/com_ntbxray\/wp-content\/uploads\/2024\/07\/Logo_NTB_200.png\",\"width\":200,\"height\":86,\"caption\":\"NTB XRAY, Digitale R\u00f6ntgenkameras und R\u00f6ntgen-Systeme f\u00fcr R\u00f6ntgenuntersuchungen, digitale R\u00f6ntgenbilder\"},\"image\":{\"@id\":\"https:\/\/ntbxray.com\/en\/#\/schema\/logo\/image\/\"},\"sameAs\":[\"https:\/\/www.instagram.com\/ntbxray\",\"https:\/\/www.youtube.com\/channel\/UCf6OaEnyndr_l6nSHcn91TA\"]}]}<\/script>\n<!-- \/ Yoast SEO plugin. -->","yoast_head_json":{"title":"Distributors - NTB XRAY, Digitale R\u00f6ntgenkameras und R\u00f6ntgen-Systeme f\u00fcr R\u00f6ntgenuntersuchungen, digitale R\u00f6ntgenbilder","robots":{"index":"index","follow":"follow","max-snippet":"max-snippet:-1","max-image-preview":"max-image-preview:large","max-video-preview":"max-video-preview:-1"},"canonical":"https:\/\/ntbxray.com\/en\/contact\/distributors\/","og_locale":"en_US","og_type":"article","og_title":"Distributors - NTB XRAY, Digitale R\u00f6ntgenkameras und R\u00f6ntgen-Systeme f\u00fcr R\u00f6ntgenuntersuchungen, digitale R\u00f6ntgenbilder","og_description":"[vc_row css=&#8221;.vc_custom_1761558849849{padding-bottom: 40px !important;}&#8221;][vc_column width=&#8221;2\/3&#8243;][\/vc_column][vc_column width=&#8221;1\/3&#8243;][\/vc_column][\/vc_row][vc_row css=&#8221;.vc_custom_1761558862397{padding-bottom: 70px !important;}&#8221;][vc_column width=&#8221;1\/3&#8243; css=&#8221;.vc_custom_1761559863057{padding-top: 20px !important;}&#8221;][vc_single_image image=&#8221;3230&#8243; img_size=&#8221;full&#8221; add_caption=&#8221;yes&#8221; alignment=&#8221;center&#8221; onclick=&#8221;custom_link&#8221; img_link_target=&#8221;_blank&#8221; css=&#8221;.vc_custom_1761035762931{border-radius: 3px !important;border-color: #103B61 !important;}&#8221; link=&#8221;http:\/\/www.lind.cn\/&#8221; el_class=&#8221;border&#8221;][vc_column_text css=&#8221;.vc_custom_1761034442571{padding-top: 30px !important;}&#8221;] Lind Company A1211, No.20 Gangwan Street, Zhongshan Dist., Dalian City, Liaoning Province P.R.China Tel: 0411-82767933 Fax: 0411-62287077 http:\/\/www.lind.cn\/[\/vc_column_text][\/vc_column][vc_column width=&#8221;1\/3&#8243; css=&#8221;.vc_custom_1761559878452{padding-top: 20px !important;}&#8221;][vc_single_image image=&#8221;3275&#8243; img_size=&#8221;270x110px&#8221; add_caption=&#8221;yes&#8221; alignment=&#8221;center&#8221;&hellip;","og_url":"https:\/\/ntbxray.com\/en\/contact\/distributors\/","og_site_name":"NTB XRAY, Digitale R\u00f6ntgenkameras und R\u00f6ntgen-Systeme f\u00fcr R\u00f6ntgenuntersuchungen, digitale R\u00f6ntgenbilder","article_modified_time":"2025-10-27T10:12:01+00:00","twitter_card":"summary_large_image","twitter_misc":{"Est. reading time":"2 minutes"},"schema":{"@context":"https:\/\/schema.org","@graph":[{"@type":"WebPage","@id":"https:\/\/ntbxray.com\/en\/contact\/distributors\/","url":"https:\/\/ntbxray.com\/en\/contact\/distributors\/","name":"Distributors - NTB XRAY, Digitale R\u00f6ntgenkameras und R\u00f6ntgen-Systeme f\u00fcr R\u00f6ntgenuntersuchungen, digitale R\u00f6ntgenbilder","isPartOf":{"@id":"https:\/\/ntbxray.com\/en\/#website"},"datePublished":"2025-06-16T09:28:46+00:00","dateModified":"2025-10-27T10:12:01+00:00","breadcrumb":{"@id":"https:\/\/ntbxray.com\/en\/contact\/distributors\/#breadcrumb"},"inLanguage":"en-US","potentialAction":[{"@type":"ReadAction","target":["https:\/\/ntbxray.com\/en\/contact\/distributors\/"]}]},{"@type":"BreadcrumbList","@id":"https:\/\/ntbxray.com\/en\/contact\/distributors\/#breadcrumb","itemListElement":[{"@type":"ListItem","position":1,"name":"Startseite","item":"https:\/\/ntbxray.com\/en\/"},{"@type":"ListItem","position":2,"name":"Contact","item":"https:\/\/ntbxray.com\/en\/contact\/"},{"@type":"ListItem","position":3,"name":"Distributors"}]},{"@type":"WebSite","@id":"https:\/\/ntbxray.com\/en\/#website","url":"https:\/\/ntbxray.com\/en\/","name":"NTB XRAY, Digitale R\u00f6ntgenkameras und R\u00f6ntgen-Systeme f\u00fcr R\u00f6ntgenuntersuchungen, digitale R\u00f6ntgenbilder","description":"","publisher":{"@id":"https:\/\/ntbxray.com\/en\/#organization"},"potentialAction":[{"@type":"SearchAction","target":{"@type":"EntryPoint","urlTemplate":"https:\/\/ntbxray.com\/en\/?s={search_term_string}"},"query-input":{"@type":"PropertyValueSpecification","valueRequired":true,"valueName":"search_term_string"}}],"inLanguage":"en-US"},{"@type":"Organization","@id":"https:\/\/ntbxray.com\/en\/#organization","name":"NTB XRAY, Digitale R\u00f6ntgenkameras und R\u00f6ntgen-Systeme f\u00fcr R\u00f6ntgenuntersuchungen, digitale R\u00f6ntgenbilder","url":"https:\/\/ntbxray.com\/en\/","logo":{"@type":"ImageObject","inLanguage":"en-US","@id":"https:\/\/ntbxray.com\/en\/#\/schema\/logo\/image\/","url":"https:\/\/ntbxray.com\/com_ntbxray\/wp-content\/uploads\/2024\/07\/Logo_NTB_200.png","contentUrl":"https:\/\/ntbxray.com\/com_ntbxray\/wp-content\/uploads\/2024\/07\/Logo_NTB_200.png","width":200,"height":86,"caption":"NTB XRAY, Digitale R\u00f6ntgenkameras und R\u00f6ntgen-Systeme f\u00fcr R\u00f6ntgenuntersuchungen, digitale R\u00f6ntgenbilder"},"image":{"@id":"https:\/\/ntbxray.com\/en\/#\/schema\/logo\/image\/"},"sameAs":["https:\/\/www.instagram.com\/ntbxray","https:\/\/www.youtube.com\/channel\/UCf6OaEnyndr_l6nSHcn91TA"]}]}},"_links":{"self":[{"href":"https:\/\/ntbxray.com\/en\/wp-json\/wp\/v2\/pages\/3232","targetHints":{"allow":["GET"]}}],"collection":[{"href":"https:\/\/ntbxray.com\/en\/wp-json\/wp\/v2\/pages"}],"about":[{"href":"https:\/\/ntbxray.com\/en\/wp-json\/wp\/v2\/types\/page"}],"author":[{"embeddable":true,"href":"https:\/\/ntbxray.com\/en\/wp-json\/wp\/v2\/users\/1"}],"replies":[{"embeddable":true,"href":"https:\/\/ntbxray.com\/en\/wp-json\/wp\/v2\/comments?post=3232"}],"version-history":[{"count":55,"href":"https:\/\/ntbxray.com\/en\/wp-json\/wp\/v2\/pages\/3232\/revisions"}],"predecessor-version":[{"id":3328,"href":"https:\/\/ntbxray.com\/en\/wp-json\/wp\/v2\/pages\/3232\/revisions\/3328"}],"up":[{"embeddable":true,"href":"https:\/\/ntbxray.com\/en\/wp-json\/wp\/v2\/pages\/2957"}],"wp:attachment":[{"href":"https:\/\/ntbxray.com\/en\/wp-json\/wp\/v2\/media?parent=3232"}],"curies":[{"name":"wp","href":"https:\/\/api.w.org\/{rel}","templated":true}]}}